{"id":9432,"date":"2024-03-28T15:50:40","date_gmt":"2024-03-28T15:50:40","guid":{"rendered":"https:\/\/pg.swipeup.rs\/?page_id=9432"},"modified":"2024-03-28T15:51:57","modified_gmt":"2024-03-28T15:51:57","slug":"gojko-bozovic-biografija","status":"publish","type":"page","link":"https:\/\/proglas.co.rs\/en\/gojko-bozovic-biografija\/","title":{"rendered":"Gojko Bo\u017eovi\u0107 biography"},"content":{"rendered":"<div data-elementor-type=\"wp-page\" data-elementor-id=\"9432\" class=\"elementor elementor-9432\" data-elementor-post-type=\"page\">\n\t\t\t\t\t\t<section class=\"has_eae_slider elementor-section elementor-top-section elementor-element elementor-element-3867f2d elementor-section-boxed elementor-section-height-default elementor-section-height-default\" data-eae-slider=\"30822\" data-id=\"3867f2d\" data-element_type=\"section\" data-e-type=\"section\">\n\t\t\t\t\t\t<div class=\"elementor-container elementor-column-gap-default\">\n\t\t\t\t\t<div class=\"has_eae_slider elementor-column elementor-col-100 elementor-top-column elementor-element elementor-element-acaa99f\" data-eae-slider=\"31839\" data-id=\"acaa99f\" data-element_type=\"column\" data-e-type=\"column\">\n\t\t\t<div class=\"elementor-widget-wrap elementor-element-populated\">\n\t\t\t\t\t\t<div class=\"elementor-element elementor-element-06d83ba elementor-widget elementor-widget-heading\" data-id=\"06d83ba\" data-element_type=\"widget\" data-e-type=\"widget\" data-widget_type=\"heading.default\">\n\t\t\t\t<div class=\"elementor-widget-container\">\n\t\t\t\t\t<h2 class=\"elementor-heading-title elementor-size-default\">Gojko Bo\u017eovi\u0107 biography<\/h2>\t\t\t\t<\/div>\n\t\t\t\t<\/div>\n\t\t\t\t\t<\/div>\n\t\t<\/div>\n\t\t\t\t\t<\/div>\n\t\t<\/section>\n\t\t\t\t<section class=\"has_eae_slider elementor-section elementor-top-section elementor-element elementor-element-b7ae381 elementor-section-full_width elementor-section-height-default elementor-section-height-default\" data-eae-slider=\"12279\" data-id=\"b7ae381\" data-element_type=\"section\" data-e-type=\"section\">\n\t\t\t\t\t\t<div class=\"elementor-container elementor-column-gap-default\">\n\t\t\t\t\t<div class=\"has_eae_slider elementor-column elementor-col-100 elementor-top-column elementor-element elementor-element-b2ed0a6\" data-eae-slider=\"44797\" data-id=\"b2ed0a6\" data-element_type=\"column\" data-e-type=\"column\">\n\t\t\t<div class=\"elementor-widget-wrap elementor-element-populated\">\n\t\t\t\t\t\t<section class=\"has_eae_slider elementor-section elementor-inner-section elementor-element elementor-element-2700b91 elementor-section-boxed elementor-section-height-default elementor-section-height-default\" data-eae-slider=\"26698\" data-id=\"2700b91\" data-element_type=\"section\" data-e-type=\"section\">\n\t\t\t\t\t\t<div class=\"elementor-container elementor-column-gap-default\">\n\t\t\t\t\t<div class=\"has_eae_slider elementor-column elementor-col-50 elementor-inner-column elementor-element elementor-element-beae583\" data-eae-slider=\"98819\" data-id=\"beae583\" data-element_type=\"column\" data-e-type=\"column\">\n\t\t\t<div class=\"elementor-widget-wrap elementor-element-populated\">\n\t\t\t\t\t\t<div class=\"elementor-element elementor-element-63574d0 elementor-widget elementor-widget-image\" data-id=\"63574d0\" data-element_type=\"widget\" data-e-type=\"widget\" data-widget_type=\"image.default\">\n\t\t\t\t<div class=\"elementor-widget-container\">\n\t\t\t\t\t\t\t\t\t\t\t\t\t\t\t<img fetchpriority=\"high\" decoding=\"async\" width=\"640\" height=\"427\" src=\"https:\/\/proglas.co.rs\/wp-content\/uploads\/2024\/03\/NEB09003.jpg\" class=\"attachment-large size-large wp-image-9415\" alt=\"\" srcset=\"https:\/\/proglas.co.rs\/wp-content\/uploads\/2024\/03\/NEB09003.jpg 850w, https:\/\/proglas.co.rs\/wp-content\/uploads\/2024\/03\/NEB09003-300x200.jpg 300w, https:\/\/proglas.co.rs\/wp-content\/uploads\/2024\/03\/NEB09003-768x512.jpg 768w\" sizes=\"(max-width: 640px) 100vw, 640px\" \/>\t\t\t\t\t\t\t\t\t\t\t\t\t\t\t<\/div>\n\t\t\t\t<\/div>\n\t\t\t\t\t<\/div>\n\t\t<\/div>\n\t\t\t\t<div class=\"has_eae_slider elementor-column elementor-col-50 elementor-inner-column elementor-element elementor-element-4158a3e\" data-eae-slider=\"75272\" data-id=\"4158a3e\" data-element_type=\"column\" data-e-type=\"column\">\n\t\t\t<div class=\"elementor-widget-wrap elementor-element-populated\">\n\t\t\t\t\t\t<div class=\"elementor-element elementor-element-7192cdd elementor-widget elementor-widget-text-editor\" data-id=\"7192cdd\" data-element_type=\"widget\" data-e-type=\"widget\" data-widget_type=\"text-editor.default\">\n\t\t\t\t<div class=\"elementor-widget-container\">\n\t\t\t\t\t\t\t\t\t<p><strong>Gojko Bo\u017eovi\u0107<\/strong> (1972), poet, literary critic, essayist, publisher.<\/p><p>Books of poetry: <em>Underground Cinema<\/em> (1991), <em>Soul of Beasts<\/em> (1993), <em>Poems about Things<\/em> (1996), <em>Archipelago Publishing House<\/em>\u00a0(2002), <em>Elements<\/em>\u00a0(2006), <em>Nearby Deities<\/em> (2012), <em>Map <\/em>(2017), <em>Silent Creature of Noon <\/em>(selected poems and chronicles, 2019) and <em>As We Sink into Darkness<\/em> (2021).<\/p><p>Essay collections:\u00a0<em>Poetry in Time: On Serbian Poetry of the Second Half of the 20th Century<\/em>\u00a0(2000), <em>Places We Love: Essays on Serbian Poetry<\/em>\u00a0(2009), <em>Literature and Days<\/em> (2018), <em>Kingdoms Without Borders: Essays on Serbian Poetry of the 20th and 21st Centuries<\/em> (2019), <em>Toys of Destiny: Essays on Serbian Literature: 19th-21st Century <\/em>(2020), <em>Biographies and Scars: Ki\u0161, Peki\u0107, Ti\u0161ma<\/em> (2022) and <em>Genesis of the Poem<\/em> (2023).<\/p><p>Anthologies:\u00a0<em>Anthology of Contemporary Serbian Poetry<\/em>\u00a0(2005),\u00a0<em>Place We Love. An Anthology of Contemporary Serbian Poetry<\/em>\u00a0(2006, 2011) and\u00a0<em>The World Around Us: European Cities in New Serbian Short Stories<\/em> (2009, 2018).<\/p><p>Poetry awards: \"Mati\u0107's Scarf,\" \"Brana Cvetkovi\u0107,\" \"\u0110ura Jak\u0161i\u0107,\" \"Branko \u0106opi\u0107,\" \"Europa Giovani International Poetry Prize,\" \"Ko\u010di\u0107's Quill,\" \"Ko\u010di\u0107's Book,\" and \"Gra\u010danica Charter.\"<\/p><p>Essay award: \"Borislav Peki\u0107.\"<\/p><p>He received the \"Vitez Poziva\" award (2019) for his work in culture, literature, and publishing.<\/p><p>Poems and essays by Gojko Bo\u017eovi\u0107 have been translated into multiple languages.<\/p><p>Selected volumes of Gojko Bo\u017eovi\u0107's poems have been published in Macedonia, Bulgaria, Russia, Croatia, Ukraine, and Romania.<\/p><p>He is the founder and editor-in-chief of the\u00a0<em>Archipelago Publishing House<\/em> and <em>the Belgrade Festival of European Literature.<\/em>.<\/p><p>He lives in Belgrade.<\/p>\t\t\t\t\t\t\t\t<\/div>\n\t\t\t\t<\/div>\n\t\t\t\t\t<\/div>\n\t\t<\/div>\n\t\t\t\t\t<\/div>\n\t\t<\/section>\n\t\t\t\t\t<\/div>\n\t\t<\/div>\n\t\t\t\t\t<\/div>\n\t\t<\/section>\n\t\t\t\t<\/div>","protected":false},"excerpt":{"rendered":"<p>Gojko Bo\u017eovi\u0107 (1972), pesnik, knji\u017eevni kriti\u010dar, esejista, izdava\u010d. Knjige pesama: Podzemni bioskop (1991), Du\u0161a zveri (1993), Pesme o stvarima (1996), Arhipelag\u00a0(2002), Elementi\u00a0(2006), Obli\u017enja bo\u017eanstva (2012), Mapa (2017), Tiha zverka podneva (izabrane pesme i hronike, 2019) i Dok tonemo u mrak (2021). Knjige eseja:\u00a0Poezija u vremenu. O srpskoj poeziji druge polovine 20. veka\u00a0(2000), Mesta koja volimo. [&hellip;]<\/p>","protected":false},"author":1,"featured_media":0,"parent":0,"menu_order":0,"comment_status":"closed","ping_status":"closed","template":"elementor_header_footer","meta":{"footnotes":""},"class_list":["post-9432","page","type-page","status-publish","hentry"],"yoast_head":"<!-- This site is optimized with the Yoast SEO plugin v26.9 - https:\/\/yoast.com\/product\/yoast-seo-wordpress\/ -->\n<title>Gojko Bo\u017eovi\u0107 biografija - Proglas<\/title>\n<meta name=\"robots\" content=\"index, follow, max-snippet:-1, max-image-preview:large, max-video-preview:-1\" \/>\n<link rel=\"canonical\" href=\"https:\/\/proglas.co.rs\/en\/gojko-bozovic-biografija\/\" \/>\n<meta property=\"og:locale\" content=\"en_US\" \/>\n<meta property=\"og:type\" content=\"article\" \/>\n<meta property=\"og:title\" content=\"Gojko Bo\u017eovi\u0107 biografija - Proglas\" \/>\n<meta property=\"og:description\" content=\"Gojko Bo\u017eovi\u0107 (1972), pesnik, knji\u017eevni kriti\u010dar, esejista, izdava\u010d. Knjige pesama: Podzemni bioskop (1991), Du\u0161a zveri (1993), Pesme o stvarima (1996), Arhipelag\u00a0(2002), Elementi\u00a0(2006), Obli\u017enja bo\u017eanstva (2012), Mapa (2017), Tiha zverka podneva (izabrane pesme i hronike, 2019) i Dok tonemo u mrak (2021). Knjige eseja:\u00a0Poezija u vremenu. O srpskoj poeziji druge polovine 20. veka\u00a0(2000), Mesta koja volimo. [&hellip;]\" \/>\n<meta property=\"og:url\" content=\"https:\/\/proglas.co.rs\/en\/gojko-bozovic-biografija\/\" \/>\n<meta property=\"og:site_name\" content=\"Proglas\" \/>\n<meta property=\"article:publisher\" content=\"https:\/\/www.facebook.com\/pro.glas.rs?mibextid=9R9pXO\" \/>\n<meta property=\"article:modified_time\" content=\"2024-03-28T15:51:57+00:00\" \/>\n<meta property=\"og:image\" content=\"https:\/\/pg.swipeup.rs\/wp-content\/uploads\/2024\/03\/NEB09003.jpg\" \/>\n<meta name=\"twitter:card\" content=\"summary_large_image\" \/>\n<meta name=\"twitter:site\" content=\"@pro_glas_rs\" \/>\n<meta name=\"twitter:label1\" content=\"Est. reading time\" \/>\n\t<meta name=\"twitter:data1\" content=\"1 minute\" \/>\n<script type=\"application\/ld+json\" class=\"yoast-schema-graph\">{\"@context\":\"https:\/\/schema.org\",\"@graph\":[{\"@type\":\"WebPage\",\"@id\":\"https:\/\/proglas.co.rs\/gojko-bozovic-biografija\/\",\"url\":\"https:\/\/proglas.co.rs\/gojko-bozovic-biografija\/\",\"name\":\"Gojko Bo\u017eovi\u0107 biografija - Proglas\",\"isPartOf\":{\"@id\":\"https:\/\/proglas.co.rs\/#website\"},\"primaryImageOfPage\":{\"@id\":\"https:\/\/proglas.co.rs\/gojko-bozovic-biografija\/#primaryimage\"},\"image\":{\"@id\":\"https:\/\/proglas.co.rs\/gojko-bozovic-biografija\/#primaryimage\"},\"thumbnailUrl\":\"https:\/\/pg.swipeup.rs\/wp-content\/uploads\/2024\/03\/NEB09003.jpg\",\"datePublished\":\"2024-03-28T15:50:40+00:00\",\"dateModified\":\"2024-03-28T15:51:57+00:00\",\"breadcrumb\":{\"@id\":\"https:\/\/proglas.co.rs\/gojko-bozovic-biografija\/#breadcrumb\"},\"inLanguage\":\"en-US\",\"potentialAction\":[{\"@type\":\"ReadAction\",\"target\":[\"https:\/\/proglas.co.rs\/gojko-bozovic-biografija\/\"]}]},{\"@type\":\"ImageObject\",\"inLanguage\":\"en-US\",\"@id\":\"https:\/\/proglas.co.rs\/gojko-bozovic-biografija\/#primaryimage\",\"url\":\"https:\/\/pg.swipeup.rs\/wp-content\/uploads\/2024\/03\/NEB09003.jpg\",\"contentUrl\":\"https:\/\/pg.swipeup.rs\/wp-content\/uploads\/2024\/03\/NEB09003.jpg\"},{\"@type\":\"BreadcrumbList\",\"@id\":\"https:\/\/proglas.co.rs\/gojko-bozovic-biografija\/#breadcrumb\",\"itemListElement\":[{\"@type\":\"ListItem\",\"position\":1,\"name\":\"Po\u010detna\",\"item\":\"https:\/\/proglas.co.rs\/\"},{\"@type\":\"ListItem\",\"position\":2,\"name\":\"Gojko Bo\u017eovi\u0107 biografija\"}]},{\"@type\":\"WebSite\",\"@id\":\"https:\/\/proglas.co.rs\/#website\",\"url\":\"https:\/\/proglas.co.rs\/\",\"name\":\"Proglas\",\"description\":\"\",\"publisher\":{\"@id\":\"https:\/\/proglas.co.rs\/#organization\"},\"potentialAction\":[{\"@type\":\"SearchAction\",\"target\":{\"@type\":\"EntryPoint\",\"urlTemplate\":\"https:\/\/proglas.co.rs\/?s={search_term_string}\"},\"query-input\":{\"@type\":\"PropertyValueSpecification\",\"valueRequired\":true,\"valueName\":\"search_term_string\"}}],\"inLanguage\":\"en-US\"},{\"@type\":\"Organization\",\"@id\":\"https:\/\/proglas.co.rs\/#organization\",\"name\":\"Proglas\",\"url\":\"https:\/\/proglas.co.rs\/\",\"logo\":{\"@type\":\"ImageObject\",\"inLanguage\":\"en-US\",\"@id\":\"https:\/\/proglas.co.rs\/#\/schema\/logo\/image\/\",\"url\":\"https:\/\/proglas.co.rs\/wp-content\/uploads\/2024\/03\/prolgas-logo-png.webp\",\"contentUrl\":\"https:\/\/proglas.co.rs\/wp-content\/uploads\/2024\/03\/prolgas-logo-png.webp\",\"width\":388,\"height\":110,\"caption\":\"Proglas\"},\"image\":{\"@id\":\"https:\/\/proglas.co.rs\/#\/schema\/logo\/image\/\"},\"sameAs\":[\"https:\/\/www.facebook.com\/pro.glas.rs?mibextid=9R9pXO\",\"https:\/\/x.com\/pro_glas_rs\",\"https:\/\/www.tiktok.com\/@pro_glas_rs?_t=8hC7kX6SLDi&_r=1\",\"https:\/\/www.youtube.com\/@pro_glas_rs\/\",\"https:\/\/instagram.com\/pro_glas_rs?igshid=djcxcGp2emdveDBm\"]}]}<\/script>\n<!-- \/ Yoast SEO plugin. -->","yoast_head_json":{"title":"Gojko Bo\u017eovi\u0107 biografija - Proglas","robots":{"index":"index","follow":"follow","max-snippet":"max-snippet:-1","max-image-preview":"max-image-preview:large","max-video-preview":"max-video-preview:-1"},"canonical":"https:\/\/proglas.co.rs\/en\/gojko-bozovic-biografija\/","og_locale":"en_US","og_type":"article","og_title":"Gojko Bo\u017eovi\u0107 biografija - Proglas","og_description":"Gojko Bo\u017eovi\u0107 (1972), pesnik, knji\u017eevni kriti\u010dar, esejista, izdava\u010d. Knjige pesama: Podzemni bioskop (1991), Du\u0161a zveri (1993), Pesme o stvarima (1996), Arhipelag\u00a0(2002), Elementi\u00a0(2006), Obli\u017enja bo\u017eanstva (2012), Mapa (2017), Tiha zverka podneva (izabrane pesme i hronike, 2019) i Dok tonemo u mrak (2021). Knjige eseja:\u00a0Poezija u vremenu. O srpskoj poeziji druge polovine 20. veka\u00a0(2000), Mesta koja volimo. [&hellip;]","og_url":"https:\/\/proglas.co.rs\/en\/gojko-bozovic-biografija\/","og_site_name":"Proglas","article_publisher":"https:\/\/www.facebook.com\/pro.glas.rs?mibextid=9R9pXO","article_modified_time":"2024-03-28T15:51:57+00:00","og_image":[{"url":"https:\/\/pg.swipeup.rs\/wp-content\/uploads\/2024\/03\/NEB09003.jpg","type":"","width":"","height":""}],"twitter_card":"summary_large_image","twitter_site":"@pro_glas_rs","twitter_misc":{"Est. reading time":"1 minute"},"schema":{"@context":"https:\/\/schema.org","@graph":[{"@type":"WebPage","@id":"https:\/\/proglas.co.rs\/gojko-bozovic-biografija\/","url":"https:\/\/proglas.co.rs\/gojko-bozovic-biografija\/","name":"Gojko Bo\u017eovi\u0107 biografija - Proglas","isPartOf":{"@id":"https:\/\/proglas.co.rs\/#website"},"primaryImageOfPage":{"@id":"https:\/\/proglas.co.rs\/gojko-bozovic-biografija\/#primaryimage"},"image":{"@id":"https:\/\/proglas.co.rs\/gojko-bozovic-biografija\/#primaryimage"},"thumbnailUrl":"https:\/\/pg.swipeup.rs\/wp-content\/uploads\/2024\/03\/NEB09003.jpg","datePublished":"2024-03-28T15:50:40+00:00","dateModified":"2024-03-28T15:51:57+00:00","breadcrumb":{"@id":"https:\/\/proglas.co.rs\/gojko-bozovic-biografija\/#breadcrumb"},"inLanguage":"en-US","potentialAction":[{"@type":"ReadAction","target":["https:\/\/proglas.co.rs\/gojko-bozovic-biografija\/"]}]},{"@type":"ImageObject","inLanguage":"en-US","@id":"https:\/\/proglas.co.rs\/gojko-bozovic-biografija\/#primaryimage","url":"https:\/\/pg.swipeup.rs\/wp-content\/uploads\/2024\/03\/NEB09003.jpg","contentUrl":"https:\/\/pg.swipeup.rs\/wp-content\/uploads\/2024\/03\/NEB09003.jpg"},{"@type":"BreadcrumbList","@id":"https:\/\/proglas.co.rs\/gojko-bozovic-biografija\/#breadcrumb","itemListElement":[{"@type":"ListItem","position":1,"name":"Po\u010detna","item":"https:\/\/proglas.co.rs\/"},{"@type":"ListItem","position":2,"name":"Gojko Bo\u017eovi\u0107 biografija"}]},{"@type":"WebSite","@id":"https:\/\/proglas.co.rs\/#website","url":"https:\/\/proglas.co.rs\/","name":"Proglas","description":"","publisher":{"@id":"https:\/\/proglas.co.rs\/#organization"},"potentialAction":[{"@type":"SearchAction","target":{"@type":"EntryPoint","urlTemplate":"https:\/\/proglas.co.rs\/?s={search_term_string}"},"query-input":{"@type":"PropertyValueSpecification","valueRequired":true,"valueName":"search_term_string"}}],"inLanguage":"en-US"},{"@type":"Organization","@id":"https:\/\/proglas.co.rs\/#organization","name":"Proglas","url":"https:\/\/proglas.co.rs\/","logo":{"@type":"ImageObject","inLanguage":"en-US","@id":"https:\/\/proglas.co.rs\/#\/schema\/logo\/image\/","url":"https:\/\/proglas.co.rs\/wp-content\/uploads\/2024\/03\/prolgas-logo-png.webp","contentUrl":"https:\/\/proglas.co.rs\/wp-content\/uploads\/2024\/03\/prolgas-logo-png.webp","width":388,"height":110,"caption":"Proglas"},"image":{"@id":"https:\/\/proglas.co.rs\/#\/schema\/logo\/image\/"},"sameAs":["https:\/\/www.facebook.com\/pro.glas.rs?mibextid=9R9pXO","https:\/\/x.com\/pro_glas_rs","https:\/\/www.tiktok.com\/@pro_glas_rs?_t=8hC7kX6SLDi&_r=1","https:\/\/www.youtube.com\/@pro_glas_rs\/","https:\/\/instagram.com\/pro_glas_rs?igshid=djcxcGp2emdveDBm"]}]}},"_links":{"self":[{"href":"https:\/\/proglas.co.rs\/en\/wp-json\/wp\/v2\/pages\/9432","targetHints":{"allow":["GET"]}}],"collection":[{"href":"https:\/\/proglas.co.rs\/en\/wp-json\/wp\/v2\/pages"}],"about":[{"href":"https:\/\/proglas.co.rs\/en\/wp-json\/wp\/v2\/types\/page"}],"author":[{"embeddable":true,"href":"https:\/\/proglas.co.rs\/en\/wp-json\/wp\/v2\/users\/1"}],"replies":[{"embeddable":true,"href":"https:\/\/proglas.co.rs\/en\/wp-json\/wp\/v2\/comments?post=9432"}],"version-history":[{"count":4,"href":"https:\/\/proglas.co.rs\/en\/wp-json\/wp\/v2\/pages\/9432\/revisions"}],"predecessor-version":[{"id":9437,"href":"https:\/\/proglas.co.rs\/en\/wp-json\/wp\/v2\/pages\/9432\/revisions\/9437"}],"wp:attachment":[{"href":"https:\/\/proglas.co.rs\/en\/wp-json\/wp\/v2\/media?parent=9432"}],"curies":[{"name":"wp","href":"https:\/\/api.w.org\/{rel}","templated":true}]}}