{"id":9441,"date":"2024-03-28T15:52:46","date_gmt":"2024-03-28T15:52:46","guid":{"rendered":"https:\/\/pg.swipeup.rs\/?page_id=9441"},"modified":"2024-04-03T17:23:45","modified_gmt":"2024-04-03T17:23:45","slug":"petar-peca-popovic-biografija","status":"publish","type":"page","link":"https:\/\/proglas.co.rs\/en\/petar-peca-popovic-biografija\/","title":{"rendered":"Petar Peca Popovi\u0107 biography"},"content":{"rendered":"<div data-elementor-type=\"wp-page\" data-elementor-id=\"9441\" class=\"elementor elementor-9441\" data-elementor-post-type=\"page\">\n\t\t\t\t\t\t<section class=\"has_eae_slider elementor-section elementor-top-section elementor-element elementor-element-3867f2d elementor-section-boxed elementor-section-height-default elementor-section-height-default\" data-eae-slider=\"64135\" data-id=\"3867f2d\" data-element_type=\"section\" data-e-type=\"section\">\n\t\t\t\t\t\t<div class=\"elementor-container elementor-column-gap-default\">\n\t\t\t\t\t<div class=\"has_eae_slider elementor-column elementor-col-100 elementor-top-column elementor-element elementor-element-acaa99f\" data-eae-slider=\"66735\" data-id=\"acaa99f\" data-element_type=\"column\" data-e-type=\"column\">\n\t\t\t<div class=\"elementor-widget-wrap elementor-element-populated\">\n\t\t\t\t\t\t<div class=\"elementor-element elementor-element-06d83ba elementor-widget elementor-widget-heading\" data-id=\"06d83ba\" data-element_type=\"widget\" data-e-type=\"widget\" data-widget_type=\"heading.default\">\n\t\t\t\t<div class=\"elementor-widget-container\">\n\t\t\t\t\t<h2 class=\"elementor-heading-title elementor-size-default\">Petar Peca Popovi\u0107 biography<\/h2>\t\t\t\t<\/div>\n\t\t\t\t<\/div>\n\t\t\t\t\t<\/div>\n\t\t<\/div>\n\t\t\t\t\t<\/div>\n\t\t<\/section>\n\t\t\t\t<section class=\"has_eae_slider elementor-section elementor-top-section elementor-element elementor-element-b7ae381 elementor-section-full_width elementor-section-height-default elementor-section-height-default\" data-eae-slider=\"18914\" data-id=\"b7ae381\" data-element_type=\"section\" data-e-type=\"section\">\n\t\t\t\t\t\t<div class=\"elementor-container elementor-column-gap-default\">\n\t\t\t\t\t<div class=\"has_eae_slider elementor-column elementor-col-100 elementor-top-column elementor-element elementor-element-b2ed0a6\" data-eae-slider=\"65677\" data-id=\"b2ed0a6\" data-element_type=\"column\" data-e-type=\"column\">\n\t\t\t<div class=\"elementor-widget-wrap elementor-element-populated\">\n\t\t\t\t\t\t<section class=\"has_eae_slider elementor-section elementor-inner-section elementor-element elementor-element-2700b91 elementor-section-boxed elementor-section-height-default elementor-section-height-default\" data-eae-slider=\"3241\" data-id=\"2700b91\" data-element_type=\"section\" data-e-type=\"section\">\n\t\t\t\t\t\t<div class=\"elementor-container elementor-column-gap-default\">\n\t\t\t\t\t<div class=\"has_eae_slider elementor-column elementor-col-50 elementor-inner-column elementor-element elementor-element-beae583\" data-eae-slider=\"83565\" data-id=\"beae583\" data-element_type=\"column\" data-e-type=\"column\">\n\t\t\t<div class=\"elementor-widget-wrap elementor-element-populated\">\n\t\t\t\t\t\t<div class=\"elementor-element elementor-element-63574d0 elementor-widget elementor-widget-image\" data-id=\"63574d0\" data-element_type=\"widget\" data-e-type=\"widget\" data-widget_type=\"image.default\">\n\t\t\t\t<div class=\"elementor-widget-container\">\n\t\t\t\t\t\t\t\t\t\t\t\t\t\t\t<img fetchpriority=\"high\" decoding=\"async\" width=\"640\" height=\"427\" src=\"https:\/\/proglas.co.rs\/wp-content\/uploads\/2024\/03\/NEB09431.jpg\" class=\"attachment-large size-large wp-image-9417\" alt=\"\" srcset=\"https:\/\/proglas.co.rs\/wp-content\/uploads\/2024\/03\/NEB09431.jpg 850w, https:\/\/proglas.co.rs\/wp-content\/uploads\/2024\/03\/NEB09431-300x200.jpg 300w, https:\/\/proglas.co.rs\/wp-content\/uploads\/2024\/03\/NEB09431-768x512.jpg 768w\" sizes=\"(max-width: 640px) 100vw, 640px\" \/>\t\t\t\t\t\t\t\t\t\t\t\t\t\t\t<\/div>\n\t\t\t\t<\/div>\n\t\t\t\t\t<\/div>\n\t\t<\/div>\n\t\t\t\t<div class=\"has_eae_slider elementor-column elementor-col-50 elementor-inner-column elementor-element elementor-element-4158a3e\" data-eae-slider=\"96093\" data-id=\"4158a3e\" data-element_type=\"column\" data-e-type=\"column\">\n\t\t\t<div class=\"elementor-widget-wrap elementor-element-populated\">\n\t\t\t\t\t\t<div class=\"elementor-element elementor-element-7192cdd elementor-widget elementor-widget-text-editor\" data-id=\"7192cdd\" data-element_type=\"widget\" data-e-type=\"widget\" data-widget_type=\"text-editor.default\">\n\t\t\t\t<div class=\"elementor-widget-container\">\n\t\t\t\t\t\t\t\t\t<p>Born on July 12, 1949, in Belgrade, where he completed all of his schooling. A journalist.<\/p><p>Always dreamed of a life that wouldn't be boring.<\/p><p>First article published on April 5, 1967, in the weekly magazine <em>Gong<\/em>. Later wrote for all major newspapers in his home country.<\/p><p>Editor-in-chief of two of the highest-circulation magazines in the history of Yugoslav rock periodicals (D\u017euboks 1976-1977) and Rock (1982-1986).<\/p><p>Participated<em> in<\/em> launching two magazines (Intervju and Rock) and a daily newspaper (Sportski \u017eurnal) at Politika.<\/p><p>Contributed to organizing some of the biggest music events in Belgrade in the 20th century.<\/p><p>Successful licensee (1986-1988) and unsuccessful editor-in-chief of <em>PGP RTS (95)<\/em>.<\/p><p>First music editor of the first music radio station in the SFRY (101 Radio Beograd - 1989).<\/p><p>Author of the longest documentary rock series <em>on Televizija Beograd<\/em>. (<em>Rokumenti<\/em> \u2013 1995, 26 episodes).<\/p><p>One of the editors at the first truly independent television station in the second Yugoslavia until it was banned (<em>OK TV<\/em>, 1989)<\/p><p>Took the largest music caravans to Zagreb, Skopje, and Split in the last century.<\/p><p>A weak chess player, but participated in organizing one of the largest simultaneous chess games in the history of the game (\"Mat Ratu\", 1993 - with the participation of 1324 children and 60 of the most famous Yugoslav chess players).<\/p><p>Incidentally, lost to three world champions: Petrosian, Tal, and Kasparov.<\/p><p>One of the founders of the independent classical and contemporary music festival <em>BUNT<\/em>, 2013 Belgrade.<\/p><p>Lived to become the editor of the <em>Red Star magazine<\/em>. Knows all five Red <em>Star<\/em> stars.<\/p><p>Not politically engaged, but worked for the <em>United Nations<\/em> and <em>the European Union<\/em>. Initiator of ProGlas.<\/p><p>Taught at schools, universities, official, and informal places.<\/p><p>Received awards, medals, plaques, and decorations in Serbia and worldwide.<\/p><p>Cannot pronounce the letter <em>\"r\", <\/em>but the recipient of two annual awards <em>from Radio Belgrade (1971 and 1972)<\/em> and <em>Studio B<\/em>(1977). Politika Award for 80 years of the house (1984), May Award of Belgrade (1985), PGP RTB Lifetime Achievement Award (1987), JRT Award for \"From Our Correspondent-London\" (1986), Belgrade City Award (2013), Stefan Prvoven\u010dani Charter (2015), Lifestyle Personality Award (2016), Tanja Petrovi\u0107 Award (2017), Charter of the Association of Jazz, Pop and Rock Musicians (2018), UNS Lifetime Achievement Award (2018), Knight of the Call (2023)\u2026<\/p><p>Has two honorary badges from Work Actions and four medals from the JNA.<\/p><p>Honorary member <em>of the Serbian Medical Society, <\/em>the wine knightly order \"Monk Dorotej\", and <em>the SM SMOM.<\/em><\/p><p>Books:<em>Rokopisi<\/em> (Zepter Book, 2008 - sold out), <em>Kikinda Short<\/em> 04  (two stories - Kikinda 2010), \u00a0<em>Being Rock'n'Roll<\/em> (co-authored with Mihajlo Panti\u0107 - Official Gazette 2011, three editions), <em>Springs in Top\u010dider <\/em>(KOV 2019 - six editions), <em>Traces in Infinity<\/em> (KOV 2021 - five editions), <em>Keeper of the Flea Market<\/em> (KOV 2022 - six editions), and <em>Third Side of the Record<\/em> (KOV 2023 - five editions), <em>Geography of a Scattered Heart<\/em> (RDS Ra\u0161ka 2023)<\/p><p>Main character of the documentary film <em>Captured Time<\/em> by Milan Nikodijevi\u0107 (Arbos, 2017) and TV series <em>Rock Writer<\/em> (Arbos, 2018 - not yet aired).<\/p><p>Wrote dozens of forewords and afterwords for books in popular culture.<\/p><p>Eight heart attacks, four heart surgeries, two clinical deaths, 8 bypasses, and 15 stents.<\/p><p>President of the Association of Patients with Heart Failure of Serbia.\u00a0<\/p><p>One wife, two sons, and a namesake grandson.<\/p><p>Unsaddled retiree.<\/p><p>He couldn't have expected more from life.<\/p>\t\t\t\t\t\t\t\t<\/div>\n\t\t\t\t<\/div>\n\t\t\t\t\t<\/div>\n\t\t<\/div>\n\t\t\t\t\t<\/div>\n\t\t<\/section>\n\t\t\t\t\t<\/div>\n\t\t<\/div>\n\t\t\t\t\t<\/div>\n\t\t<\/section>\n\t\t\t\t<\/div>","protected":false},"excerpt":{"rendered":"<p>Ro\u0111en 12. jula 1949. u Beogradu gde je zavr\u0161io sve svoje \u0161kole. Novinar. Oduvek ma\u0161tao \u017eivot koji ne\u0107e biti dosadan. Prvi tekst objavio 5. aprila 1967. u nedeljniku Gong.\u00a0 Kasnije pisao u svim najva\u017enijim novinama zemlje u kojoj je ro\u0111en. Glavni urednik dva najtira\u017enija lista u istoriji jugoslovenske rok periodike (D\u017euboks 76-77) i Rock (82-86). [&hellip;]<\/p>","protected":false},"author":1,"featured_media":0,"parent":0,"menu_order":0,"comment_status":"closed","ping_status":"closed","template":"elementor_header_footer","meta":{"footnotes":""},"class_list":["post-9441","page","type-page","status-publish","hentry"],"yoast_head":"<!-- This site is optimized with the Yoast SEO plugin v26.9 - https:\/\/yoast.com\/product\/yoast-seo-wordpress\/ -->\n<title>Petar Peca Popovi\u0107 biografija - Proglas<\/title>\n<meta name=\"robots\" content=\"index, follow, max-snippet:-1, max-image-preview:large, max-video-preview:-1\" \/>\n<link rel=\"canonical\" href=\"https:\/\/proglas.co.rs\/en\/petar-peca-popovic-biografija\/\" \/>\n<meta property=\"og:locale\" content=\"en_US\" \/>\n<meta property=\"og:type\" content=\"article\" \/>\n<meta property=\"og:title\" content=\"Petar Peca Popovi\u0107 biografija - Proglas\" \/>\n<meta property=\"og:description\" content=\"Ro\u0111en 12. jula 1949. u Beogradu gde je zavr\u0161io sve svoje \u0161kole. Novinar. Oduvek ma\u0161tao \u017eivot koji ne\u0107e biti dosadan. Prvi tekst objavio 5. aprila 1967. u nedeljniku Gong.\u00a0 Kasnije pisao u svim najva\u017enijim novinama zemlje u kojoj je ro\u0111en. Glavni urednik dva najtira\u017enija lista u istoriji jugoslovenske rok periodike (D\u017euboks 76-77) i Rock (82-86). [&hellip;]\" \/>\n<meta property=\"og:url\" content=\"https:\/\/proglas.co.rs\/en\/petar-peca-popovic-biografija\/\" \/>\n<meta property=\"og:site_name\" content=\"Proglas\" \/>\n<meta property=\"article:publisher\" content=\"https:\/\/www.facebook.com\/pro.glas.rs?mibextid=9R9pXO\" \/>\n<meta property=\"article:modified_time\" content=\"2024-04-03T17:23:45+00:00\" \/>\n<meta property=\"og:image\" content=\"https:\/\/pg.swipeup.rs\/wp-content\/uploads\/2024\/03\/NEB09431.jpg\" \/>\n<meta name=\"twitter:card\" content=\"summary_large_image\" \/>\n<meta name=\"twitter:site\" content=\"@pro_glas_rs\" \/>\n<meta name=\"twitter:label1\" content=\"Est. reading time\" \/>\n\t<meta name=\"twitter:data1\" content=\"2 minutes\" \/>\n<script type=\"application\/ld+json\" class=\"yoast-schema-graph\">{\"@context\":\"https:\/\/schema.org\",\"@graph\":[{\"@type\":\"WebPage\",\"@id\":\"https:\/\/proglas.co.rs\/petar-peca-popovic-biografija\/\",\"url\":\"https:\/\/proglas.co.rs\/petar-peca-popovic-biografija\/\",\"name\":\"Petar Peca Popovi\u0107 biografija - Proglas\",\"isPartOf\":{\"@id\":\"https:\/\/proglas.co.rs\/#website\"},\"primaryImageOfPage\":{\"@id\":\"https:\/\/proglas.co.rs\/petar-peca-popovic-biografija\/#primaryimage\"},\"image\":{\"@id\":\"https:\/\/proglas.co.rs\/petar-peca-popovic-biografija\/#primaryimage\"},\"thumbnailUrl\":\"https:\/\/pg.swipeup.rs\/wp-content\/uploads\/2024\/03\/NEB09431.jpg\",\"datePublished\":\"2024-03-28T15:52:46+00:00\",\"dateModified\":\"2024-04-03T17:23:45+00:00\",\"breadcrumb\":{\"@id\":\"https:\/\/proglas.co.rs\/petar-peca-popovic-biografija\/#breadcrumb\"},\"inLanguage\":\"en-US\",\"potentialAction\":[{\"@type\":\"ReadAction\",\"target\":[\"https:\/\/proglas.co.rs\/petar-peca-popovic-biografija\/\"]}]},{\"@type\":\"ImageObject\",\"inLanguage\":\"en-US\",\"@id\":\"https:\/\/proglas.co.rs\/petar-peca-popovic-biografija\/#primaryimage\",\"url\":\"https:\/\/pg.swipeup.rs\/wp-content\/uploads\/2024\/03\/NEB09431.jpg\",\"contentUrl\":\"https:\/\/pg.swipeup.rs\/wp-content\/uploads\/2024\/03\/NEB09431.jpg\"},{\"@type\":\"BreadcrumbList\",\"@id\":\"https:\/\/proglas.co.rs\/petar-peca-popovic-biografija\/#breadcrumb\",\"itemListElement\":[{\"@type\":\"ListItem\",\"position\":1,\"name\":\"Po\u010detna\",\"item\":\"https:\/\/proglas.co.rs\/\"},{\"@type\":\"ListItem\",\"position\":2,\"name\":\"Petar Peca Popovi\u0107 biografija\"}]},{\"@type\":\"WebSite\",\"@id\":\"https:\/\/proglas.co.rs\/#website\",\"url\":\"https:\/\/proglas.co.rs\/\",\"name\":\"Proglas\",\"description\":\"\",\"publisher\":{\"@id\":\"https:\/\/proglas.co.rs\/#organization\"},\"potentialAction\":[{\"@type\":\"SearchAction\",\"target\":{\"@type\":\"EntryPoint\",\"urlTemplate\":\"https:\/\/proglas.co.rs\/?s={search_term_string}\"},\"query-input\":{\"@type\":\"PropertyValueSpecification\",\"valueRequired\":true,\"valueName\":\"search_term_string\"}}],\"inLanguage\":\"en-US\"},{\"@type\":\"Organization\",\"@id\":\"https:\/\/proglas.co.rs\/#organization\",\"name\":\"Proglas\",\"url\":\"https:\/\/proglas.co.rs\/\",\"logo\":{\"@type\":\"ImageObject\",\"inLanguage\":\"en-US\",\"@id\":\"https:\/\/proglas.co.rs\/#\/schema\/logo\/image\/\",\"url\":\"https:\/\/proglas.co.rs\/wp-content\/uploads\/2024\/03\/prolgas-logo-png.webp\",\"contentUrl\":\"https:\/\/proglas.co.rs\/wp-content\/uploads\/2024\/03\/prolgas-logo-png.webp\",\"width\":388,\"height\":110,\"caption\":\"Proglas\"},\"image\":{\"@id\":\"https:\/\/proglas.co.rs\/#\/schema\/logo\/image\/\"},\"sameAs\":[\"https:\/\/www.facebook.com\/pro.glas.rs?mibextid=9R9pXO\",\"https:\/\/x.com\/pro_glas_rs\",\"https:\/\/www.tiktok.com\/@pro_glas_rs?_t=8hC7kX6SLDi&_r=1\",\"https:\/\/www.youtube.com\/@pro_glas_rs\/\",\"https:\/\/instagram.com\/pro_glas_rs?igshid=djcxcGp2emdveDBm\"]}]}<\/script>\n<!-- \/ Yoast SEO plugin. -->","yoast_head_json":{"title":"Petar Peca Popovi\u0107 biografija - Proglas","robots":{"index":"index","follow":"follow","max-snippet":"max-snippet:-1","max-image-preview":"max-image-preview:large","max-video-preview":"max-video-preview:-1"},"canonical":"https:\/\/proglas.co.rs\/en\/petar-peca-popovic-biografija\/","og_locale":"en_US","og_type":"article","og_title":"Petar Peca Popovi\u0107 biografija - Proglas","og_description":"Ro\u0111en 12. jula 1949. u Beogradu gde je zavr\u0161io sve svoje \u0161kole. Novinar. Oduvek ma\u0161tao \u017eivot koji ne\u0107e biti dosadan. Prvi tekst objavio 5. aprila 1967. u nedeljniku Gong.\u00a0 Kasnije pisao u svim najva\u017enijim novinama zemlje u kojoj je ro\u0111en. Glavni urednik dva najtira\u017enija lista u istoriji jugoslovenske rok periodike (D\u017euboks 76-77) i Rock (82-86). [&hellip;]","og_url":"https:\/\/proglas.co.rs\/en\/petar-peca-popovic-biografija\/","og_site_name":"Proglas","article_publisher":"https:\/\/www.facebook.com\/pro.glas.rs?mibextid=9R9pXO","article_modified_time":"2024-04-03T17:23:45+00:00","og_image":[{"url":"https:\/\/pg.swipeup.rs\/wp-content\/uploads\/2024\/03\/NEB09431.jpg","type":"","width":"","height":""}],"twitter_card":"summary_large_image","twitter_site":"@pro_glas_rs","twitter_misc":{"Est. reading time":"2 minutes"},"schema":{"@context":"https:\/\/schema.org","@graph":[{"@type":"WebPage","@id":"https:\/\/proglas.co.rs\/petar-peca-popovic-biografija\/","url":"https:\/\/proglas.co.rs\/petar-peca-popovic-biografija\/","name":"Petar Peca Popovi\u0107 biografija - Proglas","isPartOf":{"@id":"https:\/\/proglas.co.rs\/#website"},"primaryImageOfPage":{"@id":"https:\/\/proglas.co.rs\/petar-peca-popovic-biografija\/#primaryimage"},"image":{"@id":"https:\/\/proglas.co.rs\/petar-peca-popovic-biografija\/#primaryimage"},"thumbnailUrl":"https:\/\/pg.swipeup.rs\/wp-content\/uploads\/2024\/03\/NEB09431.jpg","datePublished":"2024-03-28T15:52:46+00:00","dateModified":"2024-04-03T17:23:45+00:00","breadcrumb":{"@id":"https:\/\/proglas.co.rs\/petar-peca-popovic-biografija\/#breadcrumb"},"inLanguage":"en-US","potentialAction":[{"@type":"ReadAction","target":["https:\/\/proglas.co.rs\/petar-peca-popovic-biografija\/"]}]},{"@type":"ImageObject","inLanguage":"en-US","@id":"https:\/\/proglas.co.rs\/petar-peca-popovic-biografija\/#primaryimage","url":"https:\/\/pg.swipeup.rs\/wp-content\/uploads\/2024\/03\/NEB09431.jpg","contentUrl":"https:\/\/pg.swipeup.rs\/wp-content\/uploads\/2024\/03\/NEB09431.jpg"},{"@type":"BreadcrumbList","@id":"https:\/\/proglas.co.rs\/petar-peca-popovic-biografija\/#breadcrumb","itemListElement":[{"@type":"ListItem","position":1,"name":"Po\u010detna","item":"https:\/\/proglas.co.rs\/"},{"@type":"ListItem","position":2,"name":"Petar Peca Popovi\u0107 biografija"}]},{"@type":"WebSite","@id":"https:\/\/proglas.co.rs\/#website","url":"https:\/\/proglas.co.rs\/","name":"Proglas","description":"","publisher":{"@id":"https:\/\/proglas.co.rs\/#organization"},"potentialAction":[{"@type":"SearchAction","target":{"@type":"EntryPoint","urlTemplate":"https:\/\/proglas.co.rs\/?s={search_term_string}"},"query-input":{"@type":"PropertyValueSpecification","valueRequired":true,"valueName":"search_term_string"}}],"inLanguage":"en-US"},{"@type":"Organization","@id":"https:\/\/proglas.co.rs\/#organization","name":"Proglas","url":"https:\/\/proglas.co.rs\/","logo":{"@type":"ImageObject","inLanguage":"en-US","@id":"https:\/\/proglas.co.rs\/#\/schema\/logo\/image\/","url":"https:\/\/proglas.co.rs\/wp-content\/uploads\/2024\/03\/prolgas-logo-png.webp","contentUrl":"https:\/\/proglas.co.rs\/wp-content\/uploads\/2024\/03\/prolgas-logo-png.webp","width":388,"height":110,"caption":"Proglas"},"image":{"@id":"https:\/\/proglas.co.rs\/#\/schema\/logo\/image\/"},"sameAs":["https:\/\/www.facebook.com\/pro.glas.rs?mibextid=9R9pXO","https:\/\/x.com\/pro_glas_rs","https:\/\/www.tiktok.com\/@pro_glas_rs?_t=8hC7kX6SLDi&_r=1","https:\/\/www.youtube.com\/@pro_glas_rs\/","https:\/\/instagram.com\/pro_glas_rs?igshid=djcxcGp2emdveDBm"]}]}},"_links":{"self":[{"href":"https:\/\/proglas.co.rs\/en\/wp-json\/wp\/v2\/pages\/9441","targetHints":{"allow":["GET"]}}],"collection":[{"href":"https:\/\/proglas.co.rs\/en\/wp-json\/wp\/v2\/pages"}],"about":[{"href":"https:\/\/proglas.co.rs\/en\/wp-json\/wp\/v2\/types\/page"}],"author":[{"embeddable":true,"href":"https:\/\/proglas.co.rs\/en\/wp-json\/wp\/v2\/users\/1"}],"replies":[{"embeddable":true,"href":"https:\/\/proglas.co.rs\/en\/wp-json\/wp\/v2\/comments?post=9441"}],"version-history":[{"count":7,"href":"https:\/\/proglas.co.rs\/en\/wp-json\/wp\/v2\/pages\/9441\/revisions"}],"predecessor-version":[{"id":9535,"href":"https:\/\/proglas.co.rs\/en\/wp-json\/wp\/v2\/pages\/9441\/revisions\/9535"}],"wp:attachment":[{"href":"https:\/\/proglas.co.rs\/en\/wp-json\/wp\/v2\/media?parent=9441"}],"curies":[{"name":"wp","href":"https:\/\/api.w.org\/{rel}","templated":true}]}}