{"id":9449,"date":"2024-03-28T15:54:47","date_gmt":"2024-03-28T15:54:47","guid":{"rendered":"https:\/\/pg.swipeup.rs\/?page_id=9449"},"modified":"2024-03-28T15:55:18","modified_gmt":"2024-03-28T15:55:18","slug":"filip-ejdus-biografija","status":"publish","type":"page","link":"https:\/\/proglas.co.rs\/en\/filip-ejdus-biografija\/","title":{"rendered":"Filip Ejdus biography"},"content":{"rendered":"<div data-elementor-type=\"wp-page\" data-elementor-id=\"9449\" class=\"elementor elementor-9449\" data-elementor-post-type=\"page\">\n\t\t\t\t\t\t<section class=\"has_eae_slider elementor-section elementor-top-section elementor-element elementor-element-3867f2d elementor-section-boxed elementor-section-height-default elementor-section-height-default\" data-eae-slider=\"36184\" data-id=\"3867f2d\" data-element_type=\"section\" data-e-type=\"section\">\n\t\t\t\t\t\t<div class=\"elementor-container elementor-column-gap-default\">\n\t\t\t\t\t<div class=\"has_eae_slider elementor-column elementor-col-100 elementor-top-column elementor-element elementor-element-acaa99f\" data-eae-slider=\"59670\" data-id=\"acaa99f\" data-element_type=\"column\" data-e-type=\"column\">\n\t\t\t<div class=\"elementor-widget-wrap elementor-element-populated\">\n\t\t\t\t\t\t<div class=\"elementor-element elementor-element-06d83ba elementor-widget elementor-widget-heading\" data-id=\"06d83ba\" data-element_type=\"widget\" data-e-type=\"widget\" data-widget_type=\"heading.default\">\n\t\t\t\t<div class=\"elementor-widget-container\">\n\t\t\t\t\t<h2 class=\"elementor-heading-title elementor-size-default\">Filip Ejdus biography<\/h2>\t\t\t\t<\/div>\n\t\t\t\t<\/div>\n\t\t\t\t\t<\/div>\n\t\t<\/div>\n\t\t\t\t\t<\/div>\n\t\t<\/section>\n\t\t\t\t<section class=\"has_eae_slider elementor-section elementor-top-section elementor-element elementor-element-b7ae381 elementor-section-full_width elementor-section-height-default elementor-section-height-default\" data-eae-slider=\"80246\" data-id=\"b7ae381\" data-element_type=\"section\" data-e-type=\"section\">\n\t\t\t\t\t\t<div class=\"elementor-container elementor-column-gap-default\">\n\t\t\t\t\t<div class=\"has_eae_slider elementor-column elementor-col-100 elementor-top-column elementor-element elementor-element-b2ed0a6\" data-eae-slider=\"6893\" data-id=\"b2ed0a6\" data-element_type=\"column\" data-e-type=\"column\">\n\t\t\t<div class=\"elementor-widget-wrap elementor-element-populated\">\n\t\t\t\t\t\t<section class=\"has_eae_slider elementor-section elementor-inner-section elementor-element elementor-element-2700b91 elementor-section-boxed elementor-section-height-default elementor-section-height-default\" data-eae-slider=\"50693\" data-id=\"2700b91\" data-element_type=\"section\" data-e-type=\"section\">\n\t\t\t\t\t\t<div class=\"elementor-container elementor-column-gap-default\">\n\t\t\t\t\t<div class=\"has_eae_slider elementor-column elementor-col-50 elementor-inner-column elementor-element elementor-element-beae583\" data-eae-slider=\"42386\" data-id=\"beae583\" data-element_type=\"column\" data-e-type=\"column\">\n\t\t\t<div class=\"elementor-widget-wrap elementor-element-populated\">\n\t\t\t\t\t\t<div class=\"elementor-element elementor-element-63574d0 elementor-widget elementor-widget-image\" data-id=\"63574d0\" data-element_type=\"widget\" data-e-type=\"widget\" data-widget_type=\"image.default\">\n\t\t\t\t<div class=\"elementor-widget-container\">\n\t\t\t\t\t\t\t\t\t\t\t\t\t\t\t<img fetchpriority=\"high\" decoding=\"async\" width=\"640\" height=\"427\" src=\"https:\/\/proglas.co.rs\/wp-content\/uploads\/2024\/03\/NEB09115.jpg\" class=\"attachment-large size-large wp-image-9413\" alt=\"\" srcset=\"https:\/\/proglas.co.rs\/wp-content\/uploads\/2024\/03\/NEB09115.jpg 850w, https:\/\/proglas.co.rs\/wp-content\/uploads\/2024\/03\/NEB09115-300x200.jpg 300w, https:\/\/proglas.co.rs\/wp-content\/uploads\/2024\/03\/NEB09115-768x512.jpg 768w\" sizes=\"(max-width: 640px) 100vw, 640px\" \/>\t\t\t\t\t\t\t\t\t\t\t\t\t\t\t<\/div>\n\t\t\t\t<\/div>\n\t\t\t\t\t<\/div>\n\t\t<\/div>\n\t\t\t\t<div class=\"has_eae_slider elementor-column elementor-col-50 elementor-inner-column elementor-element elementor-element-4158a3e\" data-eae-slider=\"79965\" data-id=\"4158a3e\" data-element_type=\"column\" data-e-type=\"column\">\n\t\t\t<div class=\"elementor-widget-wrap elementor-element-populated\">\n\t\t\t\t\t\t<div class=\"elementor-element elementor-element-7192cdd elementor-widget elementor-widget-text-editor\" data-id=\"7192cdd\" data-element_type=\"widget\" data-e-type=\"widget\" data-widget_type=\"text-editor.default\">\n\t\t\t\t<div class=\"elementor-widget-container\">\n\t\t\t\t\t\t\t\t\t<p>Filip Ejdus is a professor of security studies at the Faculty of Political Sciences, University of Belgrade. In his academic research, he explores how identity, emotions, and memory influence international security. Geographically, his research interests focus on the Western Balkans, the Horn of Africa, and the Middle East. In his studies of public policies, he has dealt with democratic governance, security sector reform, conventional arms control, EU security policy, etc. He has published numerous papers in scientific journals in the fields of political science, international relations, and security studies. His latest book is \"International Security: Theories, Sectors, and Levels\" (Clio, 2024). For his book \"Crisis and Ontological Insecurity: Serbia\u2019s Anxiety Over Kosovo\u2019s Secession\" (Palgrave 2020), he received the Veselin Lu\u010di\u0107 Award from the University of Belgrade. He is also the founder and co-editor of the Journal of Regional Security.<\/p><p>In addition to these academic interests, Filip Ejdus is the President of the Central and Eastern European International Studies Association (CEEISA), a member of the Board of Directors of the Belgrade Centre for Security Policy (BCBP), and co-chair of the Regional Study Group for Stability in Southeast Europe at the Partnership for Peace Consortium of Defense Academies and Security Studies Institutes.<\/p><p>Filip graduated and obtained his Ph.D. in International Relations and Security from the Faculty of Political Sciences, University of Belgrade. He also holds master's degrees in International Relations from the London School of Economics and Political Science and the Paris Institute of Political Studies (Sciences Po). As a recipient of the prestigious Marie Curie Award, he spent two years as a postdoctoral fellow at the University of Bristol.<\/p><p>\u00a0<\/p>\t\t\t\t\t\t\t\t<\/div>\n\t\t\t\t<\/div>\n\t\t\t\t\t<\/div>\n\t\t<\/div>\n\t\t\t\t\t<\/div>\n\t\t<\/section>\n\t\t\t\t\t<\/div>\n\t\t<\/div>\n\t\t\t\t\t<\/div>\n\t\t<\/section>\n\t\t\t\t<\/div>","protected":false},"excerpt":{"rendered":"<p>Filip Ejdus je profesor studija bezbednosti na Fakultetu politi\u010dkih nauka Univerziteta u Beogradu. U svom akademskom istra\u017eivanju on istra\u017euje kako identitet, emocije i se\u0107anje uti\u010du na me\u0111unarodnu bezbednost. Geografski fokus njegovih interesa su Zapadni Balkan, rog Afrike i Bliski Istok. U svojim istra\u017eivanjima javnih politika bavio se demokratskim upravljanjem i reformom sektora bezbednosti, kontrolom konvencionalnog [&hellip;]<\/p>","protected":false},"author":1,"featured_media":0,"parent":0,"menu_order":0,"comment_status":"closed","ping_status":"closed","template":"elementor_header_footer","meta":{"footnotes":""},"class_list":["post-9449","page","type-page","status-publish","hentry"],"yoast_head":"<!-- This site is optimized with the Yoast SEO plugin v26.9 - https:\/\/yoast.com\/product\/yoast-seo-wordpress\/ -->\n<title>Filip Ejdus biografija - Proglas<\/title>\n<meta name=\"robots\" content=\"index, follow, max-snippet:-1, max-image-preview:large, max-video-preview:-1\" \/>\n<link rel=\"canonical\" href=\"https:\/\/proglas.co.rs\/en\/filip-ejdus-biografija\/\" \/>\n<meta property=\"og:locale\" content=\"en_US\" \/>\n<meta property=\"og:type\" content=\"article\" \/>\n<meta property=\"og:title\" content=\"Filip Ejdus biografija - Proglas\" \/>\n<meta property=\"og:description\" content=\"Filip Ejdus je profesor studija bezbednosti na Fakultetu politi\u010dkih nauka Univerziteta u Beogradu. U svom akademskom istra\u017eivanju on istra\u017euje kako identitet, emocije i se\u0107anje uti\u010du na me\u0111unarodnu bezbednost. Geografski fokus njegovih interesa su Zapadni Balkan, rog Afrike i Bliski Istok. U svojim istra\u017eivanjima javnih politika bavio se demokratskim upravljanjem i reformom sektora bezbednosti, kontrolom konvencionalnog [&hellip;]\" \/>\n<meta property=\"og:url\" content=\"https:\/\/proglas.co.rs\/en\/filip-ejdus-biografija\/\" \/>\n<meta property=\"og:site_name\" content=\"Proglas\" \/>\n<meta property=\"article:publisher\" content=\"https:\/\/www.facebook.com\/pro.glas.rs?mibextid=9R9pXO\" \/>\n<meta property=\"article:modified_time\" content=\"2024-03-28T15:55:18+00:00\" \/>\n<meta property=\"og:image\" content=\"https:\/\/pg.swipeup.rs\/wp-content\/uploads\/2024\/03\/NEB09115.jpg\" \/>\n<meta name=\"twitter:card\" content=\"summary_large_image\" \/>\n<meta name=\"twitter:site\" content=\"@pro_glas_rs\" \/>\n<meta name=\"twitter:label1\" content=\"Est. reading time\" \/>\n\t<meta name=\"twitter:data1\" content=\"1 minute\" \/>\n<script type=\"application\/ld+json\" class=\"yoast-schema-graph\">{\"@context\":\"https:\/\/schema.org\",\"@graph\":[{\"@type\":\"WebPage\",\"@id\":\"https:\/\/proglas.co.rs\/filip-ejdus-biografija\/\",\"url\":\"https:\/\/proglas.co.rs\/filip-ejdus-biografija\/\",\"name\":\"Filip Ejdus biografija - Proglas\",\"isPartOf\":{\"@id\":\"https:\/\/proglas.co.rs\/#website\"},\"primaryImageOfPage\":{\"@id\":\"https:\/\/proglas.co.rs\/filip-ejdus-biografija\/#primaryimage\"},\"image\":{\"@id\":\"https:\/\/proglas.co.rs\/filip-ejdus-biografija\/#primaryimage\"},\"thumbnailUrl\":\"https:\/\/pg.swipeup.rs\/wp-content\/uploads\/2024\/03\/NEB09115.jpg\",\"datePublished\":\"2024-03-28T15:54:47+00:00\",\"dateModified\":\"2024-03-28T15:55:18+00:00\",\"breadcrumb\":{\"@id\":\"https:\/\/proglas.co.rs\/filip-ejdus-biografija\/#breadcrumb\"},\"inLanguage\":\"en-US\",\"potentialAction\":[{\"@type\":\"ReadAction\",\"target\":[\"https:\/\/proglas.co.rs\/filip-ejdus-biografija\/\"]}]},{\"@type\":\"ImageObject\",\"inLanguage\":\"en-US\",\"@id\":\"https:\/\/proglas.co.rs\/filip-ejdus-biografija\/#primaryimage\",\"url\":\"https:\/\/pg.swipeup.rs\/wp-content\/uploads\/2024\/03\/NEB09115.jpg\",\"contentUrl\":\"https:\/\/pg.swipeup.rs\/wp-content\/uploads\/2024\/03\/NEB09115.jpg\"},{\"@type\":\"BreadcrumbList\",\"@id\":\"https:\/\/proglas.co.rs\/filip-ejdus-biografija\/#breadcrumb\",\"itemListElement\":[{\"@type\":\"ListItem\",\"position\":1,\"name\":\"Po\u010detna\",\"item\":\"https:\/\/proglas.co.rs\/\"},{\"@type\":\"ListItem\",\"position\":2,\"name\":\"Filip Ejdus biografija\"}]},{\"@type\":\"WebSite\",\"@id\":\"https:\/\/proglas.co.rs\/#website\",\"url\":\"https:\/\/proglas.co.rs\/\",\"name\":\"Proglas\",\"description\":\"\",\"publisher\":{\"@id\":\"https:\/\/proglas.co.rs\/#organization\"},\"potentialAction\":[{\"@type\":\"SearchAction\",\"target\":{\"@type\":\"EntryPoint\",\"urlTemplate\":\"https:\/\/proglas.co.rs\/?s={search_term_string}\"},\"query-input\":{\"@type\":\"PropertyValueSpecification\",\"valueRequired\":true,\"valueName\":\"search_term_string\"}}],\"inLanguage\":\"en-US\"},{\"@type\":\"Organization\",\"@id\":\"https:\/\/proglas.co.rs\/#organization\",\"name\":\"Proglas\",\"url\":\"https:\/\/proglas.co.rs\/\",\"logo\":{\"@type\":\"ImageObject\",\"inLanguage\":\"en-US\",\"@id\":\"https:\/\/proglas.co.rs\/#\/schema\/logo\/image\/\",\"url\":\"https:\/\/proglas.co.rs\/wp-content\/uploads\/2024\/03\/prolgas-logo-png.webp\",\"contentUrl\":\"https:\/\/proglas.co.rs\/wp-content\/uploads\/2024\/03\/prolgas-logo-png.webp\",\"width\":388,\"height\":110,\"caption\":\"Proglas\"},\"image\":{\"@id\":\"https:\/\/proglas.co.rs\/#\/schema\/logo\/image\/\"},\"sameAs\":[\"https:\/\/www.facebook.com\/pro.glas.rs?mibextid=9R9pXO\",\"https:\/\/x.com\/pro_glas_rs\",\"https:\/\/www.tiktok.com\/@pro_glas_rs?_t=8hC7kX6SLDi&_r=1\",\"https:\/\/www.youtube.com\/@pro_glas_rs\/\",\"https:\/\/instagram.com\/pro_glas_rs?igshid=djcxcGp2emdveDBm\"]}]}<\/script>\n<!-- \/ Yoast SEO plugin. -->","yoast_head_json":{"title":"Filip Ejdus biografija - Proglas","robots":{"index":"index","follow":"follow","max-snippet":"max-snippet:-1","max-image-preview":"max-image-preview:large","max-video-preview":"max-video-preview:-1"},"canonical":"https:\/\/proglas.co.rs\/en\/filip-ejdus-biografija\/","og_locale":"en_US","og_type":"article","og_title":"Filip Ejdus biografija - Proglas","og_description":"Filip Ejdus je profesor studija bezbednosti na Fakultetu politi\u010dkih nauka Univerziteta u Beogradu. U svom akademskom istra\u017eivanju on istra\u017euje kako identitet, emocije i se\u0107anje uti\u010du na me\u0111unarodnu bezbednost. Geografski fokus njegovih interesa su Zapadni Balkan, rog Afrike i Bliski Istok. U svojim istra\u017eivanjima javnih politika bavio se demokratskim upravljanjem i reformom sektora bezbednosti, kontrolom konvencionalnog [&hellip;]","og_url":"https:\/\/proglas.co.rs\/en\/filip-ejdus-biografija\/","og_site_name":"Proglas","article_publisher":"https:\/\/www.facebook.com\/pro.glas.rs?mibextid=9R9pXO","article_modified_time":"2024-03-28T15:55:18+00:00","og_image":[{"url":"https:\/\/pg.swipeup.rs\/wp-content\/uploads\/2024\/03\/NEB09115.jpg","type":"","width":"","height":""}],"twitter_card":"summary_large_image","twitter_site":"@pro_glas_rs","twitter_misc":{"Est. reading time":"1 minute"},"schema":{"@context":"https:\/\/schema.org","@graph":[{"@type":"WebPage","@id":"https:\/\/proglas.co.rs\/filip-ejdus-biografija\/","url":"https:\/\/proglas.co.rs\/filip-ejdus-biografija\/","name":"Filip Ejdus biografija - Proglas","isPartOf":{"@id":"https:\/\/proglas.co.rs\/#website"},"primaryImageOfPage":{"@id":"https:\/\/proglas.co.rs\/filip-ejdus-biografija\/#primaryimage"},"image":{"@id":"https:\/\/proglas.co.rs\/filip-ejdus-biografija\/#primaryimage"},"thumbnailUrl":"https:\/\/pg.swipeup.rs\/wp-content\/uploads\/2024\/03\/NEB09115.jpg","datePublished":"2024-03-28T15:54:47+00:00","dateModified":"2024-03-28T15:55:18+00:00","breadcrumb":{"@id":"https:\/\/proglas.co.rs\/filip-ejdus-biografija\/#breadcrumb"},"inLanguage":"en-US","potentialAction":[{"@type":"ReadAction","target":["https:\/\/proglas.co.rs\/filip-ejdus-biografija\/"]}]},{"@type":"ImageObject","inLanguage":"en-US","@id":"https:\/\/proglas.co.rs\/filip-ejdus-biografija\/#primaryimage","url":"https:\/\/pg.swipeup.rs\/wp-content\/uploads\/2024\/03\/NEB09115.jpg","contentUrl":"https:\/\/pg.swipeup.rs\/wp-content\/uploads\/2024\/03\/NEB09115.jpg"},{"@type":"BreadcrumbList","@id":"https:\/\/proglas.co.rs\/filip-ejdus-biografija\/#breadcrumb","itemListElement":[{"@type":"ListItem","position":1,"name":"Po\u010detna","item":"https:\/\/proglas.co.rs\/"},{"@type":"ListItem","position":2,"name":"Filip Ejdus biografija"}]},{"@type":"WebSite","@id":"https:\/\/proglas.co.rs\/#website","url":"https:\/\/proglas.co.rs\/","name":"Proglas","description":"","publisher":{"@id":"https:\/\/proglas.co.rs\/#organization"},"potentialAction":[{"@type":"SearchAction","target":{"@type":"EntryPoint","urlTemplate":"https:\/\/proglas.co.rs\/?s={search_term_string}"},"query-input":{"@type":"PropertyValueSpecification","valueRequired":true,"valueName":"search_term_string"}}],"inLanguage":"en-US"},{"@type":"Organization","@id":"https:\/\/proglas.co.rs\/#organization","name":"Proglas","url":"https:\/\/proglas.co.rs\/","logo":{"@type":"ImageObject","inLanguage":"en-US","@id":"https:\/\/proglas.co.rs\/#\/schema\/logo\/image\/","url":"https:\/\/proglas.co.rs\/wp-content\/uploads\/2024\/03\/prolgas-logo-png.webp","contentUrl":"https:\/\/proglas.co.rs\/wp-content\/uploads\/2024\/03\/prolgas-logo-png.webp","width":388,"height":110,"caption":"Proglas"},"image":{"@id":"https:\/\/proglas.co.rs\/#\/schema\/logo\/image\/"},"sameAs":["https:\/\/www.facebook.com\/pro.glas.rs?mibextid=9R9pXO","https:\/\/x.com\/pro_glas_rs","https:\/\/www.tiktok.com\/@pro_glas_rs?_t=8hC7kX6SLDi&_r=1","https:\/\/www.youtube.com\/@pro_glas_rs\/","https:\/\/instagram.com\/pro_glas_rs?igshid=djcxcGp2emdveDBm"]}]}},"_links":{"self":[{"href":"https:\/\/proglas.co.rs\/en\/wp-json\/wp\/v2\/pages\/9449","targetHints":{"allow":["GET"]}}],"collection":[{"href":"https:\/\/proglas.co.rs\/en\/wp-json\/wp\/v2\/pages"}],"about":[{"href":"https:\/\/proglas.co.rs\/en\/wp-json\/wp\/v2\/types\/page"}],"author":[{"embeddable":true,"href":"https:\/\/proglas.co.rs\/en\/wp-json\/wp\/v2\/users\/1"}],"replies":[{"embeddable":true,"href":"https:\/\/proglas.co.rs\/en\/wp-json\/wp\/v2\/comments?post=9449"}],"version-history":[{"count":4,"href":"https:\/\/proglas.co.rs\/en\/wp-json\/wp\/v2\/pages\/9449\/revisions"}],"predecessor-version":[{"id":9453,"href":"https:\/\/proglas.co.rs\/en\/wp-json\/wp\/v2\/pages\/9449\/revisions\/9453"}],"wp:attachment":[{"href":"https:\/\/proglas.co.rs\/en\/wp-json\/wp\/v2\/media?parent=9449"}],"curies":[{"name":"wp","href":"https:\/\/api.w.org\/{rel}","templated":true}]}}