{"id":9463,"date":"2024-03-28T15:59:15","date_gmt":"2024-03-28T15:59:15","guid":{"rendered":"https:\/\/pg.swipeup.rs\/?page_id=9463"},"modified":"2024-03-28T15:59:58","modified_gmt":"2024-03-28T15:59:58","slug":"vladica-cvetkovic-biografija","status":"publish","type":"page","link":"https:\/\/proglas.co.rs\/en\/vladica-cvetkovic-biografija\/","title":{"rendered":"Vladica Cvetkovi\u0107 biography"},"content":{"rendered":"<div data-elementor-type=\"wp-page\" data-elementor-id=\"9463\" class=\"elementor elementor-9463\" data-elementor-post-type=\"page\">\n\t\t\t\t\t\t<section class=\"has_eae_slider elementor-section elementor-top-section elementor-element elementor-element-3867f2d elementor-section-boxed elementor-section-height-default elementor-section-height-default\" data-eae-slider=\"2329\" data-id=\"3867f2d\" data-element_type=\"section\" data-e-type=\"section\">\n\t\t\t\t\t\t<div class=\"elementor-container elementor-column-gap-default\">\n\t\t\t\t\t<div class=\"has_eae_slider elementor-column elementor-col-100 elementor-top-column elementor-element elementor-element-acaa99f\" data-eae-slider=\"72617\" data-id=\"acaa99f\" data-element_type=\"column\" data-e-type=\"column\">\n\t\t\t<div class=\"elementor-widget-wrap elementor-element-populated\">\n\t\t\t\t\t\t<div class=\"elementor-element elementor-element-06d83ba elementor-widget elementor-widget-heading\" data-id=\"06d83ba\" data-element_type=\"widget\" data-e-type=\"widget\" data-widget_type=\"heading.default\">\n\t\t\t\t<div class=\"elementor-widget-container\">\n\t\t\t\t\t<h2 class=\"elementor-heading-title elementor-size-default\">Vladica Cvetkovi\u0107 biography<\/h2>\t\t\t\t<\/div>\n\t\t\t\t<\/div>\n\t\t\t\t\t<\/div>\n\t\t<\/div>\n\t\t\t\t\t<\/div>\n\t\t<\/section>\n\t\t\t\t<section class=\"has_eae_slider elementor-section elementor-top-section elementor-element elementor-element-b7ae381 elementor-section-full_width elementor-section-height-default elementor-section-height-default\" data-eae-slider=\"26267\" data-id=\"b7ae381\" data-element_type=\"section\" data-e-type=\"section\">\n\t\t\t\t\t\t<div class=\"elementor-container elementor-column-gap-default\">\n\t\t\t\t\t<div class=\"has_eae_slider elementor-column elementor-col-100 elementor-top-column elementor-element elementor-element-b2ed0a6\" data-eae-slider=\"72841\" data-id=\"b2ed0a6\" data-element_type=\"column\" data-e-type=\"column\">\n\t\t\t<div class=\"elementor-widget-wrap elementor-element-populated\">\n\t\t\t\t\t\t<section class=\"has_eae_slider elementor-section elementor-inner-section elementor-element elementor-element-2700b91 elementor-section-boxed elementor-section-height-default elementor-section-height-default\" data-eae-slider=\"95367\" data-id=\"2700b91\" data-element_type=\"section\" data-e-type=\"section\">\n\t\t\t\t\t\t<div class=\"elementor-container elementor-column-gap-default\">\n\t\t\t\t\t<div class=\"has_eae_slider elementor-column elementor-col-50 elementor-inner-column elementor-element elementor-element-beae583\" data-eae-slider=\"25133\" data-id=\"beae583\" data-element_type=\"column\" data-e-type=\"column\">\n\t\t\t<div class=\"elementor-widget-wrap elementor-element-populated\">\n\t\t\t\t\t\t<div class=\"elementor-element elementor-element-63574d0 elementor-widget elementor-widget-image\" data-id=\"63574d0\" data-element_type=\"widget\" data-e-type=\"widget\" data-widget_type=\"image.default\">\n\t\t\t\t<div class=\"elementor-widget-container\">\n\t\t\t\t\t\t\t\t\t\t\t\t\t\t\t<img fetchpriority=\"high\" decoding=\"async\" width=\"640\" height=\"427\" src=\"https:\/\/proglas.co.rs\/wp-content\/uploads\/2024\/03\/NB_05857.jpg\" class=\"attachment-large size-large wp-image-9425\" alt=\"\" srcset=\"https:\/\/proglas.co.rs\/wp-content\/uploads\/2024\/03\/NB_05857.jpg 850w, https:\/\/proglas.co.rs\/wp-content\/uploads\/2024\/03\/NB_05857-300x200.jpg 300w, https:\/\/proglas.co.rs\/wp-content\/uploads\/2024\/03\/NB_05857-768x512.jpg 768w\" sizes=\"(max-width: 640px) 100vw, 640px\" \/>\t\t\t\t\t\t\t\t\t\t\t\t\t\t\t<\/div>\n\t\t\t\t<\/div>\n\t\t\t\t\t<\/div>\n\t\t<\/div>\n\t\t\t\t<div class=\"has_eae_slider elementor-column elementor-col-50 elementor-inner-column elementor-element elementor-element-4158a3e\" data-eae-slider=\"63602\" data-id=\"4158a3e\" data-element_type=\"column\" data-e-type=\"column\">\n\t\t\t<div class=\"elementor-widget-wrap elementor-element-populated\">\n\t\t\t\t\t\t<div class=\"elementor-element elementor-element-7192cdd elementor-widget elementor-widget-text-editor\" data-id=\"7192cdd\" data-element_type=\"widget\" data-e-type=\"widget\" data-widget_type=\"text-editor.default\">\n\t\t\t\t<div class=\"elementor-widget-container\">\n\t\t\t\t\t\t\t\t\t<p>Vladica Cvetkovi\u0107, an academic and university professor, was born in 1964 in Aran\u0111elovac. He graduated from the Faculty of Mining and Geology at the University of Belgrade in 1988, and earned his master's degree (1993) and doctorate (1997) at the same faculty. He was appointed as a full professor at the Faculty of Mining and Geology in 2008. From 2004 to 2006, he was a visiting scholar at the University of Salzburg, as a recipient of the \"Lise Meitner\" program scholarship.&nbsp;<\/p><p>From 2006 to 2009, he served as Vice Dean, and from 2009 to 2012, as Dean of the Faculty of Mining and Geology. He was elected as a corresponding member of the Serbian Academy of Sciences and Arts in 2012, and as a full member in 2021. His research interests include petrology, volcanology, geochemistry, mineralogy, and their connection to ore deposit formation processes. He has published 67 papers in peer-reviewed journals (ORCID-0000-0002-5584-5188), which have been cited over 2500 times (Google Scholar; h-index 25).&nbsp;<\/p><p>Under his leadership, two laboratories were established at the Faculty of Mining and Geology: one for electron microscopy (2009) and one for the study of fluid inclusions (2019). He has supervised 15 doctoral theses and served as a supervisor or committee member for doctoral defenses at several universities abroad. He is a member of the editorial boards of international scientific journals such as the \"Swiss Journal of Geosciences,\" \"Geologica Carpathica,\" and \"Geologica Balcanica.\" He received a certificate from the editorial board of the journal \"Lithos\" (Elsevier) for being the first author of one of the 50 most cited papers from 2003 to 2007. He received the \"Milan Mili\u0107evi\u0107 \u2013 Geological Engineer\" Award (1997) and the Charter of the City of Aran\u0111elovac for scientific work (2013). He is a member of the Serbian Geological Society and the Serbian Archaeological Society. From 2010 to 2021, he participated in evaluations for the European Research Council and the \"Marie Sk\u0142odowska-Curie\" program.<\/p>\n<p>He served as the President of the Expert Body for Higher Education Reform in Serbia (2013\u20122017 \u2013 HERE team) and as a member of the National Council for Higher Education of Serbia (2015\u20122017). He has authored one book and three expert papers on higher education issues in Serbia, and has written over 50 articles in daily newspapers and weeklies, mainly focusing on the influence of education on the development of civil society in Serbia.&nbsp;<\/p>\n<p>He speaks English, Italian, and German.<\/p>\n<p>He is married and has one son.<\/p>\t\t\t\t\t\t\t\t<\/div>\n\t\t\t\t<\/div>\n\t\t\t\t\t<\/div>\n\t\t<\/div>\n\t\t\t\t\t<\/div>\n\t\t<\/section>\n\t\t\t\t\t<\/div>\n\t\t<\/div>\n\t\t\t\t\t<\/div>\n\t\t<\/section>\n\t\t\t\t<\/div>","protected":false},"excerpt":{"rendered":"<p>Cvetkovi\u0107 Vladica, akademik i univerzitetski profesor. Ro\u0111en je 1964. godine u Aran\u0111elovcu. Diplomirao je na Rudarsko-geolo\u0161kom fakultetu Univerziteta u Beogradu 1988. i na istom fakultetu je magistrirao (1993) i doktorirao (1997). Za redovnog profesora na Rudarsko-geolo\u0161kom fakultetu izabran je 2008 godine. Od 2004. do 2006. boravio je na Univerzitetu u Salzburgu, kao stipendista programa \u201eLise [&hellip;]<\/p>","protected":false},"author":1,"featured_media":0,"parent":0,"menu_order":0,"comment_status":"closed","ping_status":"closed","template":"elementor_header_footer","meta":{"footnotes":""},"class_list":["post-9463","page","type-page","status-publish","hentry"],"yoast_head":"<!-- This site is optimized with the Yoast SEO plugin v26.9 - https:\/\/yoast.com\/product\/yoast-seo-wordpress\/ -->\n<title>Vladica Cvetkovi\u0107 biografija - Proglas<\/title>\n<meta name=\"robots\" content=\"index, follow, max-snippet:-1, max-image-preview:large, max-video-preview:-1\" \/>\n<link rel=\"canonical\" href=\"https:\/\/proglas.co.rs\/en\/vladica-cvetkovic-biografija\/\" \/>\n<meta property=\"og:locale\" content=\"en_US\" \/>\n<meta property=\"og:type\" content=\"article\" \/>\n<meta property=\"og:title\" content=\"Vladica Cvetkovi\u0107 biografija - Proglas\" \/>\n<meta property=\"og:description\" content=\"Cvetkovi\u0107 Vladica, akademik i univerzitetski profesor. Ro\u0111en je 1964. godine u Aran\u0111elovcu. Diplomirao je na Rudarsko-geolo\u0161kom fakultetu Univerziteta u Beogradu 1988. i na istom fakultetu je magistrirao (1993) i doktorirao (1997). Za redovnog profesora na Rudarsko-geolo\u0161kom fakultetu izabran je 2008 godine. Od 2004. do 2006. boravio je na Univerzitetu u Salzburgu, kao stipendista programa \u201eLise [&hellip;]\" \/>\n<meta property=\"og:url\" content=\"https:\/\/proglas.co.rs\/en\/vladica-cvetkovic-biografija\/\" \/>\n<meta property=\"og:site_name\" content=\"Proglas\" \/>\n<meta property=\"article:publisher\" content=\"https:\/\/www.facebook.com\/pro.glas.rs?mibextid=9R9pXO\" \/>\n<meta property=\"article:modified_time\" content=\"2024-03-28T15:59:58+00:00\" \/>\n<meta property=\"og:image\" content=\"https:\/\/pg.swipeup.rs\/wp-content\/uploads\/2024\/03\/NB_05857.jpg\" \/>\n<meta name=\"twitter:card\" content=\"summary_large_image\" \/>\n<meta name=\"twitter:site\" content=\"@pro_glas_rs\" \/>\n<meta name=\"twitter:label1\" content=\"Est. reading time\" \/>\n\t<meta name=\"twitter:data1\" content=\"2 minutes\" \/>\n<script type=\"application\/ld+json\" class=\"yoast-schema-graph\">{\"@context\":\"https:\/\/schema.org\",\"@graph\":[{\"@type\":\"WebPage\",\"@id\":\"https:\/\/proglas.co.rs\/vladica-cvetkovic-biografija\/\",\"url\":\"https:\/\/proglas.co.rs\/vladica-cvetkovic-biografija\/\",\"name\":\"Vladica Cvetkovi\u0107 biografija - Proglas\",\"isPartOf\":{\"@id\":\"https:\/\/proglas.co.rs\/#website\"},\"primaryImageOfPage\":{\"@id\":\"https:\/\/proglas.co.rs\/vladica-cvetkovic-biografija\/#primaryimage\"},\"image\":{\"@id\":\"https:\/\/proglas.co.rs\/vladica-cvetkovic-biografija\/#primaryimage\"},\"thumbnailUrl\":\"https:\/\/pg.swipeup.rs\/wp-content\/uploads\/2024\/03\/NB_05857.jpg\",\"datePublished\":\"2024-03-28T15:59:15+00:00\",\"dateModified\":\"2024-03-28T15:59:58+00:00\",\"breadcrumb\":{\"@id\":\"https:\/\/proglas.co.rs\/vladica-cvetkovic-biografija\/#breadcrumb\"},\"inLanguage\":\"en-US\",\"potentialAction\":[{\"@type\":\"ReadAction\",\"target\":[\"https:\/\/proglas.co.rs\/vladica-cvetkovic-biografija\/\"]}]},{\"@type\":\"ImageObject\",\"inLanguage\":\"en-US\",\"@id\":\"https:\/\/proglas.co.rs\/vladica-cvetkovic-biografija\/#primaryimage\",\"url\":\"https:\/\/pg.swipeup.rs\/wp-content\/uploads\/2024\/03\/NB_05857.jpg\",\"contentUrl\":\"https:\/\/pg.swipeup.rs\/wp-content\/uploads\/2024\/03\/NB_05857.jpg\"},{\"@type\":\"BreadcrumbList\",\"@id\":\"https:\/\/proglas.co.rs\/vladica-cvetkovic-biografija\/#breadcrumb\",\"itemListElement\":[{\"@type\":\"ListItem\",\"position\":1,\"name\":\"Po\u010detna\",\"item\":\"https:\/\/proglas.co.rs\/\"},{\"@type\":\"ListItem\",\"position\":2,\"name\":\"Vladica Cvetkovi\u0107 biografija\"}]},{\"@type\":\"WebSite\",\"@id\":\"https:\/\/proglas.co.rs\/#website\",\"url\":\"https:\/\/proglas.co.rs\/\",\"name\":\"Proglas\",\"description\":\"\",\"publisher\":{\"@id\":\"https:\/\/proglas.co.rs\/#organization\"},\"potentialAction\":[{\"@type\":\"SearchAction\",\"target\":{\"@type\":\"EntryPoint\",\"urlTemplate\":\"https:\/\/proglas.co.rs\/?s={search_term_string}\"},\"query-input\":{\"@type\":\"PropertyValueSpecification\",\"valueRequired\":true,\"valueName\":\"search_term_string\"}}],\"inLanguage\":\"en-US\"},{\"@type\":\"Organization\",\"@id\":\"https:\/\/proglas.co.rs\/#organization\",\"name\":\"Proglas\",\"url\":\"https:\/\/proglas.co.rs\/\",\"logo\":{\"@type\":\"ImageObject\",\"inLanguage\":\"en-US\",\"@id\":\"https:\/\/proglas.co.rs\/#\/schema\/logo\/image\/\",\"url\":\"https:\/\/proglas.co.rs\/wp-content\/uploads\/2024\/03\/prolgas-logo-png.webp\",\"contentUrl\":\"https:\/\/proglas.co.rs\/wp-content\/uploads\/2024\/03\/prolgas-logo-png.webp\",\"width\":388,\"height\":110,\"caption\":\"Proglas\"},\"image\":{\"@id\":\"https:\/\/proglas.co.rs\/#\/schema\/logo\/image\/\"},\"sameAs\":[\"https:\/\/www.facebook.com\/pro.glas.rs?mibextid=9R9pXO\",\"https:\/\/x.com\/pro_glas_rs\",\"https:\/\/www.tiktok.com\/@pro_glas_rs?_t=8hC7kX6SLDi&_r=1\",\"https:\/\/www.youtube.com\/@pro_glas_rs\/\",\"https:\/\/instagram.com\/pro_glas_rs?igshid=djcxcGp2emdveDBm\"]}]}<\/script>\n<!-- \/ Yoast SEO plugin. -->","yoast_head_json":{"title":"Vladica Cvetkovi\u0107 biografija - Proglas","robots":{"index":"index","follow":"follow","max-snippet":"max-snippet:-1","max-image-preview":"max-image-preview:large","max-video-preview":"max-video-preview:-1"},"canonical":"https:\/\/proglas.co.rs\/en\/vladica-cvetkovic-biografija\/","og_locale":"en_US","og_type":"article","og_title":"Vladica Cvetkovi\u0107 biografija - Proglas","og_description":"Cvetkovi\u0107 Vladica, akademik i univerzitetski profesor. Ro\u0111en je 1964. godine u Aran\u0111elovcu. Diplomirao je na Rudarsko-geolo\u0161kom fakultetu Univerziteta u Beogradu 1988. i na istom fakultetu je magistrirao (1993) i doktorirao (1997). Za redovnog profesora na Rudarsko-geolo\u0161kom fakultetu izabran je 2008 godine. Od 2004. do 2006. boravio je na Univerzitetu u Salzburgu, kao stipendista programa \u201eLise [&hellip;]","og_url":"https:\/\/proglas.co.rs\/en\/vladica-cvetkovic-biografija\/","og_site_name":"Proglas","article_publisher":"https:\/\/www.facebook.com\/pro.glas.rs?mibextid=9R9pXO","article_modified_time":"2024-03-28T15:59:58+00:00","og_image":[{"url":"https:\/\/pg.swipeup.rs\/wp-content\/uploads\/2024\/03\/NB_05857.jpg","type":"","width":"","height":""}],"twitter_card":"summary_large_image","twitter_site":"@pro_glas_rs","twitter_misc":{"Est. reading time":"2 minutes"},"schema":{"@context":"https:\/\/schema.org","@graph":[{"@type":"WebPage","@id":"https:\/\/proglas.co.rs\/vladica-cvetkovic-biografija\/","url":"https:\/\/proglas.co.rs\/vladica-cvetkovic-biografija\/","name":"Vladica Cvetkovi\u0107 biografija - Proglas","isPartOf":{"@id":"https:\/\/proglas.co.rs\/#website"},"primaryImageOfPage":{"@id":"https:\/\/proglas.co.rs\/vladica-cvetkovic-biografija\/#primaryimage"},"image":{"@id":"https:\/\/proglas.co.rs\/vladica-cvetkovic-biografija\/#primaryimage"},"thumbnailUrl":"https:\/\/pg.swipeup.rs\/wp-content\/uploads\/2024\/03\/NB_05857.jpg","datePublished":"2024-03-28T15:59:15+00:00","dateModified":"2024-03-28T15:59:58+00:00","breadcrumb":{"@id":"https:\/\/proglas.co.rs\/vladica-cvetkovic-biografija\/#breadcrumb"},"inLanguage":"en-US","potentialAction":[{"@type":"ReadAction","target":["https:\/\/proglas.co.rs\/vladica-cvetkovic-biografija\/"]}]},{"@type":"ImageObject","inLanguage":"en-US","@id":"https:\/\/proglas.co.rs\/vladica-cvetkovic-biografija\/#primaryimage","url":"https:\/\/pg.swipeup.rs\/wp-content\/uploads\/2024\/03\/NB_05857.jpg","contentUrl":"https:\/\/pg.swipeup.rs\/wp-content\/uploads\/2024\/03\/NB_05857.jpg"},{"@type":"BreadcrumbList","@id":"https:\/\/proglas.co.rs\/vladica-cvetkovic-biografija\/#breadcrumb","itemListElement":[{"@type":"ListItem","position":1,"name":"Po\u010detna","item":"https:\/\/proglas.co.rs\/"},{"@type":"ListItem","position":2,"name":"Vladica Cvetkovi\u0107 biografija"}]},{"@type":"WebSite","@id":"https:\/\/proglas.co.rs\/#website","url":"https:\/\/proglas.co.rs\/","name":"Proglas","description":"","publisher":{"@id":"https:\/\/proglas.co.rs\/#organization"},"potentialAction":[{"@type":"SearchAction","target":{"@type":"EntryPoint","urlTemplate":"https:\/\/proglas.co.rs\/?s={search_term_string}"},"query-input":{"@type":"PropertyValueSpecification","valueRequired":true,"valueName":"search_term_string"}}],"inLanguage":"en-US"},{"@type":"Organization","@id":"https:\/\/proglas.co.rs\/#organization","name":"Proglas","url":"https:\/\/proglas.co.rs\/","logo":{"@type":"ImageObject","inLanguage":"en-US","@id":"https:\/\/proglas.co.rs\/#\/schema\/logo\/image\/","url":"https:\/\/proglas.co.rs\/wp-content\/uploads\/2024\/03\/prolgas-logo-png.webp","contentUrl":"https:\/\/proglas.co.rs\/wp-content\/uploads\/2024\/03\/prolgas-logo-png.webp","width":388,"height":110,"caption":"Proglas"},"image":{"@id":"https:\/\/proglas.co.rs\/#\/schema\/logo\/image\/"},"sameAs":["https:\/\/www.facebook.com\/pro.glas.rs?mibextid=9R9pXO","https:\/\/x.com\/pro_glas_rs","https:\/\/www.tiktok.com\/@pro_glas_rs?_t=8hC7kX6SLDi&_r=1","https:\/\/www.youtube.com\/@pro_glas_rs\/","https:\/\/instagram.com\/pro_glas_rs?igshid=djcxcGp2emdveDBm"]}]}},"_links":{"self":[{"href":"https:\/\/proglas.co.rs\/en\/wp-json\/wp\/v2\/pages\/9463","targetHints":{"allow":["GET"]}}],"collection":[{"href":"https:\/\/proglas.co.rs\/en\/wp-json\/wp\/v2\/pages"}],"about":[{"href":"https:\/\/proglas.co.rs\/en\/wp-json\/wp\/v2\/types\/page"}],"author":[{"embeddable":true,"href":"https:\/\/proglas.co.rs\/en\/wp-json\/wp\/v2\/users\/1"}],"replies":[{"embeddable":true,"href":"https:\/\/proglas.co.rs\/en\/wp-json\/wp\/v2\/comments?post=9463"}],"version-history":[{"count":4,"href":"https:\/\/proglas.co.rs\/en\/wp-json\/wp\/v2\/pages\/9463\/revisions"}],"predecessor-version":[{"id":9467,"href":"https:\/\/proglas.co.rs\/en\/wp-json\/wp\/v2\/pages\/9463\/revisions\/9467"}],"wp:attachment":[{"href":"https:\/\/proglas.co.rs\/en\/wp-json\/wp\/v2\/media?parent=9463"}],"curies":[{"name":"wp","href":"https:\/\/api.w.org\/{rel}","templated":true}]}}