{"id":9471,"date":"2024-03-28T16:00:47","date_gmt":"2024-03-28T16:00:47","guid":{"rendered":"https:\/\/pg.swipeup.rs\/?page_id=9471"},"modified":"2024-05-16T13:48:09","modified_gmt":"2024-05-16T11:48:09","slug":"svetlana-bojkovic-biografija","status":"publish","type":"page","link":"https:\/\/proglas.co.rs\/en\/svetlana-bojkovic-biografija\/","title":{"rendered":"Svetlana Bojkovi\u0107 biography"},"content":{"rendered":"<div data-elementor-type=\"wp-page\" data-elementor-id=\"9471\" class=\"elementor elementor-9471\" data-elementor-post-type=\"page\">\n\t\t\t\t\t\t<section class=\"has_eae_slider elementor-section elementor-top-section elementor-element elementor-element-3867f2d elementor-section-boxed elementor-section-height-default elementor-section-height-default\" data-eae-slider=\"73466\" data-id=\"3867f2d\" data-element_type=\"section\" data-e-type=\"section\">\n\t\t\t\t\t\t<div class=\"elementor-container elementor-column-gap-default\">\n\t\t\t\t\t<div class=\"has_eae_slider elementor-column elementor-col-100 elementor-top-column elementor-element elementor-element-acaa99f\" data-eae-slider=\"86341\" data-id=\"acaa99f\" data-element_type=\"column\" data-e-type=\"column\">\n\t\t\t<div class=\"elementor-widget-wrap elementor-element-populated\">\n\t\t\t\t\t\t<div class=\"elementor-element elementor-element-06d83ba elementor-widget elementor-widget-heading\" data-id=\"06d83ba\" data-element_type=\"widget\" data-e-type=\"widget\" data-widget_type=\"heading.default\">\n\t\t\t\t<div class=\"elementor-widget-container\">\n\t\t\t\t\t<h2 class=\"elementor-heading-title elementor-size-default\">Svetlana Bojkovi\u0107 biography<\/h2>\t\t\t\t<\/div>\n\t\t\t\t<\/div>\n\t\t\t\t\t<\/div>\n\t\t<\/div>\n\t\t\t\t\t<\/div>\n\t\t<\/section>\n\t\t\t\t<section class=\"has_eae_slider elementor-section elementor-top-section elementor-element elementor-element-b7ae381 elementor-section-full_width elementor-section-height-default elementor-section-height-default\" data-eae-slider=\"54201\" data-id=\"b7ae381\" data-element_type=\"section\" data-e-type=\"section\">\n\t\t\t\t\t\t<div class=\"elementor-container elementor-column-gap-default\">\n\t\t\t\t\t<div class=\"has_eae_slider elementor-column elementor-col-100 elementor-top-column elementor-element elementor-element-b2ed0a6\" data-eae-slider=\"88775\" data-id=\"b2ed0a6\" data-element_type=\"column\" data-e-type=\"column\">\n\t\t\t<div class=\"elementor-widget-wrap elementor-element-populated\">\n\t\t\t\t\t\t<section class=\"has_eae_slider elementor-section elementor-inner-section elementor-element elementor-element-2700b91 elementor-section-boxed elementor-section-height-default elementor-section-height-default\" data-eae-slider=\"2862\" data-id=\"2700b91\" data-element_type=\"section\" data-e-type=\"section\">\n\t\t\t\t\t\t<div class=\"elementor-container elementor-column-gap-default\">\n\t\t\t\t\t<div class=\"has_eae_slider elementor-column elementor-col-50 elementor-inner-column elementor-element elementor-element-beae583\" data-eae-slider=\"17484\" data-id=\"beae583\" data-element_type=\"column\" data-e-type=\"column\">\n\t\t\t<div class=\"elementor-widget-wrap elementor-element-populated\">\n\t\t\t\t\t\t<div class=\"elementor-element elementor-element-63574d0 elementor-widget elementor-widget-image\" data-id=\"63574d0\" data-element_type=\"widget\" data-e-type=\"widget\" data-widget_type=\"image.default\">\n\t\t\t\t<div class=\"elementor-widget-container\">\n\t\t\t\t\t\t\t\t\t\t\t\t\t\t\t<img fetchpriority=\"high\" decoding=\"async\" width=\"640\" height=\"427\" src=\"https:\/\/proglas.co.rs\/wp-content\/uploads\/2024\/03\/NB_06362.jpg\" class=\"attachment-large size-large wp-image-9422\" alt=\"\" srcset=\"https:\/\/proglas.co.rs\/wp-content\/uploads\/2024\/03\/NB_06362.jpg 850w, https:\/\/proglas.co.rs\/wp-content\/uploads\/2024\/03\/NB_06362-300x200.jpg 300w, https:\/\/proglas.co.rs\/wp-content\/uploads\/2024\/03\/NB_06362-768x512.jpg 768w\" sizes=\"(max-width: 640px) 100vw, 640px\" \/>\t\t\t\t\t\t\t\t\t\t\t\t\t\t\t<\/div>\n\t\t\t\t<\/div>\n\t\t\t\t\t<\/div>\n\t\t<\/div>\n\t\t\t\t<div class=\"has_eae_slider elementor-column elementor-col-50 elementor-inner-column elementor-element elementor-element-4158a3e\" data-eae-slider=\"63426\" data-id=\"4158a3e\" data-element_type=\"column\" data-e-type=\"column\">\n\t\t\t<div class=\"elementor-widget-wrap elementor-element-populated\">\n\t\t\t\t\t\t<div class=\"elementor-element elementor-element-7192cdd elementor-widget elementor-widget-text-editor\" data-id=\"7192cdd\" data-element_type=\"widget\" data-e-type=\"widget\" data-widget_type=\"text-editor.default\">\n\t\t\t\t<div class=\"elementor-widget-container\">\n\t\t\t\t\t\t\t\t\t<p class=\"MsoNormal\"><span lang=\"SR-LATN-RS\">She was born and raised in Belgrade. After completing high school and a secondary music school with a piano specialization, she enrolled in the Academy of Dramatic Arts (FDU) and graduated in 1970.<\/span><\/p><p class=\"MsoNormal\"><span lang=\"SR-LATN-RS\">She was a member of the Yugoslav Drama Theatre (JDP), then moved to the National Theatre, and later became an independent artist.<\/span><\/p><p class=\"MsoNormal\"><span lang=\"SR-LATN-RS\">She performed in nearly all Belgrade theaters, with around 200 roles on stage, and the same number in various TV dramas and series. She played in what's known as the \"big repertoire,\" covering all genres. She appeared in approximately 16 films, winning the Golden Arena at the Pula Film Festival in 1978, as well as the Grand Charter for the film \"The Dog That Loved Trains,\" and finally the Pavle Vuji\u0107 Film Award for Lifetime Achievement. She has received all prestigious theater awards, such as the \u017danka Stoki\u0107 Award, Dobrica's Ring, the Sterija Award for Lifetime Achievement, the Joakim Vuji\u0107 Award, as well as the Zoran Radmilovi\u0107 Award, the \"2 ducks\" award in Jagodina, and the Lifetime Achievement Award \"2 ducks\" for comedy.<\/span><\/p><p class=\"MsoNormal\"><span lang=\"SR-LATN-RS\">She served as the president of the Association of Dramatic Artists of Serbia for two terms and initiated many enduring projects - theater newspaper Ludus, the Solidarity Fund for poor and sick artists. She organized three major humanitarian events at the Hyatt Hotel to aid. <\/span><span lang=\"SR-LATN-RS\">penzionisanim glumcima \u0161irom Srbije, jer su penzije bile jako male.<\/span><\/p><p class=\"MsoNormal\"><span lang=\"SR-LATN-RS\">For four years, she was engaged in teaching, as a drama professor at the then-private Academy. <\/span><span lang=\"SR-LATN-RS\">Lepih umetnosti.<\/span><\/p><p>She is still active. She has plays in Atelje 212, Yugoslav Drama Theatre (JDP), Theatre on Banovo Brdo, Academy 28, and often guest stars in \"Women's Conversations\" by Du\u0161ko Radovi\u0107, which has been running for a full 40 years!<\/p>\t\t\t\t\t\t\t\t<\/div>\n\t\t\t\t<\/div>\n\t\t\t\t\t<\/div>\n\t\t<\/div>\n\t\t\t\t\t<\/div>\n\t\t<\/section>\n\t\t\t\t\t<\/div>\n\t\t<\/div>\n\t\t\t\t\t<\/div>\n\t\t<\/section>\n\t\t\t\t<\/div>","protected":false},"excerpt":{"rendered":"<p>Ro\u0111ena je i odrasla u Beogradu. Posle zavr\u0161ene gimnazije i srednje muzi\u010dke \u0161kole- odsek klavira , upisala FDU i diplomirala 1970. godine Bila je \u010dlan JDP, zatim pre\u0161la u Narodno pozori\u0161te i kasnije pre\u0161la u slobodne umetnike. Igrala je na skoro svim beogradskim pozori\u0161nim scenama &#8211; oko 200 uloga, a isto toliko i na televiziji [&hellip;]<\/p>","protected":false},"author":1,"featured_media":0,"parent":0,"menu_order":0,"comment_status":"closed","ping_status":"closed","template":"elementor_header_footer","meta":{"footnotes":""},"class_list":["post-9471","page","type-page","status-publish","hentry"],"yoast_head":"<!-- This site is optimized with the Yoast SEO plugin v26.9 - https:\/\/yoast.com\/product\/yoast-seo-wordpress\/ -->\n<title>Svetlana Bojkovi\u0107 biografija - Proglas<\/title>\n<meta name=\"robots\" content=\"index, follow, max-snippet:-1, max-image-preview:large, max-video-preview:-1\" \/>\n<link rel=\"canonical\" href=\"https:\/\/proglas.co.rs\/en\/svetlana-bojkovic-biografija\/\" \/>\n<meta property=\"og:locale\" content=\"en_US\" \/>\n<meta property=\"og:type\" content=\"article\" \/>\n<meta property=\"og:title\" content=\"Svetlana Bojkovi\u0107 biografija - Proglas\" \/>\n<meta property=\"og:description\" content=\"Ro\u0111ena je i odrasla u Beogradu. Posle zavr\u0161ene gimnazije i srednje muzi\u010dke \u0161kole- odsek klavira , upisala FDU i diplomirala 1970. godine Bila je \u010dlan JDP, zatim pre\u0161la u Narodno pozori\u0161te i kasnije pre\u0161la u slobodne umetnike. Igrala je na skoro svim beogradskim pozori\u0161nim scenama &#8211; oko 200 uloga, a isto toliko i na televiziji [&hellip;]\" \/>\n<meta property=\"og:url\" content=\"https:\/\/proglas.co.rs\/en\/svetlana-bojkovic-biografija\/\" \/>\n<meta property=\"og:site_name\" content=\"Proglas\" \/>\n<meta property=\"article:publisher\" content=\"https:\/\/www.facebook.com\/pro.glas.rs?mibextid=9R9pXO\" \/>\n<meta property=\"article:modified_time\" content=\"2024-05-16T11:48:09+00:00\" \/>\n<meta property=\"og:image\" content=\"https:\/\/proglas.co.rs\/wp-content\/uploads\/2024\/03\/NB_06362.jpg\" \/>\n<meta name=\"twitter:card\" content=\"summary_large_image\" \/>\n<meta name=\"twitter:site\" content=\"@pro_glas_rs\" \/>\n<meta name=\"twitter:label1\" content=\"Est. reading time\" \/>\n\t<meta name=\"twitter:data1\" content=\"2 minutes\" \/>\n<script type=\"application\/ld+json\" class=\"yoast-schema-graph\">{\"@context\":\"https:\/\/schema.org\",\"@graph\":[{\"@type\":\"WebPage\",\"@id\":\"https:\/\/proglas.co.rs\/svetlana-bojkovic-biografija\/\",\"url\":\"https:\/\/proglas.co.rs\/svetlana-bojkovic-biografija\/\",\"name\":\"Svetlana Bojkovi\u0107 biografija - Proglas\",\"isPartOf\":{\"@id\":\"https:\/\/proglas.co.rs\/#website\"},\"primaryImageOfPage\":{\"@id\":\"https:\/\/proglas.co.rs\/svetlana-bojkovic-biografija\/#primaryimage\"},\"image\":{\"@id\":\"https:\/\/proglas.co.rs\/svetlana-bojkovic-biografija\/#primaryimage\"},\"thumbnailUrl\":\"https:\/\/proglas.co.rs\/wp-content\/uploads\/2024\/03\/NB_06362.jpg\",\"datePublished\":\"2024-03-28T16:00:47+00:00\",\"dateModified\":\"2024-05-16T11:48:09+00:00\",\"breadcrumb\":{\"@id\":\"https:\/\/proglas.co.rs\/svetlana-bojkovic-biografija\/#breadcrumb\"},\"inLanguage\":\"en-US\",\"potentialAction\":[{\"@type\":\"ReadAction\",\"target\":[\"https:\/\/proglas.co.rs\/svetlana-bojkovic-biografija\/\"]}]},{\"@type\":\"ImageObject\",\"inLanguage\":\"en-US\",\"@id\":\"https:\/\/proglas.co.rs\/svetlana-bojkovic-biografija\/#primaryimage\",\"url\":\"https:\/\/proglas.co.rs\/wp-content\/uploads\/2024\/03\/NB_06362.jpg\",\"contentUrl\":\"https:\/\/proglas.co.rs\/wp-content\/uploads\/2024\/03\/NB_06362.jpg\"},{\"@type\":\"BreadcrumbList\",\"@id\":\"https:\/\/proglas.co.rs\/svetlana-bojkovic-biografija\/#breadcrumb\",\"itemListElement\":[{\"@type\":\"ListItem\",\"position\":1,\"name\":\"Po\u010detna\",\"item\":\"https:\/\/proglas.co.rs\/\"},{\"@type\":\"ListItem\",\"position\":2,\"name\":\"Svetlana Bojkovi\u0107 biografija\"}]},{\"@type\":\"WebSite\",\"@id\":\"https:\/\/proglas.co.rs\/#website\",\"url\":\"https:\/\/proglas.co.rs\/\",\"name\":\"Proglas\",\"description\":\"\",\"publisher\":{\"@id\":\"https:\/\/proglas.co.rs\/#organization\"},\"potentialAction\":[{\"@type\":\"SearchAction\",\"target\":{\"@type\":\"EntryPoint\",\"urlTemplate\":\"https:\/\/proglas.co.rs\/?s={search_term_string}\"},\"query-input\":{\"@type\":\"PropertyValueSpecification\",\"valueRequired\":true,\"valueName\":\"search_term_string\"}}],\"inLanguage\":\"en-US\"},{\"@type\":\"Organization\",\"@id\":\"https:\/\/proglas.co.rs\/#organization\",\"name\":\"Proglas\",\"url\":\"https:\/\/proglas.co.rs\/\",\"logo\":{\"@type\":\"ImageObject\",\"inLanguage\":\"en-US\",\"@id\":\"https:\/\/proglas.co.rs\/#\/schema\/logo\/image\/\",\"url\":\"https:\/\/proglas.co.rs\/wp-content\/uploads\/2024\/03\/prolgas-logo-png.webp\",\"contentUrl\":\"https:\/\/proglas.co.rs\/wp-content\/uploads\/2024\/03\/prolgas-logo-png.webp\",\"width\":388,\"height\":110,\"caption\":\"Proglas\"},\"image\":{\"@id\":\"https:\/\/proglas.co.rs\/#\/schema\/logo\/image\/\"},\"sameAs\":[\"https:\/\/www.facebook.com\/pro.glas.rs?mibextid=9R9pXO\",\"https:\/\/x.com\/pro_glas_rs\",\"https:\/\/www.tiktok.com\/@pro_glas_rs?_t=8hC7kX6SLDi&_r=1\",\"https:\/\/www.youtube.com\/@pro_glas_rs\/\",\"https:\/\/instagram.com\/pro_glas_rs?igshid=djcxcGp2emdveDBm\"]}]}<\/script>\n<!-- \/ Yoast SEO plugin. -->","yoast_head_json":{"title":"Svetlana Bojkovi\u0107 biografija - Proglas","robots":{"index":"index","follow":"follow","max-snippet":"max-snippet:-1","max-image-preview":"max-image-preview:large","max-video-preview":"max-video-preview:-1"},"canonical":"https:\/\/proglas.co.rs\/en\/svetlana-bojkovic-biografija\/","og_locale":"en_US","og_type":"article","og_title":"Svetlana Bojkovi\u0107 biografija - Proglas","og_description":"Ro\u0111ena je i odrasla u Beogradu. Posle zavr\u0161ene gimnazije i srednje muzi\u010dke \u0161kole- odsek klavira , upisala FDU i diplomirala 1970. godine Bila je \u010dlan JDP, zatim pre\u0161la u Narodno pozori\u0161te i kasnije pre\u0161la u slobodne umetnike. Igrala je na skoro svim beogradskim pozori\u0161nim scenama &#8211; oko 200 uloga, a isto toliko i na televiziji [&hellip;]","og_url":"https:\/\/proglas.co.rs\/en\/svetlana-bojkovic-biografija\/","og_site_name":"Proglas","article_publisher":"https:\/\/www.facebook.com\/pro.glas.rs?mibextid=9R9pXO","article_modified_time":"2024-05-16T11:48:09+00:00","og_image":[{"url":"https:\/\/proglas.co.rs\/wp-content\/uploads\/2024\/03\/NB_06362.jpg","type":"","width":"","height":""}],"twitter_card":"summary_large_image","twitter_site":"@pro_glas_rs","twitter_misc":{"Est. reading time":"2 minutes"},"schema":{"@context":"https:\/\/schema.org","@graph":[{"@type":"WebPage","@id":"https:\/\/proglas.co.rs\/svetlana-bojkovic-biografija\/","url":"https:\/\/proglas.co.rs\/svetlana-bojkovic-biografija\/","name":"Svetlana Bojkovi\u0107 biografija - Proglas","isPartOf":{"@id":"https:\/\/proglas.co.rs\/#website"},"primaryImageOfPage":{"@id":"https:\/\/proglas.co.rs\/svetlana-bojkovic-biografija\/#primaryimage"},"image":{"@id":"https:\/\/proglas.co.rs\/svetlana-bojkovic-biografija\/#primaryimage"},"thumbnailUrl":"https:\/\/proglas.co.rs\/wp-content\/uploads\/2024\/03\/NB_06362.jpg","datePublished":"2024-03-28T16:00:47+00:00","dateModified":"2024-05-16T11:48:09+00:00","breadcrumb":{"@id":"https:\/\/proglas.co.rs\/svetlana-bojkovic-biografija\/#breadcrumb"},"inLanguage":"en-US","potentialAction":[{"@type":"ReadAction","target":["https:\/\/proglas.co.rs\/svetlana-bojkovic-biografija\/"]}]},{"@type":"ImageObject","inLanguage":"en-US","@id":"https:\/\/proglas.co.rs\/svetlana-bojkovic-biografija\/#primaryimage","url":"https:\/\/proglas.co.rs\/wp-content\/uploads\/2024\/03\/NB_06362.jpg","contentUrl":"https:\/\/proglas.co.rs\/wp-content\/uploads\/2024\/03\/NB_06362.jpg"},{"@type":"BreadcrumbList","@id":"https:\/\/proglas.co.rs\/svetlana-bojkovic-biografija\/#breadcrumb","itemListElement":[{"@type":"ListItem","position":1,"name":"Po\u010detna","item":"https:\/\/proglas.co.rs\/"},{"@type":"ListItem","position":2,"name":"Svetlana Bojkovi\u0107 biografija"}]},{"@type":"WebSite","@id":"https:\/\/proglas.co.rs\/#website","url":"https:\/\/proglas.co.rs\/","name":"Proglas","description":"","publisher":{"@id":"https:\/\/proglas.co.rs\/#organization"},"potentialAction":[{"@type":"SearchAction","target":{"@type":"EntryPoint","urlTemplate":"https:\/\/proglas.co.rs\/?s={search_term_string}"},"query-input":{"@type":"PropertyValueSpecification","valueRequired":true,"valueName":"search_term_string"}}],"inLanguage":"en-US"},{"@type":"Organization","@id":"https:\/\/proglas.co.rs\/#organization","name":"Proglas","url":"https:\/\/proglas.co.rs\/","logo":{"@type":"ImageObject","inLanguage":"en-US","@id":"https:\/\/proglas.co.rs\/#\/schema\/logo\/image\/","url":"https:\/\/proglas.co.rs\/wp-content\/uploads\/2024\/03\/prolgas-logo-png.webp","contentUrl":"https:\/\/proglas.co.rs\/wp-content\/uploads\/2024\/03\/prolgas-logo-png.webp","width":388,"height":110,"caption":"Proglas"},"image":{"@id":"https:\/\/proglas.co.rs\/#\/schema\/logo\/image\/"},"sameAs":["https:\/\/www.facebook.com\/pro.glas.rs?mibextid=9R9pXO","https:\/\/x.com\/pro_glas_rs","https:\/\/www.tiktok.com\/@pro_glas_rs?_t=8hC7kX6SLDi&_r=1","https:\/\/www.youtube.com\/@pro_glas_rs\/","https:\/\/instagram.com\/pro_glas_rs?igshid=djcxcGp2emdveDBm"]}]}},"_links":{"self":[{"href":"https:\/\/proglas.co.rs\/en\/wp-json\/wp\/v2\/pages\/9471","targetHints":{"allow":["GET"]}}],"collection":[{"href":"https:\/\/proglas.co.rs\/en\/wp-json\/wp\/v2\/pages"}],"about":[{"href":"https:\/\/proglas.co.rs\/en\/wp-json\/wp\/v2\/types\/page"}],"author":[{"embeddable":true,"href":"https:\/\/proglas.co.rs\/en\/wp-json\/wp\/v2\/users\/1"}],"replies":[{"embeddable":true,"href":"https:\/\/proglas.co.rs\/en\/wp-json\/wp\/v2\/comments?post=9471"}],"version-history":[{"count":7,"href":"https:\/\/proglas.co.rs\/en\/wp-json\/wp\/v2\/pages\/9471\/revisions"}],"predecessor-version":[{"id":10146,"href":"https:\/\/proglas.co.rs\/en\/wp-json\/wp\/v2\/pages\/9471\/revisions\/10146"}],"wp:attachment":[{"href":"https:\/\/proglas.co.rs\/en\/wp-json\/wp\/v2\/media?parent=9471"}],"curies":[{"name":"wp","href":"https:\/\/api.w.org\/{rel}","templated":true}]}}