{"id":9479,"date":"2024-03-28T16:07:47","date_gmt":"2024-03-28T16:07:47","guid":{"rendered":"https:\/\/pg.swipeup.rs\/?page_id=9479"},"modified":"2024-08-08T22:13:13","modified_gmt":"2024-08-08T20:13:13","slug":"biljana-stepanovic-biografija","status":"publish","type":"page","link":"https:\/\/proglas.co.rs\/en\/biljana-stepanovic-biografija\/","title":{"rendered":"Biljana Stepanovi\u0107 biography"},"content":{"rendered":"<div data-elementor-type=\"wp-page\" data-elementor-id=\"9479\" class=\"elementor elementor-9479\" data-elementor-post-type=\"page\">\n\t\t\t\t\t\t<section class=\"has_eae_slider elementor-section elementor-top-section elementor-element elementor-element-3867f2d elementor-section-boxed elementor-section-height-default elementor-section-height-default\" data-eae-slider=\"40362\" data-id=\"3867f2d\" data-element_type=\"section\" data-e-type=\"section\">\n\t\t\t\t\t\t<div class=\"elementor-container elementor-column-gap-default\">\n\t\t\t\t\t<div class=\"has_eae_slider elementor-column elementor-col-100 elementor-top-column elementor-element elementor-element-acaa99f\" data-eae-slider=\"62124\" data-id=\"acaa99f\" data-element_type=\"column\" data-e-type=\"column\">\n\t\t\t<div class=\"elementor-widget-wrap elementor-element-populated\">\n\t\t\t\t\t\t<div class=\"elementor-element elementor-element-06d83ba elementor-widget elementor-widget-heading\" data-id=\"06d83ba\" data-element_type=\"widget\" data-e-type=\"widget\" data-widget_type=\"heading.default\">\n\t\t\t\t<div class=\"elementor-widget-container\">\n\t\t\t\t\t<h2 class=\"elementor-heading-title elementor-size-default\">Biljana Stepanovi\u0107 biography<\/h2>\t\t\t\t<\/div>\n\t\t\t\t<\/div>\n\t\t\t\t\t<\/div>\n\t\t<\/div>\n\t\t\t\t\t<\/div>\n\t\t<\/section>\n\t\t\t\t<section class=\"has_eae_slider elementor-section elementor-top-section elementor-element elementor-element-b7ae381 elementor-section-full_width elementor-section-height-default elementor-section-height-default\" data-eae-slider=\"20404\" data-id=\"b7ae381\" data-element_type=\"section\" data-e-type=\"section\">\n\t\t\t\t\t\t<div class=\"elementor-container elementor-column-gap-default\">\n\t\t\t\t\t<div class=\"has_eae_slider elementor-column elementor-col-100 elementor-top-column elementor-element elementor-element-b2ed0a6\" data-eae-slider=\"36783\" data-id=\"b2ed0a6\" data-element_type=\"column\" data-e-type=\"column\">\n\t\t\t<div class=\"elementor-widget-wrap elementor-element-populated\">\n\t\t\t\t\t\t<section class=\"has_eae_slider elementor-section elementor-inner-section elementor-element elementor-element-2700b91 elementor-section-boxed elementor-section-height-default elementor-section-height-default\" data-eae-slider=\"8095\" data-id=\"2700b91\" data-element_type=\"section\" data-e-type=\"section\">\n\t\t\t\t\t\t<div class=\"elementor-container elementor-column-gap-default\">\n\t\t\t\t\t<div class=\"has_eae_slider elementor-column elementor-col-50 elementor-inner-column elementor-element elementor-element-beae583\" data-eae-slider=\"47432\" data-id=\"beae583\" data-element_type=\"column\" data-e-type=\"column\">\n\t\t\t<div class=\"elementor-widget-wrap elementor-element-populated\">\n\t\t\t\t\t\t<div class=\"elementor-element elementor-element-63574d0 elementor-widget elementor-widget-image\" data-id=\"63574d0\" data-element_type=\"widget\" data-e-type=\"widget\" data-widget_type=\"image.default\">\n\t\t\t\t<div class=\"elementor-widget-container\">\n\t\t\t\t\t\t\t\t\t\t\t\t\t\t\t<img fetchpriority=\"high\" decoding=\"async\" width=\"640\" height=\"427\" src=\"https:\/\/proglas.co.rs\/wp-content\/uploads\/2024\/03\/NB_06273.jpg\" class=\"attachment-large size-large wp-image-9414\" alt=\"\" srcset=\"https:\/\/proglas.co.rs\/wp-content\/uploads\/2024\/03\/NB_06273.jpg 850w, https:\/\/proglas.co.rs\/wp-content\/uploads\/2024\/03\/NB_06273-300x200.jpg 300w, https:\/\/proglas.co.rs\/wp-content\/uploads\/2024\/03\/NB_06273-768x512.jpg 768w\" sizes=\"(max-width: 640px) 100vw, 640px\" \/>\t\t\t\t\t\t\t\t\t\t\t\t\t\t\t<\/div>\n\t\t\t\t<\/div>\n\t\t\t\t\t<\/div>\n\t\t<\/div>\n\t\t\t\t<div class=\"has_eae_slider elementor-column elementor-col-50 elementor-inner-column elementor-element elementor-element-4158a3e\" data-eae-slider=\"259\" data-id=\"4158a3e\" data-element_type=\"column\" data-e-type=\"column\">\n\t\t\t<div class=\"elementor-widget-wrap elementor-element-populated\">\n\t\t\t\t\t\t<div class=\"elementor-element elementor-element-7192cdd elementor-widget elementor-widget-text-editor\" data-id=\"7192cdd\" data-element_type=\"widget\" data-e-type=\"widget\" data-widget_type=\"text-editor.default\">\n\t\t\t\t<div class=\"elementor-widget-container\">\n\t\t\t\t\t\t\t\t\t<p>Biljana Stepanovi\u0107 is the founder and CEO of Business Info Group, a media company that publishes the monthly magazine Nova ekonomija, the daily economic portal <a href=\"http:\/\/www.novaekonomija.rs\">www.novaekonomija.rs<\/a> and several annual specialized editions. She organizes domestic and international B2B conferences and conducts courses and training for companies, organizations, institutions, and students.<\/p><p>She has organized over 150 domestic and international conferences, round tables, and debates on various economic, environmental, and social topics. She regularly organizes conferences and debates on professional media work, ethical reporting and advertising, and compliance with journalists' codes of conduct.<\/p><p>She is the author of the Handbook for Economic Journalists with the support of the OSCE and is an OSCE lecturer in the field of communication, public speaking, and media relations. In cooperation with the OSCE and the Thomson Foundation, she has authored several online courses on economic journalism and media relations.<\/p><p>She has published two books of interviews with leading journalists in Serbia featuring 100 public figures from various professions in Serbia, published in Nova ekonomija, on how to improve Serbian society and the state and stop the decline and destruction of institutions, titled \"Ne\u0107u da \u0107utim\" (I Won't Be Silent) and \"Ho\u0107u da ka\u017eem\" (I Want to Say).<\/p><p>Sara\u0111uje sa velikim brojem doma\u0107ih i me\u0111unarodnih organizacija.<\/p><p>She is a member of the Board of Directors of the Association of Media of Serbia.<\/p><p>She is a regular columnist for the N1 portal.<\/p><p>Previous Work:<\/p><ul><li>She was the director of Ekonomist Media Group when it was the leading economic media company in Serbia.<\/li><li>She founded and led the monthly magazine \"Bankar\" within the same group.<\/li><li>She hosted three economic TV shows on national television: \"Bu\u0111elar\" on TV B92, \"Ekonom i ja\" on RTS, and \"Ekonomija 3\" on TV Vojvodina.<\/li><li>She was the economics editor on television, radio, and the B92 web portal.<\/li><li>She was a columnist for the daily newspaper Danas.<\/li><li>She was a long-time correspondent for Radio Free Europe in Serbia (RFE).<\/li><li>She worked as an economic journalist at the weekly magazine NIN.<\/li><li>She began her career at the daily newspaper Borba in 1987 during her studies, at a time when that newspaper was declared the newspaper of the year in the former Yugoslavia. Together with most of the editorial staff, she participated in the founding of the daily newspaper Na\u0161a Borba.<\/li><\/ul><p>She graduated from the Faculty of Political Sciences in Belgrade, journalism department. She has been involved in economic journalism since the beginning of her career.<\/p>\t\t\t\t\t\t\t\t<\/div>\n\t\t\t\t<\/div>\n\t\t\t\t\t<\/div>\n\t\t<\/div>\n\t\t\t\t\t<\/div>\n\t\t<\/section>\n\t\t\t\t\t<\/div>\n\t\t<\/div>\n\t\t\t\t\t<\/div>\n\t\t<\/section>\n\t\t\t\t<\/div>","protected":false},"excerpt":{"rendered":"<p>Biljana Stepanovi\u0107 je osniva\u010dica i generalna direktorka Business Info Group, medijske ku\u0107e koja izdaje mese\u010dni \u010dasopis Nova ekonomija, dnevni ekonomski portal www.novaekonomija.rs i nekoliko godi\u0161njih specijalizovanih edicija. Organizuje doma\u0107e i me\u0111unarodne B2B konferencije i radi kurseve i treninge za kompanije, organizacije, institucije i studente. Organizovala je vi\u0161e od 150 doma\u0107ih i me\u0111unarodnih konferencija, okruglih stolova [&hellip;]<\/p>","protected":false},"author":1,"featured_media":0,"parent":0,"menu_order":0,"comment_status":"closed","ping_status":"closed","template":"elementor_header_footer","meta":{"footnotes":""},"class_list":["post-9479","page","type-page","status-publish","hentry"],"yoast_head":"<!-- This site is optimized with the Yoast SEO plugin v26.9 - https:\/\/yoast.com\/product\/yoast-seo-wordpress\/ -->\n<title>Biljana Stepanovi\u0107 biografija - Proglas<\/title>\n<meta name=\"robots\" content=\"index, follow, max-snippet:-1, max-image-preview:large, max-video-preview:-1\" \/>\n<link rel=\"canonical\" href=\"https:\/\/proglas.co.rs\/en\/biljana-stepanovic-biografija\/\" \/>\n<meta property=\"og:locale\" content=\"en_US\" \/>\n<meta property=\"og:type\" content=\"article\" \/>\n<meta property=\"og:title\" content=\"Biljana Stepanovi\u0107 biografija - Proglas\" \/>\n<meta property=\"og:description\" content=\"Biljana Stepanovi\u0107 je osniva\u010dica i generalna direktorka Business Info Group, medijske ku\u0107e koja izdaje mese\u010dni \u010dasopis Nova ekonomija, dnevni ekonomski portal www.novaekonomija.rs i nekoliko godi\u0161njih specijalizovanih edicija. Organizuje doma\u0107e i me\u0111unarodne B2B konferencije i radi kurseve i treninge za kompanije, organizacije, institucije i studente. Organizovala je vi\u0161e od 150 doma\u0107ih i me\u0111unarodnih konferencija, okruglih stolova [&hellip;]\" \/>\n<meta property=\"og:url\" content=\"https:\/\/proglas.co.rs\/en\/biljana-stepanovic-biografija\/\" \/>\n<meta property=\"og:site_name\" content=\"Proglas\" \/>\n<meta property=\"article:publisher\" content=\"https:\/\/www.facebook.com\/pro.glas.rs?mibextid=9R9pXO\" \/>\n<meta property=\"article:modified_time\" content=\"2024-08-08T20:13:13+00:00\" \/>\n<meta property=\"og:image\" content=\"https:\/\/proglas.co.rs\/wp-content\/uploads\/2024\/03\/NB_06273.jpg\" \/>\n<meta name=\"twitter:card\" content=\"summary_large_image\" \/>\n<meta name=\"twitter:site\" content=\"@pro_glas_rs\" \/>\n<meta name=\"twitter:label1\" content=\"Est. reading time\" \/>\n\t<meta name=\"twitter:data1\" content=\"2 minutes\" \/>\n<script type=\"application\/ld+json\" class=\"yoast-schema-graph\">{\"@context\":\"https:\/\/schema.org\",\"@graph\":[{\"@type\":\"WebPage\",\"@id\":\"https:\/\/proglas.co.rs\/biljana-stepanovic-biografija\/\",\"url\":\"https:\/\/proglas.co.rs\/biljana-stepanovic-biografija\/\",\"name\":\"Biljana Stepanovi\u0107 biografija - Proglas\",\"isPartOf\":{\"@id\":\"https:\/\/proglas.co.rs\/#website\"},\"primaryImageOfPage\":{\"@id\":\"https:\/\/proglas.co.rs\/biljana-stepanovic-biografija\/#primaryimage\"},\"image\":{\"@id\":\"https:\/\/proglas.co.rs\/biljana-stepanovic-biografija\/#primaryimage\"},\"thumbnailUrl\":\"https:\/\/proglas.co.rs\/wp-content\/uploads\/2024\/03\/NB_06273.jpg\",\"datePublished\":\"2024-03-28T16:07:47+00:00\",\"dateModified\":\"2024-08-08T20:13:13+00:00\",\"breadcrumb\":{\"@id\":\"https:\/\/proglas.co.rs\/biljana-stepanovic-biografija\/#breadcrumb\"},\"inLanguage\":\"en-US\",\"potentialAction\":[{\"@type\":\"ReadAction\",\"target\":[\"https:\/\/proglas.co.rs\/biljana-stepanovic-biografija\/\"]}]},{\"@type\":\"ImageObject\",\"inLanguage\":\"en-US\",\"@id\":\"https:\/\/proglas.co.rs\/biljana-stepanovic-biografija\/#primaryimage\",\"url\":\"https:\/\/proglas.co.rs\/wp-content\/uploads\/2024\/03\/NB_06273.jpg\",\"contentUrl\":\"https:\/\/proglas.co.rs\/wp-content\/uploads\/2024\/03\/NB_06273.jpg\"},{\"@type\":\"BreadcrumbList\",\"@id\":\"https:\/\/proglas.co.rs\/biljana-stepanovic-biografija\/#breadcrumb\",\"itemListElement\":[{\"@type\":\"ListItem\",\"position\":1,\"name\":\"Po\u010detna\",\"item\":\"https:\/\/proglas.co.rs\/\"},{\"@type\":\"ListItem\",\"position\":2,\"name\":\"Biljana Stepanovi\u0107 biografija\"}]},{\"@type\":\"WebSite\",\"@id\":\"https:\/\/proglas.co.rs\/#website\",\"url\":\"https:\/\/proglas.co.rs\/\",\"name\":\"Proglas\",\"description\":\"\",\"publisher\":{\"@id\":\"https:\/\/proglas.co.rs\/#organization\"},\"potentialAction\":[{\"@type\":\"SearchAction\",\"target\":{\"@type\":\"EntryPoint\",\"urlTemplate\":\"https:\/\/proglas.co.rs\/?s={search_term_string}\"},\"query-input\":{\"@type\":\"PropertyValueSpecification\",\"valueRequired\":true,\"valueName\":\"search_term_string\"}}],\"inLanguage\":\"en-US\"},{\"@type\":\"Organization\",\"@id\":\"https:\/\/proglas.co.rs\/#organization\",\"name\":\"Proglas\",\"url\":\"https:\/\/proglas.co.rs\/\",\"logo\":{\"@type\":\"ImageObject\",\"inLanguage\":\"en-US\",\"@id\":\"https:\/\/proglas.co.rs\/#\/schema\/logo\/image\/\",\"url\":\"https:\/\/proglas.co.rs\/wp-content\/uploads\/2024\/03\/prolgas-logo-png.webp\",\"contentUrl\":\"https:\/\/proglas.co.rs\/wp-content\/uploads\/2024\/03\/prolgas-logo-png.webp\",\"width\":388,\"height\":110,\"caption\":\"Proglas\"},\"image\":{\"@id\":\"https:\/\/proglas.co.rs\/#\/schema\/logo\/image\/\"},\"sameAs\":[\"https:\/\/www.facebook.com\/pro.glas.rs?mibextid=9R9pXO\",\"https:\/\/x.com\/pro_glas_rs\",\"https:\/\/www.tiktok.com\/@pro_glas_rs?_t=8hC7kX6SLDi&_r=1\",\"https:\/\/www.youtube.com\/@pro_glas_rs\/\",\"https:\/\/instagram.com\/pro_glas_rs?igshid=djcxcGp2emdveDBm\"]}]}<\/script>\n<!-- \/ Yoast SEO plugin. -->","yoast_head_json":{"title":"Biljana Stepanovi\u0107 biografija - Proglas","robots":{"index":"index","follow":"follow","max-snippet":"max-snippet:-1","max-image-preview":"max-image-preview:large","max-video-preview":"max-video-preview:-1"},"canonical":"https:\/\/proglas.co.rs\/en\/biljana-stepanovic-biografija\/","og_locale":"en_US","og_type":"article","og_title":"Biljana Stepanovi\u0107 biografija - Proglas","og_description":"Biljana Stepanovi\u0107 je osniva\u010dica i generalna direktorka Business Info Group, medijske ku\u0107e koja izdaje mese\u010dni \u010dasopis Nova ekonomija, dnevni ekonomski portal www.novaekonomija.rs i nekoliko godi\u0161njih specijalizovanih edicija. Organizuje doma\u0107e i me\u0111unarodne B2B konferencije i radi kurseve i treninge za kompanije, organizacije, institucije i studente. Organizovala je vi\u0161e od 150 doma\u0107ih i me\u0111unarodnih konferencija, okruglih stolova [&hellip;]","og_url":"https:\/\/proglas.co.rs\/en\/biljana-stepanovic-biografija\/","og_site_name":"Proglas","article_publisher":"https:\/\/www.facebook.com\/pro.glas.rs?mibextid=9R9pXO","article_modified_time":"2024-08-08T20:13:13+00:00","og_image":[{"url":"https:\/\/proglas.co.rs\/wp-content\/uploads\/2024\/03\/NB_06273.jpg","type":"","width":"","height":""}],"twitter_card":"summary_large_image","twitter_site":"@pro_glas_rs","twitter_misc":{"Est. reading time":"2 minutes"},"schema":{"@context":"https:\/\/schema.org","@graph":[{"@type":"WebPage","@id":"https:\/\/proglas.co.rs\/biljana-stepanovic-biografija\/","url":"https:\/\/proglas.co.rs\/biljana-stepanovic-biografija\/","name":"Biljana Stepanovi\u0107 biografija - Proglas","isPartOf":{"@id":"https:\/\/proglas.co.rs\/#website"},"primaryImageOfPage":{"@id":"https:\/\/proglas.co.rs\/biljana-stepanovic-biografija\/#primaryimage"},"image":{"@id":"https:\/\/proglas.co.rs\/biljana-stepanovic-biografija\/#primaryimage"},"thumbnailUrl":"https:\/\/proglas.co.rs\/wp-content\/uploads\/2024\/03\/NB_06273.jpg","datePublished":"2024-03-28T16:07:47+00:00","dateModified":"2024-08-08T20:13:13+00:00","breadcrumb":{"@id":"https:\/\/proglas.co.rs\/biljana-stepanovic-biografija\/#breadcrumb"},"inLanguage":"en-US","potentialAction":[{"@type":"ReadAction","target":["https:\/\/proglas.co.rs\/biljana-stepanovic-biografija\/"]}]},{"@type":"ImageObject","inLanguage":"en-US","@id":"https:\/\/proglas.co.rs\/biljana-stepanovic-biografija\/#primaryimage","url":"https:\/\/proglas.co.rs\/wp-content\/uploads\/2024\/03\/NB_06273.jpg","contentUrl":"https:\/\/proglas.co.rs\/wp-content\/uploads\/2024\/03\/NB_06273.jpg"},{"@type":"BreadcrumbList","@id":"https:\/\/proglas.co.rs\/biljana-stepanovic-biografija\/#breadcrumb","itemListElement":[{"@type":"ListItem","position":1,"name":"Po\u010detna","item":"https:\/\/proglas.co.rs\/"},{"@type":"ListItem","position":2,"name":"Biljana Stepanovi\u0107 biografija"}]},{"@type":"WebSite","@id":"https:\/\/proglas.co.rs\/#website","url":"https:\/\/proglas.co.rs\/","name":"Proglas","description":"","publisher":{"@id":"https:\/\/proglas.co.rs\/#organization"},"potentialAction":[{"@type":"SearchAction","target":{"@type":"EntryPoint","urlTemplate":"https:\/\/proglas.co.rs\/?s={search_term_string}"},"query-input":{"@type":"PropertyValueSpecification","valueRequired":true,"valueName":"search_term_string"}}],"inLanguage":"en-US"},{"@type":"Organization","@id":"https:\/\/proglas.co.rs\/#organization","name":"Proglas","url":"https:\/\/proglas.co.rs\/","logo":{"@type":"ImageObject","inLanguage":"en-US","@id":"https:\/\/proglas.co.rs\/#\/schema\/logo\/image\/","url":"https:\/\/proglas.co.rs\/wp-content\/uploads\/2024\/03\/prolgas-logo-png.webp","contentUrl":"https:\/\/proglas.co.rs\/wp-content\/uploads\/2024\/03\/prolgas-logo-png.webp","width":388,"height":110,"caption":"Proglas"},"image":{"@id":"https:\/\/proglas.co.rs\/#\/schema\/logo\/image\/"},"sameAs":["https:\/\/www.facebook.com\/pro.glas.rs?mibextid=9R9pXO","https:\/\/x.com\/pro_glas_rs","https:\/\/www.tiktok.com\/@pro_glas_rs?_t=8hC7kX6SLDi&_r=1","https:\/\/www.youtube.com\/@pro_glas_rs\/","https:\/\/instagram.com\/pro_glas_rs?igshid=djcxcGp2emdveDBm"]}]}},"_links":{"self":[{"href":"https:\/\/proglas.co.rs\/en\/wp-json\/wp\/v2\/pages\/9479","targetHints":{"allow":["GET"]}}],"collection":[{"href":"https:\/\/proglas.co.rs\/en\/wp-json\/wp\/v2\/pages"}],"about":[{"href":"https:\/\/proglas.co.rs\/en\/wp-json\/wp\/v2\/types\/page"}],"author":[{"embeddable":true,"href":"https:\/\/proglas.co.rs\/en\/wp-json\/wp\/v2\/users\/1"}],"replies":[{"embeddable":true,"href":"https:\/\/proglas.co.rs\/en\/wp-json\/wp\/v2\/comments?post=9479"}],"version-history":[{"count":7,"href":"https:\/\/proglas.co.rs\/en\/wp-json\/wp\/v2\/pages\/9479\/revisions"}],"predecessor-version":[{"id":10283,"href":"https:\/\/proglas.co.rs\/en\/wp-json\/wp\/v2\/pages\/9479\/revisions\/10283"}],"wp:attachment":[{"href":"https:\/\/proglas.co.rs\/en\/wp-json\/wp\/v2\/media?parent=9479"}],"curies":[{"name":"wp","href":"https:\/\/api.w.org\/{rel}","templated":true}]}}