{"id":9572,"date":"2024-04-05T11:52:14","date_gmt":"2024-04-05T11:52:14","guid":{"rendered":"https:\/\/pg.swipeup.rs\/?page_id=9572"},"modified":"2024-04-05T11:54:02","modified_gmt":"2024-04-05T11:54:02","slug":"dragan-bjelogrlic-biografija","status":"publish","type":"page","link":"https:\/\/proglas.co.rs\/en\/dragan-bjelogrlic-biografija\/","title":{"rendered":"Dragan Bjelogrli\u0107 biografija"},"content":{"rendered":"<div data-elementor-type=\"wp-page\" data-elementor-id=\"9572\" class=\"elementor elementor-9572\" data-elementor-post-type=\"page\">\n\t\t\t\t\t\t<section class=\"has_eae_slider elementor-section elementor-top-section elementor-element elementor-element-3867f2d elementor-section-boxed elementor-section-height-default elementor-section-height-default\" data-eae-slider=\"311\" data-id=\"3867f2d\" data-element_type=\"section\" data-e-type=\"section\">\n\t\t\t\t\t\t<div class=\"elementor-container elementor-column-gap-default\">\n\t\t\t\t\t<div class=\"has_eae_slider elementor-column elementor-col-100 elementor-top-column elementor-element elementor-element-acaa99f\" data-eae-slider=\"54221\" data-id=\"acaa99f\" data-element_type=\"column\" data-e-type=\"column\">\n\t\t\t<div class=\"elementor-widget-wrap elementor-element-populated\">\n\t\t\t\t\t\t<div class=\"elementor-element elementor-element-06d83ba elementor-widget elementor-widget-heading\" data-id=\"06d83ba\" data-element_type=\"widget\" data-e-type=\"widget\" data-widget_type=\"heading.default\">\n\t\t\t\t<div class=\"elementor-widget-container\">\n\t\t\t\t\t<h2 class=\"elementor-heading-title elementor-size-default\">Dragan Bjelogrli\u0107 biografija<\/h2>\t\t\t\t<\/div>\n\t\t\t\t<\/div>\n\t\t\t\t\t<\/div>\n\t\t<\/div>\n\t\t\t\t\t<\/div>\n\t\t<\/section>\n\t\t\t\t<section class=\"has_eae_slider elementor-section elementor-top-section elementor-element elementor-element-b7ae381 elementor-section-full_width elementor-section-height-default elementor-section-height-default\" data-eae-slider=\"96642\" data-id=\"b7ae381\" data-element_type=\"section\" data-e-type=\"section\">\n\t\t\t\t\t\t<div class=\"elementor-container elementor-column-gap-default\">\n\t\t\t\t\t<div class=\"has_eae_slider elementor-column elementor-col-100 elementor-top-column elementor-element elementor-element-b2ed0a6\" data-eae-slider=\"31547\" data-id=\"b2ed0a6\" data-element_type=\"column\" data-e-type=\"column\">\n\t\t\t<div class=\"elementor-widget-wrap elementor-element-populated\">\n\t\t\t\t\t\t<section class=\"has_eae_slider elementor-section elementor-inner-section elementor-element elementor-element-2700b91 elementor-section-boxed elementor-section-height-default elementor-section-height-default\" data-eae-slider=\"35036\" data-id=\"2700b91\" data-element_type=\"section\" data-e-type=\"section\">\n\t\t\t\t\t\t<div class=\"elementor-container elementor-column-gap-default\">\n\t\t\t\t\t<div class=\"has_eae_slider elementor-column elementor-col-50 elementor-inner-column elementor-element elementor-element-beae583\" data-eae-slider=\"29396\" data-id=\"beae583\" data-element_type=\"column\" data-e-type=\"column\">\n\t\t\t<div class=\"elementor-widget-wrap elementor-element-populated\">\n\t\t\t\t\t\t<div class=\"elementor-element elementor-element-63574d0 elementor-widget elementor-widget-image\" data-id=\"63574d0\" data-element_type=\"widget\" data-e-type=\"widget\" data-widget_type=\"image.default\">\n\t\t\t\t<div class=\"elementor-widget-container\">\n\t\t\t\t\t\t\t\t\t\t\t\t\t\t\t<img fetchpriority=\"high\" decoding=\"async\" width=\"640\" height=\"427\" src=\"https:\/\/proglas.co.rs\/wp-content\/uploads\/2024\/04\/bjelogrlic-768x512-1.jpg\" class=\"attachment-large size-large wp-image-9568\" alt=\"\" srcset=\"https:\/\/proglas.co.rs\/wp-content\/uploads\/2024\/04\/bjelogrlic-768x512-1.jpg 768w, https:\/\/proglas.co.rs\/wp-content\/uploads\/2024\/04\/bjelogrlic-768x512-1-300x200.jpg 300w\" sizes=\"(max-width: 640px) 100vw, 640px\" \/>\t\t\t\t\t\t\t\t\t\t\t\t\t\t\t<\/div>\n\t\t\t\t<\/div>\n\t\t\t\t\t<\/div>\n\t\t<\/div>\n\t\t\t\t<div class=\"has_eae_slider elementor-column elementor-col-50 elementor-inner-column elementor-element elementor-element-4158a3e\" data-eae-slider=\"17504\" data-id=\"4158a3e\" data-element_type=\"column\" data-e-type=\"column\">\n\t\t\t<div class=\"elementor-widget-wrap elementor-element-populated\">\n\t\t\t\t\t\t<div class=\"elementor-element elementor-element-7192cdd elementor-widget elementor-widget-text-editor\" data-id=\"7192cdd\" data-element_type=\"widget\" data-e-type=\"widget\" data-widget_type=\"text-editor.default\">\n\t\t\t\t<div class=\"elementor-widget-container\">\n\t\t\t\t\t\t\t\t\t<p>Dragan Bjelogrli\u0107 is one of the greatest Serbian actors, directors, and producers. In addition to a successful acting career, he has dedicated the last two decades to producing and directing films and TV series, thus becoming one of the most recognized and successful filmmakers in the entire region.<\/p><p>Dragan Bjelogrli\u0107 was born on October 10, 1963, and after completing primary and secondary school in Belgrade, he enrolled in the Faculty of Dramatic Arts, where he graduated in 1989. At the age of 15, he had his first role, portraying Sava Jovanovi\u0107 Sirogojno in the film \"Bo\u0161ko Buha\", after which he appeared in significant domestic film and TV projects. Over his 40-year professional career, Dragan Bjelogrli\u0107 has appeared in more than 90 films and TV series, while also performing in productions at major domestic theaters. <br \/><br \/>In early 1994, he founded the production company \"COBRA FILM,\" which is behind some of the most famous feature films, TV series, and theater productions. As a director, Bjelogrli\u0107 has helmed 7 films and TV series, while as a producer, he has worked on 13 significant Serbian cinematic titles. Throughout his long career, he has also excelled as a writer and screenwriter of numerous works.<\/p><p>As a director, he made his debut with the film and TV series \"Montevideo, Bog te video,\" which broke all previous box office records, and the film was selected to represent Serbia at the Oscars.<\/p><p>Following that, he achieved great success with the series \"Senke nad Balkanom,\" which became the first Serbian TV series to be broadcast on the Amazon Prime platform.<\/p><p>Immediately afterward, in 2021, Bjelogrli\u0107 directed and produced the film \"Toma,\" which became the most-watched Serbian film in the last 20 years, with over a million viewers. Just two years later, he brought the captivating story of \"\u010cuvari formule,\" about a nuclear accident in Vin\u010da. Besides winning numerous awards at prestigious international festivals from Locarno to Beijing, \"\u010cuvari formule\" also became the highest-grossing domestic film in 2023.<\/p><p>Dragan Bjelogrli\u0107 has received all significant acting awards, more than 20 international recognitions for his directing and producing work, as well as numerous awards for his contribution to the development of culture and the arts. For over 30 years, he has been an active participant in the social dialogue aimed at establishing democratic values.<\/p><p>Three years ago, he founded a Master class at the Faculty of Media and Communications, University of Singidunum in Belgrade.<\/p><p>He is married to Maja Bjelogrli\u0107, with whom he has a daughter, Mia, and a son, Aleksej.<\/p>\t\t\t\t\t\t\t\t<\/div>\n\t\t\t\t<\/div>\n\t\t\t\t\t<\/div>\n\t\t<\/div>\n\t\t\t\t\t<\/div>\n\t\t<\/section>\n\t\t\t\t\t<\/div>\n\t\t<\/div>\n\t\t\t\t\t<\/div>\n\t\t<\/section>\n\t\t\t\t<\/div>","protected":false},"excerpt":{"rendered":"<p>Dragan Bjelogrlic\u0301 jedan je od najvec\u0301ih srpskih glumaca, reditelja i producenata. Pored uspe\u0161ne gluma\u010dke karijere, poslednje dve decenije posvetio se produkciji i re\u017eiji filmova i TV serija, \u010dime je postao jedan od najpriznatijih i najuspe\u0161nijih filmskih stvaralaca u \u010ditavom regionu. Dragan Bjelogrlic\u0301 je ro\u0111en 10. oktobra 1963. godine i nakon zavr\u0161ene osnovne i srednje \u0161kole [&hellip;]<\/p>","protected":false},"author":1,"featured_media":9568,"parent":0,"menu_order":0,"comment_status":"closed","ping_status":"closed","template":"elementor_header_footer","meta":{"footnotes":""},"class_list":["post-9572","page","type-page","status-publish","has-post-thumbnail","hentry"],"yoast_head":"<!-- This site is optimized with the Yoast SEO plugin v26.9 - https:\/\/yoast.com\/product\/yoast-seo-wordpress\/ -->\n<title>Dragan Bjelogrli\u0107 biografija - Proglas<\/title>\n<meta name=\"robots\" content=\"index, follow, max-snippet:-1, max-image-preview:large, max-video-preview:-1\" \/>\n<link rel=\"canonical\" href=\"https:\/\/proglas.co.rs\/en\/dragan-bjelogrlic-biografija\/\" \/>\n<meta property=\"og:locale\" content=\"en_US\" \/>\n<meta property=\"og:type\" content=\"article\" \/>\n<meta property=\"og:title\" content=\"Dragan Bjelogrli\u0107 biografija - Proglas\" \/>\n<meta property=\"og:description\" content=\"Dragan Bjelogrlic\u0301 jedan je od najvec\u0301ih srpskih glumaca, reditelja i producenata. Pored uspe\u0161ne gluma\u010dke karijere, poslednje dve decenije posvetio se produkciji i re\u017eiji filmova i TV serija, \u010dime je postao jedan od najpriznatijih i najuspe\u0161nijih filmskih stvaralaca u \u010ditavom regionu. Dragan Bjelogrlic\u0301 je ro\u0111en 10. oktobra 1963. godine i nakon zavr\u0161ene osnovne i srednje \u0161kole [&hellip;]\" \/>\n<meta property=\"og:url\" content=\"https:\/\/proglas.co.rs\/en\/dragan-bjelogrlic-biografija\/\" \/>\n<meta property=\"og:site_name\" content=\"Proglas\" \/>\n<meta property=\"article:publisher\" content=\"https:\/\/www.facebook.com\/pro.glas.rs?mibextid=9R9pXO\" \/>\n<meta property=\"article:modified_time\" content=\"2024-04-05T11:54:02+00:00\" \/>\n<meta property=\"og:image\" content=\"https:\/\/proglas.co.rs\/wp-content\/uploads\/2024\/04\/bjelogrlic-768x512-1.jpg\" \/>\n\t<meta property=\"og:image:width\" content=\"768\" \/>\n\t<meta property=\"og:image:height\" content=\"512\" \/>\n\t<meta property=\"og:image:type\" content=\"image\/jpeg\" \/>\n<meta name=\"twitter:card\" content=\"summary_large_image\" \/>\n<meta name=\"twitter:site\" content=\"@pro_glas_rs\" \/>\n<meta name=\"twitter:label1\" content=\"Est. reading time\" \/>\n\t<meta name=\"twitter:data1\" content=\"2 minutes\" \/>\n<script type=\"application\/ld+json\" class=\"yoast-schema-graph\">{\"@context\":\"https:\/\/schema.org\",\"@graph\":[{\"@type\":\"WebPage\",\"@id\":\"https:\/\/proglas.co.rs\/dragan-bjelogrlic-biografija\/\",\"url\":\"https:\/\/proglas.co.rs\/dragan-bjelogrlic-biografija\/\",\"name\":\"Dragan Bjelogrli\u0107 biografija - Proglas\",\"isPartOf\":{\"@id\":\"https:\/\/proglas.co.rs\/#website\"},\"primaryImageOfPage\":{\"@id\":\"https:\/\/proglas.co.rs\/dragan-bjelogrlic-biografija\/#primaryimage\"},\"image\":{\"@id\":\"https:\/\/proglas.co.rs\/dragan-bjelogrlic-biografija\/#primaryimage\"},\"thumbnailUrl\":\"https:\/\/proglas.co.rs\/wp-content\/uploads\/2024\/04\/bjelogrlic-768x512-1.jpg\",\"datePublished\":\"2024-04-05T11:52:14+00:00\",\"dateModified\":\"2024-04-05T11:54:02+00:00\",\"breadcrumb\":{\"@id\":\"https:\/\/proglas.co.rs\/dragan-bjelogrlic-biografija\/#breadcrumb\"},\"inLanguage\":\"en-US\",\"potentialAction\":[{\"@type\":\"ReadAction\",\"target\":[\"https:\/\/proglas.co.rs\/dragan-bjelogrlic-biografija\/\"]}]},{\"@type\":\"ImageObject\",\"inLanguage\":\"en-US\",\"@id\":\"https:\/\/proglas.co.rs\/dragan-bjelogrlic-biografija\/#primaryimage\",\"url\":\"https:\/\/proglas.co.rs\/wp-content\/uploads\/2024\/04\/bjelogrlic-768x512-1.jpg\",\"contentUrl\":\"https:\/\/proglas.co.rs\/wp-content\/uploads\/2024\/04\/bjelogrlic-768x512-1.jpg\",\"width\":768,\"height\":512},{\"@type\":\"BreadcrumbList\",\"@id\":\"https:\/\/proglas.co.rs\/dragan-bjelogrlic-biografija\/#breadcrumb\",\"itemListElement\":[{\"@type\":\"ListItem\",\"position\":1,\"name\":\"Po\u010detna\",\"item\":\"https:\/\/proglas.co.rs\/\"},{\"@type\":\"ListItem\",\"position\":2,\"name\":\"Dragan Bjelogrli\u0107 biografija\"}]},{\"@type\":\"WebSite\",\"@id\":\"https:\/\/proglas.co.rs\/#website\",\"url\":\"https:\/\/proglas.co.rs\/\",\"name\":\"Proglas\",\"description\":\"\",\"publisher\":{\"@id\":\"https:\/\/proglas.co.rs\/#organization\"},\"potentialAction\":[{\"@type\":\"SearchAction\",\"target\":{\"@type\":\"EntryPoint\",\"urlTemplate\":\"https:\/\/proglas.co.rs\/?s={search_term_string}\"},\"query-input\":{\"@type\":\"PropertyValueSpecification\",\"valueRequired\":true,\"valueName\":\"search_term_string\"}}],\"inLanguage\":\"en-US\"},{\"@type\":\"Organization\",\"@id\":\"https:\/\/proglas.co.rs\/#organization\",\"name\":\"Proglas\",\"url\":\"https:\/\/proglas.co.rs\/\",\"logo\":{\"@type\":\"ImageObject\",\"inLanguage\":\"en-US\",\"@id\":\"https:\/\/proglas.co.rs\/#\/schema\/logo\/image\/\",\"url\":\"https:\/\/proglas.co.rs\/wp-content\/uploads\/2024\/03\/prolgas-logo-png.webp\",\"contentUrl\":\"https:\/\/proglas.co.rs\/wp-content\/uploads\/2024\/03\/prolgas-logo-png.webp\",\"width\":388,\"height\":110,\"caption\":\"Proglas\"},\"image\":{\"@id\":\"https:\/\/proglas.co.rs\/#\/schema\/logo\/image\/\"},\"sameAs\":[\"https:\/\/www.facebook.com\/pro.glas.rs?mibextid=9R9pXO\",\"https:\/\/x.com\/pro_glas_rs\",\"https:\/\/www.tiktok.com\/@pro_glas_rs?_t=8hC7kX6SLDi&_r=1\",\"https:\/\/www.youtube.com\/@pro_glas_rs\/\",\"https:\/\/instagram.com\/pro_glas_rs?igshid=djcxcGp2emdveDBm\"]}]}<\/script>\n<!-- \/ Yoast SEO plugin. -->","yoast_head_json":{"title":"Dragan Bjelogrli\u0107 biografija - Proglas","robots":{"index":"index","follow":"follow","max-snippet":"max-snippet:-1","max-image-preview":"max-image-preview:large","max-video-preview":"max-video-preview:-1"},"canonical":"https:\/\/proglas.co.rs\/en\/dragan-bjelogrlic-biografija\/","og_locale":"en_US","og_type":"article","og_title":"Dragan Bjelogrli\u0107 biografija - Proglas","og_description":"Dragan Bjelogrlic\u0301 jedan je od najvec\u0301ih srpskih glumaca, reditelja i producenata. Pored uspe\u0161ne gluma\u010dke karijere, poslednje dve decenije posvetio se produkciji i re\u017eiji filmova i TV serija, \u010dime je postao jedan od najpriznatijih i najuspe\u0161nijih filmskih stvaralaca u \u010ditavom regionu. Dragan Bjelogrlic\u0301 je ro\u0111en 10. oktobra 1963. godine i nakon zavr\u0161ene osnovne i srednje \u0161kole [&hellip;]","og_url":"https:\/\/proglas.co.rs\/en\/dragan-bjelogrlic-biografija\/","og_site_name":"Proglas","article_publisher":"https:\/\/www.facebook.com\/pro.glas.rs?mibextid=9R9pXO","article_modified_time":"2024-04-05T11:54:02+00:00","og_image":[{"width":768,"height":512,"url":"https:\/\/proglas.co.rs\/wp-content\/uploads\/2024\/04\/bjelogrlic-768x512-1.jpg","type":"image\/jpeg"}],"twitter_card":"summary_large_image","twitter_site":"@pro_glas_rs","twitter_misc":{"Est. reading time":"2 minutes"},"schema":{"@context":"https:\/\/schema.org","@graph":[{"@type":"WebPage","@id":"https:\/\/proglas.co.rs\/dragan-bjelogrlic-biografija\/","url":"https:\/\/proglas.co.rs\/dragan-bjelogrlic-biografija\/","name":"Dragan Bjelogrli\u0107 biografija - Proglas","isPartOf":{"@id":"https:\/\/proglas.co.rs\/#website"},"primaryImageOfPage":{"@id":"https:\/\/proglas.co.rs\/dragan-bjelogrlic-biografija\/#primaryimage"},"image":{"@id":"https:\/\/proglas.co.rs\/dragan-bjelogrlic-biografija\/#primaryimage"},"thumbnailUrl":"https:\/\/proglas.co.rs\/wp-content\/uploads\/2024\/04\/bjelogrlic-768x512-1.jpg","datePublished":"2024-04-05T11:52:14+00:00","dateModified":"2024-04-05T11:54:02+00:00","breadcrumb":{"@id":"https:\/\/proglas.co.rs\/dragan-bjelogrlic-biografija\/#breadcrumb"},"inLanguage":"en-US","potentialAction":[{"@type":"ReadAction","target":["https:\/\/proglas.co.rs\/dragan-bjelogrlic-biografija\/"]}]},{"@type":"ImageObject","inLanguage":"en-US","@id":"https:\/\/proglas.co.rs\/dragan-bjelogrlic-biografija\/#primaryimage","url":"https:\/\/proglas.co.rs\/wp-content\/uploads\/2024\/04\/bjelogrlic-768x512-1.jpg","contentUrl":"https:\/\/proglas.co.rs\/wp-content\/uploads\/2024\/04\/bjelogrlic-768x512-1.jpg","width":768,"height":512},{"@type":"BreadcrumbList","@id":"https:\/\/proglas.co.rs\/dragan-bjelogrlic-biografija\/#breadcrumb","itemListElement":[{"@type":"ListItem","position":1,"name":"Po\u010detna","item":"https:\/\/proglas.co.rs\/"},{"@type":"ListItem","position":2,"name":"Dragan Bjelogrli\u0107 biografija"}]},{"@type":"WebSite","@id":"https:\/\/proglas.co.rs\/#website","url":"https:\/\/proglas.co.rs\/","name":"Proglas","description":"","publisher":{"@id":"https:\/\/proglas.co.rs\/#organization"},"potentialAction":[{"@type":"SearchAction","target":{"@type":"EntryPoint","urlTemplate":"https:\/\/proglas.co.rs\/?s={search_term_string}"},"query-input":{"@type":"PropertyValueSpecification","valueRequired":true,"valueName":"search_term_string"}}],"inLanguage":"en-US"},{"@type":"Organization","@id":"https:\/\/proglas.co.rs\/#organization","name":"Proglas","url":"https:\/\/proglas.co.rs\/","logo":{"@type":"ImageObject","inLanguage":"en-US","@id":"https:\/\/proglas.co.rs\/#\/schema\/logo\/image\/","url":"https:\/\/proglas.co.rs\/wp-content\/uploads\/2024\/03\/prolgas-logo-png.webp","contentUrl":"https:\/\/proglas.co.rs\/wp-content\/uploads\/2024\/03\/prolgas-logo-png.webp","width":388,"height":110,"caption":"Proglas"},"image":{"@id":"https:\/\/proglas.co.rs\/#\/schema\/logo\/image\/"},"sameAs":["https:\/\/www.facebook.com\/pro.glas.rs?mibextid=9R9pXO","https:\/\/x.com\/pro_glas_rs","https:\/\/www.tiktok.com\/@pro_glas_rs?_t=8hC7kX6SLDi&_r=1","https:\/\/www.youtube.com\/@pro_glas_rs\/","https:\/\/instagram.com\/pro_glas_rs?igshid=djcxcGp2emdveDBm"]}]}},"_links":{"self":[{"href":"https:\/\/proglas.co.rs\/en\/wp-json\/wp\/v2\/pages\/9572","targetHints":{"allow":["GET"]}}],"collection":[{"href":"https:\/\/proglas.co.rs\/en\/wp-json\/wp\/v2\/pages"}],"about":[{"href":"https:\/\/proglas.co.rs\/en\/wp-json\/wp\/v2\/types\/page"}],"author":[{"embeddable":true,"href":"https:\/\/proglas.co.rs\/en\/wp-json\/wp\/v2\/users\/1"}],"replies":[{"embeddable":true,"href":"https:\/\/proglas.co.rs\/en\/wp-json\/wp\/v2\/comments?post=9572"}],"version-history":[{"count":4,"href":"https:\/\/proglas.co.rs\/en\/wp-json\/wp\/v2\/pages\/9572\/revisions"}],"predecessor-version":[{"id":9577,"href":"https:\/\/proglas.co.rs\/en\/wp-json\/wp\/v2\/pages\/9572\/revisions\/9577"}],"wp:featuredmedia":[{"embeddable":true,"href":"https:\/\/proglas.co.rs\/en\/wp-json\/wp\/v2\/media\/9568"}],"wp:attachment":[{"href":"https:\/\/proglas.co.rs\/en\/wp-json\/wp\/v2\/media?parent=9572"}],"curies":[{"name":"wp","href":"https:\/\/api.w.org\/{rel}","templated":true}]}}