{"id":9619,"date":"2024-04-05T14:33:05","date_gmt":"2024-04-05T14:33:05","guid":{"rendered":"https:\/\/pg.swipeup.rs\/?page_id=9619"},"modified":"2024-04-06T12:29:15","modified_gmt":"2024-04-06T12:29:15","slug":"ciljevi","status":"publish","type":"page","link":"https:\/\/proglas.co.rs\/en\/ciljevi\/","title":{"rendered":"Goals"},"content":{"rendered":"<div data-elementor-type=\"wp-page\" data-elementor-id=\"9619\" class=\"elementor elementor-9619\" data-elementor-post-type=\"page\">\n\t\t\t\t\t\t<section class=\"has_eae_slider elementor-section elementor-top-section elementor-element elementor-element-1224f71 elementor-section-boxed elementor-section-height-default elementor-section-height-default\" data-eae-slider=\"14504\" data-id=\"1224f71\" data-element_type=\"section\" data-e-type=\"section\">\n\t\t\t\t\t\t<div class=\"elementor-container elementor-column-gap-default\">\n\t\t\t\t\t<div class=\"has_eae_slider elementor-column elementor-col-100 elementor-top-column elementor-element elementor-element-5ce6ec4\" data-eae-slider=\"67109\" data-id=\"5ce6ec4\" data-element_type=\"column\" data-e-type=\"column\">\n\t\t\t<div class=\"elementor-widget-wrap elementor-element-populated\">\n\t\t\t\t\t\t<div class=\"elementor-element elementor-element-aa9c9cb elementor-widget elementor-widget-heading\" data-id=\"aa9c9cb\" data-element_type=\"widget\" data-e-type=\"widget\" data-widget_type=\"heading.default\">\n\t\t\t\t<div class=\"elementor-widget-container\">\n\t\t\t\t\t<h2 class=\"elementor-heading-title elementor-size-default\">ProGlas's goals<\/h2>\t\t\t\t<\/div>\n\t\t\t\t<\/div>\n\t\t\t\t\t<\/div>\n\t\t<\/div>\n\t\t\t\t\t<\/div>\n\t\t<\/section>\n\t\t\t\t<section class=\"has_eae_slider elementor-section elementor-top-section elementor-element elementor-element-db04ea4 elementor-section-boxed elementor-section-height-default elementor-section-height-default\" data-eae-slider=\"91415\" data-id=\"db04ea4\" data-element_type=\"section\" data-e-type=\"section\">\n\t\t\t\t\t\t<div class=\"elementor-container elementor-column-gap-default\">\n\t\t\t\t\t<div class=\"has_eae_slider elementor-column elementor-col-100 elementor-top-column elementor-element elementor-element-cd2ffca\" data-eae-slider=\"84958\" data-id=\"cd2ffca\" data-element_type=\"column\" data-e-type=\"column\">\n\t\t\t<div class=\"elementor-widget-wrap elementor-element-populated\">\n\t\t\t\t\t\t<section class=\"has_eae_slider elementor-section elementor-inner-section elementor-element elementor-element-d7e7723 elementor-section-boxed elementor-section-height-default elementor-section-height-default\" data-eae-slider=\"76830\" data-id=\"d7e7723\" data-element_type=\"section\" data-e-type=\"section\">\n\t\t\t\t\t\t<div class=\"elementor-container elementor-column-gap-default\">\n\t\t\t\t\t<div class=\"has_eae_slider elementor-column elementor-col-50 elementor-inner-column elementor-element elementor-element-04530ef\" data-eae-slider=\"6261\" data-id=\"04530ef\" data-element_type=\"column\" data-e-type=\"column\">\n\t\t\t<div class=\"elementor-widget-wrap elementor-element-populated\">\n\t\t\t\t\t\t<div class=\"elementor-element elementor-element-72fa344 elementor-view-default elementor-position-block-start elementor-mobile-position-block-start elementor-widget elementor-widget-icon-box\" data-id=\"72fa344\" data-element_type=\"widget\" data-e-type=\"widget\" data-widget_type=\"icon-box.default\">\n\t\t\t\t<div class=\"elementor-widget-container\">\n\t\t\t\t\t\t\t<div class=\"elementor-icon-box-wrapper\">\n\n\t\t\t\t\t\t<div class=\"elementor-icon-box-icon\">\n\t\t\t\t<span  class=\"elementor-icon\">\n\t\t\t\t<i aria-hidden=\"true\" class=\"icon icon-progress-5\"><\/i>\t\t\t\t<\/span>\n\t\t\t<\/div>\n\t\t\t\n\t\t\t\t\t\t<div class=\"elementor-icon-box-content\">\n\n\t\t\t\t\n\t\t\t\t\t\t\t\t\t<p class=\"elementor-icon-box-description\">\n\t\t\t\t\t\tRenewal of the democratic order, legal, and political institutions in Serbia, along with strengthening the culture of solidarity and support among citizens - we are building a strong movement for democratic changes and overcoming the crisis, so that Serbia can move towards a fairer and more prosperous future.\t\t\t\t\t<\/p>\n\t\t\t\t\n\t\t\t<\/div>\n\t\t\t\n\t\t<\/div>\n\t\t\t\t\t\t<\/div>\n\t\t\t\t<\/div>\n\t\t\t\t\t<\/div>\n\t\t<\/div>\n\t\t\t\t<div class=\"has_eae_slider elementor-column elementor-col-50 elementor-inner-column elementor-element elementor-element-ca21bfe\" data-eae-slider=\"64045\" data-id=\"ca21bfe\" data-element_type=\"column\" data-e-type=\"column\">\n\t\t\t<div class=\"elementor-widget-wrap elementor-element-populated\">\n\t\t\t\t\t\t<div class=\"elementor-element elementor-element-555c6b7 elementor-view-default elementor-position-block-start elementor-mobile-position-block-start elementor-widget elementor-widget-icon-box\" data-id=\"555c6b7\" data-element_type=\"widget\" data-e-type=\"widget\" data-widget_type=\"icon-box.default\">\n\t\t\t\t<div class=\"elementor-widget-container\">\n\t\t\t\t\t\t\t<div class=\"elementor-icon-box-wrapper\">\n\n\t\t\t\t\t\t<div class=\"elementor-icon-box-icon\">\n\t\t\t\t<span  class=\"elementor-icon\">\n\t\t\t\t<i aria-hidden=\"true\" class=\"icon icon-progress-6\"><\/i>\t\t\t\t<\/span>\n\t\t\t<\/div>\n\t\t\t\n\t\t\t\t\t\t<div class=\"elementor-icon-box-content\">\n\n\t\t\t\t\n\t\t\t\t\t\t\t\t\t<p class=\"elementor-icon-box-description\">\n\t\t\t\t\t\tBuilding a society where free and critical discussion will be the norm - so that citizens can express their opinions without fear of repression.\t\t\t\t\t<\/p>\n\t\t\t\t\n\t\t\t<\/div>\n\t\t\t\n\t\t<\/div>\n\t\t\t\t\t\t<\/div>\n\t\t\t\t<\/div>\n\t\t\t\t\t<\/div>\n\t\t<\/div>\n\t\t\t\t\t<\/div>\n\t\t<\/section>\n\t\t\t\t<section class=\"has_eae_slider elementor-section elementor-inner-section elementor-element elementor-element-11ee852 elementor-section-boxed elementor-section-height-default elementor-section-height-default\" data-eae-slider=\"32475\" data-id=\"11ee852\" data-element_type=\"section\" data-e-type=\"section\">\n\t\t\t\t\t\t<div class=\"elementor-container elementor-column-gap-default\">\n\t\t\t\t\t<div class=\"has_eae_slider elementor-column elementor-col-50 elementor-inner-column elementor-element elementor-element-c9f4358\" data-eae-slider=\"5811\" data-id=\"c9f4358\" data-element_type=\"column\" data-e-type=\"column\">\n\t\t\t<div class=\"elementor-widget-wrap elementor-element-populated\">\n\t\t\t\t\t\t<div class=\"elementor-element elementor-element-2b6e4de elementor-view-default elementor-position-block-start elementor-mobile-position-block-start elementor-widget elementor-widget-icon-box\" data-id=\"2b6e4de\" data-element_type=\"widget\" data-e-type=\"widget\" data-widget_type=\"icon-box.default\">\n\t\t\t\t<div class=\"elementor-widget-container\">\n\t\t\t\t\t\t\t<div class=\"elementor-icon-box-wrapper\">\n\n\t\t\t\t\t\t<div class=\"elementor-icon-box-icon\">\n\t\t\t\t<span  class=\"elementor-icon\">\n\t\t\t\t<i aria-hidden=\"true\" class=\"icon icon-progress-7\"><\/i>\t\t\t\t<\/span>\n\t\t\t<\/div>\n\t\t\t\n\t\t\t\t\t\t<div class=\"elementor-icon-box-content\">\n\n\t\t\t\t\n\t\t\t\t\t\t\t\t\t<p class=\"elementor-icon-box-description\">\n\t\t\t\t\t\t<p>Actively combating political oligarchy and creating equal opportunities for all - no political elite should stand above the law, and abuses of power must never be tolerated again.<\/p>\t\t\t\t\t<\/p>\n\t\t\t\t\n\t\t\t<\/div>\n\t\t\t\n\t\t<\/div>\n\t\t\t\t\t\t<\/div>\n\t\t\t\t<\/div>\n\t\t\t\t\t<\/div>\n\t\t<\/div>\n\t\t\t\t<div class=\"has_eae_slider elementor-column elementor-col-50 elementor-inner-column elementor-element elementor-element-6a85ad1\" data-eae-slider=\"69067\" data-id=\"6a85ad1\" data-element_type=\"column\" data-e-type=\"column\">\n\t\t\t<div class=\"elementor-widget-wrap elementor-element-populated\">\n\t\t\t\t\t\t<div class=\"elementor-element elementor-element-0e3c869 elementor-view-default elementor-position-block-start elementor-mobile-position-block-start elementor-widget elementor-widget-icon-box\" data-id=\"0e3c869\" data-element_type=\"widget\" data-e-type=\"widget\" data-widget_type=\"icon-box.default\">\n\t\t\t\t<div class=\"elementor-widget-container\">\n\t\t\t\t\t\t\t<div class=\"elementor-icon-box-wrapper\">\n\n\t\t\t\t\t\t<div class=\"elementor-icon-box-icon\">\n\t\t\t\t<span  class=\"elementor-icon\">\n\t\t\t\t<i aria-hidden=\"true\" class=\"icon icon-progress-8\"><\/i>\t\t\t\t<\/span>\n\t\t\t<\/div>\n\t\t\t\n\t\t\t\t\t\t<div class=\"elementor-icon-box-content\">\n\n\t\t\t\t\n\t\t\t\t\t\t\t\t\t<p class=\"elementor-icon-box-description\">\n\t\t\t\t\t\tEstablishing transparency and accountability in political processes - public resources must benefit all citizens, not just privileged groups or individuals.\t\t\t\t\t<\/p>\n\t\t\t\t\n\t\t\t<\/div>\n\t\t\t\n\t\t<\/div>\n\t\t\t\t\t\t<\/div>\n\t\t\t\t<\/div>\n\t\t\t\t\t<\/div>\n\t\t<\/div>\n\t\t\t\t\t<\/div>\n\t\t<\/section>\n\t\t\t\t\t<\/div>\n\t\t<\/div>\n\t\t\t\t\t<\/div>\n\t\t<\/section>\n\t\t\t\t<\/div>","protected":false},"excerpt":{"rendered":"<p>Ciljevi ProGlasa Obnova demokratskog poretka, pravnih i politi\u010dkih institucija u Srbiji uz osna\u017eivanje kulture solidarnosti i podr\u0161ke me\u0111u gra\u0111anima &#8211; gradimo sna\u017ean pokret za demokratske promene i izlazak iz krize, kako bi Srbija kora\u010dala ka pravednijoj i prosperitetnijoj budu\u0107nosti. Izgradnja dru\u0161tva u kojem \u0107e slobodna i kriti\u010dka rasprava biti norma &#8211; da gra\u0111ani mogu da [&hellip;]<\/p>","protected":false},"author":1,"featured_media":0,"parent":0,"menu_order":0,"comment_status":"closed","ping_status":"closed","template":"elementor_header_footer","meta":{"footnotes":""},"class_list":["post-9619","page","type-page","status-publish","hentry"],"yoast_head":"<!-- This site is optimized with the Yoast SEO plugin v26.9 - https:\/\/yoast.com\/product\/yoast-seo-wordpress\/ -->\n<title>Ciljevi - Proglas<\/title>\n<meta name=\"robots\" content=\"index, follow, max-snippet:-1, max-image-preview:large, max-video-preview:-1\" \/>\n<link rel=\"canonical\" href=\"https:\/\/proglas.co.rs\/en\/ciljevi\/\" \/>\n<meta property=\"og:locale\" content=\"en_US\" \/>\n<meta property=\"og:type\" content=\"article\" \/>\n<meta property=\"og:title\" content=\"Ciljevi - Proglas\" \/>\n<meta property=\"og:description\" content=\"Ciljevi ProGlasa Obnova demokratskog poretka, pravnih i politi\u010dkih institucija u Srbiji uz osna\u017eivanje kulture solidarnosti i podr\u0161ke me\u0111u gra\u0111anima &#8211; gradimo sna\u017ean pokret za demokratske promene i izlazak iz krize, kako bi Srbija kora\u010dala ka pravednijoj i prosperitetnijoj budu\u0107nosti. Izgradnja dru\u0161tva u kojem \u0107e slobodna i kriti\u010dka rasprava biti norma &#8211; da gra\u0111ani mogu da [&hellip;]\" \/>\n<meta property=\"og:url\" content=\"https:\/\/proglas.co.rs\/en\/ciljevi\/\" \/>\n<meta property=\"og:site_name\" content=\"Proglas\" \/>\n<meta property=\"article:publisher\" content=\"https:\/\/www.facebook.com\/pro.glas.rs?mibextid=9R9pXO\" \/>\n<meta property=\"article:modified_time\" content=\"2024-04-06T12:29:15+00:00\" \/>\n<meta name=\"twitter:card\" content=\"summary_large_image\" \/>\n<meta name=\"twitter:site\" content=\"@pro_glas_rs\" \/>\n<meta name=\"twitter:label1\" content=\"Est. reading time\" \/>\n\t<meta name=\"twitter:data1\" content=\"1 minute\" \/>\n<script type=\"application\/ld+json\" class=\"yoast-schema-graph\">{\"@context\":\"https:\/\/schema.org\",\"@graph\":[{\"@type\":\"WebPage\",\"@id\":\"https:\/\/proglas.co.rs\/ciljevi\/\",\"url\":\"https:\/\/proglas.co.rs\/ciljevi\/\",\"name\":\"Ciljevi - Proglas\",\"isPartOf\":{\"@id\":\"https:\/\/proglas.co.rs\/#website\"},\"datePublished\":\"2024-04-05T14:33:05+00:00\",\"dateModified\":\"2024-04-06T12:29:15+00:00\",\"breadcrumb\":{\"@id\":\"https:\/\/proglas.co.rs\/ciljevi\/#breadcrumb\"},\"inLanguage\":\"en-US\",\"potentialAction\":[{\"@type\":\"ReadAction\",\"target\":[\"https:\/\/proglas.co.rs\/ciljevi\/\"]}]},{\"@type\":\"BreadcrumbList\",\"@id\":\"https:\/\/proglas.co.rs\/ciljevi\/#breadcrumb\",\"itemListElement\":[{\"@type\":\"ListItem\",\"position\":1,\"name\":\"Po\u010detna\",\"item\":\"https:\/\/proglas.co.rs\/\"},{\"@type\":\"ListItem\",\"position\":2,\"name\":\"Ciljevi\"}]},{\"@type\":\"WebSite\",\"@id\":\"https:\/\/proglas.co.rs\/#website\",\"url\":\"https:\/\/proglas.co.rs\/\",\"name\":\"Proglas\",\"description\":\"\",\"publisher\":{\"@id\":\"https:\/\/proglas.co.rs\/#organization\"},\"potentialAction\":[{\"@type\":\"SearchAction\",\"target\":{\"@type\":\"EntryPoint\",\"urlTemplate\":\"https:\/\/proglas.co.rs\/?s={search_term_string}\"},\"query-input\":{\"@type\":\"PropertyValueSpecification\",\"valueRequired\":true,\"valueName\":\"search_term_string\"}}],\"inLanguage\":\"en-US\"},{\"@type\":\"Organization\",\"@id\":\"https:\/\/proglas.co.rs\/#organization\",\"name\":\"Proglas\",\"url\":\"https:\/\/proglas.co.rs\/\",\"logo\":{\"@type\":\"ImageObject\",\"inLanguage\":\"en-US\",\"@id\":\"https:\/\/proglas.co.rs\/#\/schema\/logo\/image\/\",\"url\":\"https:\/\/proglas.co.rs\/wp-content\/uploads\/2024\/03\/prolgas-logo-png.webp\",\"contentUrl\":\"https:\/\/proglas.co.rs\/wp-content\/uploads\/2024\/03\/prolgas-logo-png.webp\",\"width\":388,\"height\":110,\"caption\":\"Proglas\"},\"image\":{\"@id\":\"https:\/\/proglas.co.rs\/#\/schema\/logo\/image\/\"},\"sameAs\":[\"https:\/\/www.facebook.com\/pro.glas.rs?mibextid=9R9pXO\",\"https:\/\/x.com\/pro_glas_rs\",\"https:\/\/www.tiktok.com\/@pro_glas_rs?_t=8hC7kX6SLDi&_r=1\",\"https:\/\/www.youtube.com\/@pro_glas_rs\/\",\"https:\/\/instagram.com\/pro_glas_rs?igshid=djcxcGp2emdveDBm\"]}]}<\/script>\n<!-- \/ Yoast SEO plugin. -->","yoast_head_json":{"title":"Ciljevi - Proglas","robots":{"index":"index","follow":"follow","max-snippet":"max-snippet:-1","max-image-preview":"max-image-preview:large","max-video-preview":"max-video-preview:-1"},"canonical":"https:\/\/proglas.co.rs\/en\/ciljevi\/","og_locale":"en_US","og_type":"article","og_title":"Ciljevi - Proglas","og_description":"Ciljevi ProGlasa Obnova demokratskog poretka, pravnih i politi\u010dkih institucija u Srbiji uz osna\u017eivanje kulture solidarnosti i podr\u0161ke me\u0111u gra\u0111anima &#8211; gradimo sna\u017ean pokret za demokratske promene i izlazak iz krize, kako bi Srbija kora\u010dala ka pravednijoj i prosperitetnijoj budu\u0107nosti. Izgradnja dru\u0161tva u kojem \u0107e slobodna i kriti\u010dka rasprava biti norma &#8211; da gra\u0111ani mogu da [&hellip;]","og_url":"https:\/\/proglas.co.rs\/en\/ciljevi\/","og_site_name":"Proglas","article_publisher":"https:\/\/www.facebook.com\/pro.glas.rs?mibextid=9R9pXO","article_modified_time":"2024-04-06T12:29:15+00:00","twitter_card":"summary_large_image","twitter_site":"@pro_glas_rs","twitter_misc":{"Est. reading time":"1 minute"},"schema":{"@context":"https:\/\/schema.org","@graph":[{"@type":"WebPage","@id":"https:\/\/proglas.co.rs\/ciljevi\/","url":"https:\/\/proglas.co.rs\/ciljevi\/","name":"Ciljevi - Proglas","isPartOf":{"@id":"https:\/\/proglas.co.rs\/#website"},"datePublished":"2024-04-05T14:33:05+00:00","dateModified":"2024-04-06T12:29:15+00:00","breadcrumb":{"@id":"https:\/\/proglas.co.rs\/ciljevi\/#breadcrumb"},"inLanguage":"en-US","potentialAction":[{"@type":"ReadAction","target":["https:\/\/proglas.co.rs\/ciljevi\/"]}]},{"@type":"BreadcrumbList","@id":"https:\/\/proglas.co.rs\/ciljevi\/#breadcrumb","itemListElement":[{"@type":"ListItem","position":1,"name":"Po\u010detna","item":"https:\/\/proglas.co.rs\/"},{"@type":"ListItem","position":2,"name":"Ciljevi"}]},{"@type":"WebSite","@id":"https:\/\/proglas.co.rs\/#website","url":"https:\/\/proglas.co.rs\/","name":"Proglas","description":"","publisher":{"@id":"https:\/\/proglas.co.rs\/#organization"},"potentialAction":[{"@type":"SearchAction","target":{"@type":"EntryPoint","urlTemplate":"https:\/\/proglas.co.rs\/?s={search_term_string}"},"query-input":{"@type":"PropertyValueSpecification","valueRequired":true,"valueName":"search_term_string"}}],"inLanguage":"en-US"},{"@type":"Organization","@id":"https:\/\/proglas.co.rs\/#organization","name":"Proglas","url":"https:\/\/proglas.co.rs\/","logo":{"@type":"ImageObject","inLanguage":"en-US","@id":"https:\/\/proglas.co.rs\/#\/schema\/logo\/image\/","url":"https:\/\/proglas.co.rs\/wp-content\/uploads\/2024\/03\/prolgas-logo-png.webp","contentUrl":"https:\/\/proglas.co.rs\/wp-content\/uploads\/2024\/03\/prolgas-logo-png.webp","width":388,"height":110,"caption":"Proglas"},"image":{"@id":"https:\/\/proglas.co.rs\/#\/schema\/logo\/image\/"},"sameAs":["https:\/\/www.facebook.com\/pro.glas.rs?mibextid=9R9pXO","https:\/\/x.com\/pro_glas_rs","https:\/\/www.tiktok.com\/@pro_glas_rs?_t=8hC7kX6SLDi&_r=1","https:\/\/www.youtube.com\/@pro_glas_rs\/","https:\/\/instagram.com\/pro_glas_rs?igshid=djcxcGp2emdveDBm"]}]}},"_links":{"self":[{"href":"https:\/\/proglas.co.rs\/en\/wp-json\/wp\/v2\/pages\/9619","targetHints":{"allow":["GET"]}}],"collection":[{"href":"https:\/\/proglas.co.rs\/en\/wp-json\/wp\/v2\/pages"}],"about":[{"href":"https:\/\/proglas.co.rs\/en\/wp-json\/wp\/v2\/types\/page"}],"author":[{"embeddable":true,"href":"https:\/\/proglas.co.rs\/en\/wp-json\/wp\/v2\/users\/1"}],"replies":[{"embeddable":true,"href":"https:\/\/proglas.co.rs\/en\/wp-json\/wp\/v2\/comments?post=9619"}],"version-history":[{"count":28,"href":"https:\/\/proglas.co.rs\/en\/wp-json\/wp\/v2\/pages\/9619\/revisions"}],"predecessor-version":[{"id":9711,"href":"https:\/\/proglas.co.rs\/en\/wp-json\/wp\/v2\/pages\/9619\/revisions\/9711"}],"wp:attachment":[{"href":"https:\/\/proglas.co.rs\/en\/wp-json\/wp\/v2\/media?parent=9619"}],"curies":[{"name":"wp","href":"https:\/\/api.w.org\/{rel}","templated":true}]}}