{"id":9682,"date":"2024-04-06T14:20:49","date_gmt":"2024-04-06T12:20:49","guid":{"rendered":"https:\/\/pg.swipeup.rs\/?page_id=9682"},"modified":"2025-04-25T17:24:00","modified_gmt":"2025-04-25T15:24:00","slug":"ljubomir-simovic-biografija","status":"publish","type":"page","link":"https:\/\/proglas.co.rs\/en\/ljubomir-simovic-biografija\/","title":{"rendered":"Ljubomir Simovi\u0107 biography"},"content":{"rendered":"<div data-elementor-type=\"wp-page\" data-elementor-id=\"9682\" class=\"elementor elementor-9682\" data-elementor-post-type=\"page\">\n\t\t\t\t\t\t<section class=\"has_eae_slider elementor-section elementor-top-section elementor-element elementor-element-3867f2d elementor-section-boxed elementor-section-height-default elementor-section-height-default\" data-eae-slider=\"76559\" data-id=\"3867f2d\" data-element_type=\"section\" data-e-type=\"section\">\n\t\t\t\t\t\t<div class=\"elementor-container elementor-column-gap-default\">\n\t\t\t\t\t<div class=\"has_eae_slider elementor-column elementor-col-100 elementor-top-column elementor-element elementor-element-acaa99f\" data-eae-slider=\"41319\" data-id=\"acaa99f\" data-element_type=\"column\" data-e-type=\"column\">\n\t\t\t<div class=\"elementor-widget-wrap elementor-element-populated\">\n\t\t\t\t\t\t<div class=\"elementor-element elementor-element-06d83ba elementor-widget elementor-widget-heading\" data-id=\"06d83ba\" data-element_type=\"widget\" data-e-type=\"widget\" data-widget_type=\"heading.default\">\n\t\t\t\t<div class=\"elementor-widget-container\">\n\t\t\t\t\t<h2 class=\"elementor-heading-title elementor-size-default\">Ljubomir Simovi\u0107 biography<\/h2>\t\t\t\t<\/div>\n\t\t\t\t<\/div>\n\t\t\t\t\t<\/div>\n\t\t<\/div>\n\t\t\t\t\t<\/div>\n\t\t<\/section>\n\t\t\t\t<section class=\"has_eae_slider elementor-section elementor-top-section elementor-element elementor-element-b7ae381 elementor-section-full_width elementor-section-height-default elementor-section-height-default\" data-eae-slider=\"32693\" data-id=\"b7ae381\" data-element_type=\"section\" data-e-type=\"section\">\n\t\t\t\t\t\t<div class=\"elementor-container elementor-column-gap-default\">\n\t\t\t\t\t<div class=\"has_eae_slider elementor-column elementor-col-100 elementor-top-column elementor-element elementor-element-b2ed0a6\" data-eae-slider=\"99386\" data-id=\"b2ed0a6\" data-element_type=\"column\" data-e-type=\"column\">\n\t\t\t<div class=\"elementor-widget-wrap elementor-element-populated\">\n\t\t\t\t\t\t<section class=\"has_eae_slider elementor-section elementor-inner-section elementor-element elementor-element-2700b91 elementor-section-boxed elementor-section-height-default elementor-section-height-default\" data-eae-slider=\"77700\" data-id=\"2700b91\" data-element_type=\"section\" data-e-type=\"section\">\n\t\t\t\t\t\t<div class=\"elementor-container elementor-column-gap-default\">\n\t\t\t\t\t<div class=\"has_eae_slider elementor-column elementor-col-50 elementor-inner-column elementor-element elementor-element-beae583\" data-eae-slider=\"71407\" data-id=\"beae583\" data-element_type=\"column\" data-e-type=\"column\">\n\t\t\t<div class=\"elementor-widget-wrap elementor-element-populated\">\n\t\t\t\t\t\t<div class=\"elementor-element elementor-element-63574d0 elementor-widget elementor-widget-image\" data-id=\"63574d0\" data-element_type=\"widget\" data-e-type=\"widget\" data-widget_type=\"image.default\">\n\t\t\t\t<div class=\"elementor-widget-container\">\n\t\t\t\t\t\t\t\t\t\t\t\t\t\t\t<img fetchpriority=\"high\" decoding=\"async\" width=\"640\" height=\"427\" src=\"https:\/\/proglas.co.rs\/wp-content\/uploads\/2024\/04\/Ljubomir-Simovic.png\" class=\"attachment-large size-large wp-image-9678\" alt=\"\" srcset=\"https:\/\/proglas.co.rs\/wp-content\/uploads\/2024\/04\/Ljubomir-Simovic.png 850w, https:\/\/proglas.co.rs\/wp-content\/uploads\/2024\/04\/Ljubomir-Simovic-300x200.png 300w, https:\/\/proglas.co.rs\/wp-content\/uploads\/2024\/04\/Ljubomir-Simovic-768x512.png 768w\" sizes=\"(max-width: 640px) 100vw, 640px\" \/>\t\t\t\t\t\t\t\t\t\t\t\t\t\t\t<\/div>\n\t\t\t\t<\/div>\n\t\t\t\t\t<\/div>\n\t\t<\/div>\n\t\t\t\t<div class=\"has_eae_slider elementor-column elementor-col-50 elementor-inner-column elementor-element elementor-element-4158a3e\" data-eae-slider=\"80064\" data-id=\"4158a3e\" data-element_type=\"column\" data-e-type=\"column\">\n\t\t\t<div class=\"elementor-widget-wrap elementor-element-populated\">\n\t\t\t\t\t\t<div class=\"elementor-element elementor-element-7192cdd elementor-widget elementor-widget-text-editor\" data-id=\"7192cdd\" data-element_type=\"widget\" data-e-type=\"widget\" data-widget_type=\"text-editor.default\">\n\t\t\t\t<div class=\"elementor-widget-container\">\n\t\t\t\t\t\t\t\t\t<p>Ljubomir Simovi\u0107 ro\u0111en je 2. decembra 1935. godine u U\u017eicu, a preminuo je 2025. godine. U rodnom gradu je zavr\u0161io osnovnu i srednju \u0161kolu, a diplomirao je na Filolo\u0161kom fakultetu Univerziteta u Beogradu, na grupi za istoriju jugoslovenske knji\u017eevnosti i srpskohrvatski jezik.<\/p><p>During his studies, he worked as an editor and editor-in-chief of the student literary magazine \"Vidici\". He spent his working life as an editor in the cultural department of Radio Belgrade.<\/p><p>He has published poetry books:<br \/>\"Slavic Elegies\" (1958), \"Joyful Graves\" (1961), \"The Last Land\" (1964), \"Helmets\" (1967), \"On the Eve of the Third Roosters\" (1972), \"Saturday\" (1976), \"View on Two Waters\" (1980), \"Mind Beyond the Sea\" (1982), \"Ten Addresses to the Three-Handed Mother of God of Hilandar\" (1983), \"Sources\" (1983), \"Upper Town\" (1990, two editions), \"Needle and Thread\" (1992), \"Eggshell\" (1998)<\/p><p>A selection of Simovi\u0107's poetry has been published in the books \"Selected Poems\" (1980), \"Bread and Salt\" (1985, 1987), \"Sources and Other Poems\" (1994), \"Learning in the Dark\" (1995).<\/p><p>Simovi\u0107 has written four plays:<br \/>\"Hasanaginica\", \"Miracle in \u0160argan\", \"The Travelling Theatre of \u0160opalovi\u0107\", and \"Battle of Kosovo\". His plays have been performed on many stages in our country, as well as abroad. \"The Travelling Theatre of \u0160opalovi\u0107\" has achieved the most success, being staged in Poland, the Czech Republic, Slovakia, France, Switzerland, Canada, Belgium, and in a French theatre in Morocco, in Casablanca. He has won numerous awards. On December 15, 1988, Simovi\u0107 was elected as a corresponding member, and on October 27, 1994, as a full member of the Serbian Academy of Sciences and Arts.<\/p><p>\u00a0<\/p>\t\t\t\t\t\t\t\t<\/div>\n\t\t\t\t<\/div>\n\t\t\t\t\t<\/div>\n\t\t<\/div>\n\t\t\t\t\t<\/div>\n\t\t<\/section>\n\t\t\t\t\t<\/div>\n\t\t<\/div>\n\t\t\t\t\t<\/div>\n\t\t<\/section>\n\t\t\t\t<\/div>","protected":false},"excerpt":{"rendered":"<p>Ljubomir Simovi\u0107 ro\u0111en je 2. decembra 1935. godine u U\u017eicu, a preminuo je 2025. godine. U rodnom gradu je zavr\u0161io osnovnu i srednju \u0161kolu, a diplomirao je na Filolo\u0161kom fakultetu Univerziteta u Beogradu, na grupi za istoriju jugoslovenske knji\u017eevnosti i srpskohrvatski jezik. Za vreme studija radio je kao urednik i odgovorni urednik studentskog knji\u017eevnog \u010dasopisa [&hellip;]<\/p>","protected":false},"author":1,"featured_media":9678,"parent":0,"menu_order":0,"comment_status":"closed","ping_status":"closed","template":"elementor_header_footer","meta":{"footnotes":""},"class_list":["post-9682","page","type-page","status-publish","has-post-thumbnail","hentry"],"yoast_head":"<!-- This site is optimized with the Yoast SEO plugin v26.9 - https:\/\/yoast.com\/product\/yoast-seo-wordpress\/ -->\n<title>Ljubomir Simovi\u0107 biografija - Proglas<\/title>\n<meta name=\"robots\" content=\"index, follow, max-snippet:-1, max-image-preview:large, max-video-preview:-1\" \/>\n<link rel=\"canonical\" href=\"https:\/\/proglas.co.rs\/en\/ljubomir-simovic-biografija\/\" \/>\n<meta property=\"og:locale\" content=\"en_US\" \/>\n<meta property=\"og:type\" content=\"article\" \/>\n<meta property=\"og:title\" content=\"Ljubomir Simovi\u0107 biografija - Proglas\" \/>\n<meta property=\"og:description\" content=\"Ljubomir Simovi\u0107 ro\u0111en je 2. decembra 1935. godine u U\u017eicu, a preminuo je 2025. godine. U rodnom gradu je zavr\u0161io osnovnu i srednju \u0161kolu, a diplomirao je na Filolo\u0161kom fakultetu Univerziteta u Beogradu, na grupi za istoriju jugoslovenske knji\u017eevnosti i srpskohrvatski jezik. Za vreme studija radio je kao urednik i odgovorni urednik studentskog knji\u017eevnog \u010dasopisa [&hellip;]\" \/>\n<meta property=\"og:url\" content=\"https:\/\/proglas.co.rs\/en\/ljubomir-simovic-biografija\/\" \/>\n<meta property=\"og:site_name\" content=\"Proglas\" \/>\n<meta property=\"article:publisher\" content=\"https:\/\/www.facebook.com\/pro.glas.rs?mibextid=9R9pXO\" \/>\n<meta property=\"article:modified_time\" content=\"2025-04-25T15:24:00+00:00\" \/>\n<meta property=\"og:image\" content=\"https:\/\/proglas.co.rs\/wp-content\/uploads\/2024\/04\/Ljubomir-Simovic.png\" \/>\n\t<meta property=\"og:image:width\" content=\"850\" \/>\n\t<meta property=\"og:image:height\" content=\"567\" \/>\n\t<meta property=\"og:image:type\" content=\"image\/png\" \/>\n<meta name=\"twitter:card\" content=\"summary_large_image\" \/>\n<meta name=\"twitter:site\" content=\"@pro_glas_rs\" \/>\n<meta name=\"twitter:label1\" content=\"Est. reading time\" \/>\n\t<meta name=\"twitter:data1\" content=\"2 minutes\" \/>\n<script type=\"application\/ld+json\" class=\"yoast-schema-graph\">{\"@context\":\"https:\/\/schema.org\",\"@graph\":[{\"@type\":\"WebPage\",\"@id\":\"https:\/\/proglas.co.rs\/ljubomir-simovic-biografija\/\",\"url\":\"https:\/\/proglas.co.rs\/ljubomir-simovic-biografija\/\",\"name\":\"Ljubomir Simovi\u0107 biografija - Proglas\",\"isPartOf\":{\"@id\":\"https:\/\/proglas.co.rs\/#website\"},\"primaryImageOfPage\":{\"@id\":\"https:\/\/proglas.co.rs\/ljubomir-simovic-biografija\/#primaryimage\"},\"image\":{\"@id\":\"https:\/\/proglas.co.rs\/ljubomir-simovic-biografija\/#primaryimage\"},\"thumbnailUrl\":\"https:\/\/proglas.co.rs\/wp-content\/uploads\/2024\/04\/Ljubomir-Simovic.png\",\"datePublished\":\"2024-04-06T12:20:49+00:00\",\"dateModified\":\"2025-04-25T15:24:00+00:00\",\"breadcrumb\":{\"@id\":\"https:\/\/proglas.co.rs\/ljubomir-simovic-biografija\/#breadcrumb\"},\"inLanguage\":\"en-US\",\"potentialAction\":[{\"@type\":\"ReadAction\",\"target\":[\"https:\/\/proglas.co.rs\/ljubomir-simovic-biografija\/\"]}]},{\"@type\":\"ImageObject\",\"inLanguage\":\"en-US\",\"@id\":\"https:\/\/proglas.co.rs\/ljubomir-simovic-biografija\/#primaryimage\",\"url\":\"https:\/\/proglas.co.rs\/wp-content\/uploads\/2024\/04\/Ljubomir-Simovic.png\",\"contentUrl\":\"https:\/\/proglas.co.rs\/wp-content\/uploads\/2024\/04\/Ljubomir-Simovic.png\",\"width\":850,\"height\":567},{\"@type\":\"BreadcrumbList\",\"@id\":\"https:\/\/proglas.co.rs\/ljubomir-simovic-biografija\/#breadcrumb\",\"itemListElement\":[{\"@type\":\"ListItem\",\"position\":1,\"name\":\"Po\u010detna\",\"item\":\"https:\/\/proglas.co.rs\/\"},{\"@type\":\"ListItem\",\"position\":2,\"name\":\"Ljubomir Simovi\u0107 biografija\"}]},{\"@type\":\"WebSite\",\"@id\":\"https:\/\/proglas.co.rs\/#website\",\"url\":\"https:\/\/proglas.co.rs\/\",\"name\":\"Proglas\",\"description\":\"\",\"publisher\":{\"@id\":\"https:\/\/proglas.co.rs\/#organization\"},\"potentialAction\":[{\"@type\":\"SearchAction\",\"target\":{\"@type\":\"EntryPoint\",\"urlTemplate\":\"https:\/\/proglas.co.rs\/?s={search_term_string}\"},\"query-input\":{\"@type\":\"PropertyValueSpecification\",\"valueRequired\":true,\"valueName\":\"search_term_string\"}}],\"inLanguage\":\"en-US\"},{\"@type\":\"Organization\",\"@id\":\"https:\/\/proglas.co.rs\/#organization\",\"name\":\"Proglas\",\"url\":\"https:\/\/proglas.co.rs\/\",\"logo\":{\"@type\":\"ImageObject\",\"inLanguage\":\"en-US\",\"@id\":\"https:\/\/proglas.co.rs\/#\/schema\/logo\/image\/\",\"url\":\"https:\/\/proglas.co.rs\/wp-content\/uploads\/2024\/03\/prolgas-logo-png.webp\",\"contentUrl\":\"https:\/\/proglas.co.rs\/wp-content\/uploads\/2024\/03\/prolgas-logo-png.webp\",\"width\":388,\"height\":110,\"caption\":\"Proglas\"},\"image\":{\"@id\":\"https:\/\/proglas.co.rs\/#\/schema\/logo\/image\/\"},\"sameAs\":[\"https:\/\/www.facebook.com\/pro.glas.rs?mibextid=9R9pXO\",\"https:\/\/x.com\/pro_glas_rs\",\"https:\/\/www.tiktok.com\/@pro_glas_rs?_t=8hC7kX6SLDi&_r=1\",\"https:\/\/www.youtube.com\/@pro_glas_rs\/\",\"https:\/\/instagram.com\/pro_glas_rs?igshid=djcxcGp2emdveDBm\"]}]}<\/script>\n<!-- \/ Yoast SEO plugin. -->","yoast_head_json":{"title":"Ljubomir Simovi\u0107 biografija - Proglas","robots":{"index":"index","follow":"follow","max-snippet":"max-snippet:-1","max-image-preview":"max-image-preview:large","max-video-preview":"max-video-preview:-1"},"canonical":"https:\/\/proglas.co.rs\/en\/ljubomir-simovic-biografija\/","og_locale":"en_US","og_type":"article","og_title":"Ljubomir Simovi\u0107 biografija - Proglas","og_description":"Ljubomir Simovi\u0107 ro\u0111en je 2. decembra 1935. godine u U\u017eicu, a preminuo je 2025. godine. U rodnom gradu je zavr\u0161io osnovnu i srednju \u0161kolu, a diplomirao je na Filolo\u0161kom fakultetu Univerziteta u Beogradu, na grupi za istoriju jugoslovenske knji\u017eevnosti i srpskohrvatski jezik. Za vreme studija radio je kao urednik i odgovorni urednik studentskog knji\u017eevnog \u010dasopisa [&hellip;]","og_url":"https:\/\/proglas.co.rs\/en\/ljubomir-simovic-biografija\/","og_site_name":"Proglas","article_publisher":"https:\/\/www.facebook.com\/pro.glas.rs?mibextid=9R9pXO","article_modified_time":"2025-04-25T15:24:00+00:00","og_image":[{"width":850,"height":567,"url":"https:\/\/proglas.co.rs\/wp-content\/uploads\/2024\/04\/Ljubomir-Simovic.png","type":"image\/png"}],"twitter_card":"summary_large_image","twitter_site":"@pro_glas_rs","twitter_misc":{"Est. reading time":"2 minutes"},"schema":{"@context":"https:\/\/schema.org","@graph":[{"@type":"WebPage","@id":"https:\/\/proglas.co.rs\/ljubomir-simovic-biografija\/","url":"https:\/\/proglas.co.rs\/ljubomir-simovic-biografija\/","name":"Ljubomir Simovi\u0107 biografija - Proglas","isPartOf":{"@id":"https:\/\/proglas.co.rs\/#website"},"primaryImageOfPage":{"@id":"https:\/\/proglas.co.rs\/ljubomir-simovic-biografija\/#primaryimage"},"image":{"@id":"https:\/\/proglas.co.rs\/ljubomir-simovic-biografija\/#primaryimage"},"thumbnailUrl":"https:\/\/proglas.co.rs\/wp-content\/uploads\/2024\/04\/Ljubomir-Simovic.png","datePublished":"2024-04-06T12:20:49+00:00","dateModified":"2025-04-25T15:24:00+00:00","breadcrumb":{"@id":"https:\/\/proglas.co.rs\/ljubomir-simovic-biografija\/#breadcrumb"},"inLanguage":"en-US","potentialAction":[{"@type":"ReadAction","target":["https:\/\/proglas.co.rs\/ljubomir-simovic-biografija\/"]}]},{"@type":"ImageObject","inLanguage":"en-US","@id":"https:\/\/proglas.co.rs\/ljubomir-simovic-biografija\/#primaryimage","url":"https:\/\/proglas.co.rs\/wp-content\/uploads\/2024\/04\/Ljubomir-Simovic.png","contentUrl":"https:\/\/proglas.co.rs\/wp-content\/uploads\/2024\/04\/Ljubomir-Simovic.png","width":850,"height":567},{"@type":"BreadcrumbList","@id":"https:\/\/proglas.co.rs\/ljubomir-simovic-biografija\/#breadcrumb","itemListElement":[{"@type":"ListItem","position":1,"name":"Po\u010detna","item":"https:\/\/proglas.co.rs\/"},{"@type":"ListItem","position":2,"name":"Ljubomir Simovi\u0107 biografija"}]},{"@type":"WebSite","@id":"https:\/\/proglas.co.rs\/#website","url":"https:\/\/proglas.co.rs\/","name":"Proglas","description":"","publisher":{"@id":"https:\/\/proglas.co.rs\/#organization"},"potentialAction":[{"@type":"SearchAction","target":{"@type":"EntryPoint","urlTemplate":"https:\/\/proglas.co.rs\/?s={search_term_string}"},"query-input":{"@type":"PropertyValueSpecification","valueRequired":true,"valueName":"search_term_string"}}],"inLanguage":"en-US"},{"@type":"Organization","@id":"https:\/\/proglas.co.rs\/#organization","name":"Proglas","url":"https:\/\/proglas.co.rs\/","logo":{"@type":"ImageObject","inLanguage":"en-US","@id":"https:\/\/proglas.co.rs\/#\/schema\/logo\/image\/","url":"https:\/\/proglas.co.rs\/wp-content\/uploads\/2024\/03\/prolgas-logo-png.webp","contentUrl":"https:\/\/proglas.co.rs\/wp-content\/uploads\/2024\/03\/prolgas-logo-png.webp","width":388,"height":110,"caption":"Proglas"},"image":{"@id":"https:\/\/proglas.co.rs\/#\/schema\/logo\/image\/"},"sameAs":["https:\/\/www.facebook.com\/pro.glas.rs?mibextid=9R9pXO","https:\/\/x.com\/pro_glas_rs","https:\/\/www.tiktok.com\/@pro_glas_rs?_t=8hC7kX6SLDi&_r=1","https:\/\/www.youtube.com\/@pro_glas_rs\/","https:\/\/instagram.com\/pro_glas_rs?igshid=djcxcGp2emdveDBm"]}]}},"_links":{"self":[{"href":"https:\/\/proglas.co.rs\/en\/wp-json\/wp\/v2\/pages\/9682","targetHints":{"allow":["GET"]}}],"collection":[{"href":"https:\/\/proglas.co.rs\/en\/wp-json\/wp\/v2\/pages"}],"about":[{"href":"https:\/\/proglas.co.rs\/en\/wp-json\/wp\/v2\/types\/page"}],"author":[{"embeddable":true,"href":"https:\/\/proglas.co.rs\/en\/wp-json\/wp\/v2\/users\/1"}],"replies":[{"embeddable":true,"href":"https:\/\/proglas.co.rs\/en\/wp-json\/wp\/v2\/comments?post=9682"}],"version-history":[{"count":15,"href":"https:\/\/proglas.co.rs\/en\/wp-json\/wp\/v2\/pages\/9682\/revisions"}],"predecessor-version":[{"id":10835,"href":"https:\/\/proglas.co.rs\/en\/wp-json\/wp\/v2\/pages\/9682\/revisions\/10835"}],"wp:featuredmedia":[{"embeddable":true,"href":"https:\/\/proglas.co.rs\/en\/wp-json\/wp\/v2\/media\/9678"}],"wp:attachment":[{"href":"https:\/\/proglas.co.rs\/en\/wp-json\/wp\/v2\/media?parent=9682"}],"curies":[{"name":"wp","href":"https:\/\/api.w.org\/{rel}","templated":true}]}}