{"id":9940,"date":"2024-04-07T10:47:45","date_gmt":"2024-04-07T10:47:45","guid":{"rendered":"https:\/\/proglas.co.rs\/?page_id=9940"},"modified":"2024-04-07T10:49:30","modified_gmt":"2024-04-07T10:49:30","slug":"miodrag-majic-biografija","status":"publish","type":"page","link":"https:\/\/proglas.co.rs\/en\/miodrag-majic-biografija\/","title":{"rendered":"Miodrag Maji\u0107 biography"},"content":{"rendered":"<div data-elementor-type=\"wp-page\" data-elementor-id=\"9940\" class=\"elementor elementor-9940\" data-elementor-post-type=\"page\">\n\t\t\t\t\t\t<section class=\"has_eae_slider elementor-section elementor-top-section elementor-element elementor-element-3867f2d elementor-section-boxed elementor-section-height-default elementor-section-height-default\" data-eae-slider=\"6454\" data-id=\"3867f2d\" data-element_type=\"section\" data-e-type=\"section\">\n\t\t\t\t\t\t<div class=\"elementor-container elementor-column-gap-default\">\n\t\t\t\t\t<div class=\"has_eae_slider elementor-column elementor-col-100 elementor-top-column elementor-element elementor-element-acaa99f\" data-eae-slider=\"6576\" data-id=\"acaa99f\" data-element_type=\"column\" data-e-type=\"column\">\n\t\t\t<div class=\"elementor-widget-wrap elementor-element-populated\">\n\t\t\t\t\t\t<div class=\"elementor-element elementor-element-06d83ba elementor-widget elementor-widget-heading\" data-id=\"06d83ba\" data-element_type=\"widget\" data-e-type=\"widget\" data-widget_type=\"heading.default\">\n\t\t\t\t<div class=\"elementor-widget-container\">\n\t\t\t\t\t<h2 class=\"elementor-heading-title elementor-size-default\">Miodrag Maji\u0107 biography<\/h2>\t\t\t\t<\/div>\n\t\t\t\t<\/div>\n\t\t\t\t\t<\/div>\n\t\t<\/div>\n\t\t\t\t\t<\/div>\n\t\t<\/section>\n\t\t\t\t<section class=\"has_eae_slider elementor-section elementor-top-section elementor-element elementor-element-b7ae381 elementor-section-full_width elementor-section-height-default elementor-section-height-default\" data-eae-slider=\"33186\" data-id=\"b7ae381\" data-element_type=\"section\" data-e-type=\"section\">\n\t\t\t\t\t\t<div class=\"elementor-container elementor-column-gap-default\">\n\t\t\t\t\t<div class=\"has_eae_slider elementor-column elementor-col-100 elementor-top-column elementor-element elementor-element-b2ed0a6\" data-eae-slider=\"85848\" data-id=\"b2ed0a6\" data-element_type=\"column\" data-e-type=\"column\">\n\t\t\t<div class=\"elementor-widget-wrap elementor-element-populated\">\n\t\t\t\t\t\t<section class=\"has_eae_slider elementor-section elementor-inner-section elementor-element elementor-element-2700b91 elementor-section-boxed elementor-section-height-default elementor-section-height-default\" data-eae-slider=\"72269\" data-id=\"2700b91\" data-element_type=\"section\" data-e-type=\"section\">\n\t\t\t\t\t\t<div class=\"elementor-container elementor-column-gap-default\">\n\t\t\t\t\t<div class=\"has_eae_slider elementor-column elementor-col-50 elementor-inner-column elementor-element elementor-element-beae583\" data-eae-slider=\"82984\" data-id=\"beae583\" data-element_type=\"column\" data-e-type=\"column\">\n\t\t\t<div class=\"elementor-widget-wrap elementor-element-populated\">\n\t\t\t\t\t\t<div class=\"elementor-element elementor-element-63574d0 elementor-widget elementor-widget-image\" data-id=\"63574d0\" data-element_type=\"widget\" data-e-type=\"widget\" data-widget_type=\"image.default\">\n\t\t\t\t<div class=\"elementor-widget-container\">\n\t\t\t\t\t\t\t\t\t\t\t\t\t\t\t<img fetchpriority=\"high\" decoding=\"async\" width=\"640\" height=\"427\" src=\"https:\/\/proglas.co.rs\/wp-content\/uploads\/2024\/03\/NEB09346-2.jpg\" class=\"attachment-large size-large wp-image-9368\" alt=\"\" srcset=\"https:\/\/proglas.co.rs\/wp-content\/uploads\/2024\/03\/NEB09346-2.jpg 850w, https:\/\/proglas.co.rs\/wp-content\/uploads\/2024\/03\/NEB09346-2-300x200.jpg 300w, https:\/\/proglas.co.rs\/wp-content\/uploads\/2024\/03\/NEB09346-2-768x512.jpg 768w\" sizes=\"(max-width: 640px) 100vw, 640px\" \/>\t\t\t\t\t\t\t\t\t\t\t\t\t\t\t<\/div>\n\t\t\t\t<\/div>\n\t\t\t\t\t<\/div>\n\t\t<\/div>\n\t\t\t\t<div class=\"has_eae_slider elementor-column elementor-col-50 elementor-inner-column elementor-element elementor-element-4158a3e\" data-eae-slider=\"80230\" data-id=\"4158a3e\" data-element_type=\"column\" data-e-type=\"column\">\n\t\t\t<div class=\"elementor-widget-wrap elementor-element-populated\">\n\t\t\t\t\t\t<div class=\"elementor-element elementor-element-7192cdd elementor-widget elementor-widget-text-editor\" data-id=\"7192cdd\" data-element_type=\"widget\" data-e-type=\"widget\" data-widget_type=\"text-editor.default\">\n\t\t\t\t<div class=\"elementor-widget-container\">\n\t\t\t\t\t\t\t\t\t<p>Miodrag Maji\u0107 was born on November 17, 1969, in Belgrade. He graduated from the Faculty of Law in 1995. He obtained his master's degree (2003) and doctorate in the field of criminal law in 2008, both from the same faculty.<\/p><p>In his career so far, he has worked as an associate at the District Public Prosecutor's Office (1996-2000), a judge and spokesperson of the First Municipal Court in Belgrade (2000-2005), president of this court (2005-2009), and a judge at the Court of Appeal in Belgrade (from 2009 to the present). In the meantime, he represented the Republic of Serbia at the International Criminal Court (2009-2012) and participated in drafting the most significant current laws in the field of criminal law (Criminal Procedure Code, Law on International Legal Assistance in Criminal Matters, Law on Confiscation of Assets Acquired by Criminal Offense, etc.).\u00a0<\/p><p>He has authored and co-authored ten professional monographs and more than thirty articles in the field of criminal and international criminal law.<\/p><p>He teaches as a visiting professor at the Faculty of Law, University of Belgrade (appointed to the position of research associate in 2009) and at the Faculty of Law, University Union (appointed as associate professor in 2022).<\/p><p>Regularly, he writes and edits the \"Judge Maji\u0107's Blog\"<a href=\"http:\/\/www.misamajic.com\/\" data-saferedirecturl=\"https:\/\/www.google.com\/url?q=http:\/\/www.misamajic.com&amp;source=gmail&amp;ust=1712572960799000&amp;usg=AOvVaw2UnQwySPfFQMLBI7OWwjsQ\">www.misamajic.com<\/a>and appears in the media and at professional gatherings speaking on issues of judicial independence, human rights, and criminal law. He has participated in numerous domestic and international professional conferences, presenting papers and lecturing.<\/p><p>He has received the \"Knight of the Profession\" award (2016), the \"Balkan Heroes\" recognition (2018), the \"Verica Bara\u0107\" award (2019), and the \"Contribution of the Year to Europe\" recognition (2019).<\/p><p>He is the founder and a member of the Board of Directors of the Center for Judicial Research (CEPRIS)<a href=\"http:\/\/www.cepris.org\/\" data-saferedirecturl=\"https:\/\/www.google.com\/url?q=http:\/\/www.cepris.org&amp;source=gmail&amp;ust=1712572960799000&amp;usg=AOvVaw03d7O1AEjM22Nv_JhdZ-_0\">(http:\/\/www.cepris.org\/<\/a>).<\/p><p>In addition to law, he has various interests. He is involved in writing, photography, and music. He has published a collection of stories \"In the Name of the People\" (2019) and novels \"Children of Evil\" (2019), \"Pelican Island\" (2020), and \"The Mine\" (2022).<\/p><p>He speaks English and Russian.<\/p><p>He lives in Belgrade with his wife and three children.<\/p>\t\t\t\t\t\t\t\t<\/div>\n\t\t\t\t<\/div>\n\t\t\t\t\t<\/div>\n\t\t<\/div>\n\t\t\t\t\t<\/div>\n\t\t<\/section>\n\t\t\t\t\t<\/div>\n\t\t<\/div>\n\t\t\t\t\t<\/div>\n\t\t<\/section>\n\t\t\t\t<\/div>","protected":false},"excerpt":{"rendered":"<p>Miodrag Maji\u0107\u00a0je ro\u0111en 17.11.1969. godine u Beogradu. Pravni fakultet zavr\u0161io je 1995. godine. Na istom fakultetu je magistrirao (2003) i doktorirao u oblasti krivi\u010dnog prava 2008. godine. U dosada\u0161njoj karijeri bio je saradnik u Okru\u017enom javnom tu\u017eila\u0161tvu (1996-2000), sudija i portparol Prvog op\u0161tinskog suda u Beogradu (2000-2005), predsednik ovog suda (2005-2009) i sudija Apelacionog suda [&hellip;]<\/p>","protected":false},"author":1,"featured_media":9368,"parent":0,"menu_order":0,"comment_status":"closed","ping_status":"closed","template":"elementor_header_footer","meta":{"footnotes":""},"class_list":["post-9940","page","type-page","status-publish","has-post-thumbnail","hentry"],"yoast_head":"<!-- This site is optimized with the Yoast SEO plugin v26.9 - https:\/\/yoast.com\/product\/yoast-seo-wordpress\/ -->\n<title>Miodrag Maji\u0107 biografija - Proglas<\/title>\n<meta name=\"robots\" content=\"index, follow, max-snippet:-1, max-image-preview:large, max-video-preview:-1\" \/>\n<link rel=\"canonical\" href=\"https:\/\/proglas.co.rs\/en\/miodrag-majic-biografija\/\" \/>\n<meta property=\"og:locale\" content=\"en_US\" \/>\n<meta property=\"og:type\" content=\"article\" \/>\n<meta property=\"og:title\" content=\"Miodrag Maji\u0107 biografija - Proglas\" \/>\n<meta property=\"og:description\" content=\"Miodrag Maji\u0107\u00a0je ro\u0111en 17.11.1969. godine u Beogradu. Pravni fakultet zavr\u0161io je 1995. godine. Na istom fakultetu je magistrirao (2003) i doktorirao u oblasti krivi\u010dnog prava 2008. godine. U dosada\u0161njoj karijeri bio je saradnik u Okru\u017enom javnom tu\u017eila\u0161tvu (1996-2000), sudija i portparol Prvog op\u0161tinskog suda u Beogradu (2000-2005), predsednik ovog suda (2005-2009) i sudija Apelacionog suda [&hellip;]\" \/>\n<meta property=\"og:url\" content=\"https:\/\/proglas.co.rs\/en\/miodrag-majic-biografija\/\" \/>\n<meta property=\"og:site_name\" content=\"Proglas\" \/>\n<meta property=\"article:publisher\" content=\"https:\/\/www.facebook.com\/pro.glas.rs?mibextid=9R9pXO\" \/>\n<meta property=\"article:modified_time\" content=\"2024-04-07T10:49:30+00:00\" \/>\n<meta property=\"og:image\" content=\"https:\/\/proglas.co.rs\/wp-content\/uploads\/2024\/03\/NEB09346-2.jpg\" \/>\n\t<meta property=\"og:image:width\" content=\"850\" \/>\n\t<meta property=\"og:image:height\" content=\"567\" \/>\n\t<meta property=\"og:image:type\" content=\"image\/jpeg\" \/>\n<meta name=\"twitter:card\" content=\"summary_large_image\" \/>\n<meta name=\"twitter:site\" content=\"@pro_glas_rs\" \/>\n<meta name=\"twitter:label1\" content=\"Est. reading time\" \/>\n\t<meta name=\"twitter:data1\" content=\"1 minute\" \/>\n<script type=\"application\/ld+json\" class=\"yoast-schema-graph\">{\"@context\":\"https:\/\/schema.org\",\"@graph\":[{\"@type\":\"WebPage\",\"@id\":\"https:\/\/proglas.co.rs\/miodrag-majic-biografija\/\",\"url\":\"https:\/\/proglas.co.rs\/miodrag-majic-biografija\/\",\"name\":\"Miodrag Maji\u0107 biografija - Proglas\",\"isPartOf\":{\"@id\":\"https:\/\/proglas.co.rs\/#website\"},\"primaryImageOfPage\":{\"@id\":\"https:\/\/proglas.co.rs\/miodrag-majic-biografija\/#primaryimage\"},\"image\":{\"@id\":\"https:\/\/proglas.co.rs\/miodrag-majic-biografija\/#primaryimage\"},\"thumbnailUrl\":\"https:\/\/proglas.co.rs\/wp-content\/uploads\/2024\/03\/NEB09346-2.jpg\",\"datePublished\":\"2024-04-07T10:47:45+00:00\",\"dateModified\":\"2024-04-07T10:49:30+00:00\",\"breadcrumb\":{\"@id\":\"https:\/\/proglas.co.rs\/miodrag-majic-biografija\/#breadcrumb\"},\"inLanguage\":\"en-US\",\"potentialAction\":[{\"@type\":\"ReadAction\",\"target\":[\"https:\/\/proglas.co.rs\/miodrag-majic-biografija\/\"]}]},{\"@type\":\"ImageObject\",\"inLanguage\":\"en-US\",\"@id\":\"https:\/\/proglas.co.rs\/miodrag-majic-biografija\/#primaryimage\",\"url\":\"https:\/\/proglas.co.rs\/wp-content\/uploads\/2024\/03\/NEB09346-2.jpg\",\"contentUrl\":\"https:\/\/proglas.co.rs\/wp-content\/uploads\/2024\/03\/NEB09346-2.jpg\",\"width\":850,\"height\":567},{\"@type\":\"BreadcrumbList\",\"@id\":\"https:\/\/proglas.co.rs\/miodrag-majic-biografija\/#breadcrumb\",\"itemListElement\":[{\"@type\":\"ListItem\",\"position\":1,\"name\":\"Po\u010detna\",\"item\":\"https:\/\/proglas.co.rs\/\"},{\"@type\":\"ListItem\",\"position\":2,\"name\":\"Miodrag Maji\u0107 biografija\"}]},{\"@type\":\"WebSite\",\"@id\":\"https:\/\/proglas.co.rs\/#website\",\"url\":\"https:\/\/proglas.co.rs\/\",\"name\":\"Proglas\",\"description\":\"\",\"publisher\":{\"@id\":\"https:\/\/proglas.co.rs\/#organization\"},\"potentialAction\":[{\"@type\":\"SearchAction\",\"target\":{\"@type\":\"EntryPoint\",\"urlTemplate\":\"https:\/\/proglas.co.rs\/?s={search_term_string}\"},\"query-input\":{\"@type\":\"PropertyValueSpecification\",\"valueRequired\":true,\"valueName\":\"search_term_string\"}}],\"inLanguage\":\"en-US\"},{\"@type\":\"Organization\",\"@id\":\"https:\/\/proglas.co.rs\/#organization\",\"name\":\"Proglas\",\"url\":\"https:\/\/proglas.co.rs\/\",\"logo\":{\"@type\":\"ImageObject\",\"inLanguage\":\"en-US\",\"@id\":\"https:\/\/proglas.co.rs\/#\/schema\/logo\/image\/\",\"url\":\"https:\/\/proglas.co.rs\/wp-content\/uploads\/2024\/03\/prolgas-logo-png.webp\",\"contentUrl\":\"https:\/\/proglas.co.rs\/wp-content\/uploads\/2024\/03\/prolgas-logo-png.webp\",\"width\":388,\"height\":110,\"caption\":\"Proglas\"},\"image\":{\"@id\":\"https:\/\/proglas.co.rs\/#\/schema\/logo\/image\/\"},\"sameAs\":[\"https:\/\/www.facebook.com\/pro.glas.rs?mibextid=9R9pXO\",\"https:\/\/x.com\/pro_glas_rs\",\"https:\/\/www.tiktok.com\/@pro_glas_rs?_t=8hC7kX6SLDi&_r=1\",\"https:\/\/www.youtube.com\/@pro_glas_rs\/\",\"https:\/\/instagram.com\/pro_glas_rs?igshid=djcxcGp2emdveDBm\"]}]}<\/script>\n<!-- \/ Yoast SEO plugin. -->","yoast_head_json":{"title":"Miodrag Maji\u0107 biografija - Proglas","robots":{"index":"index","follow":"follow","max-snippet":"max-snippet:-1","max-image-preview":"max-image-preview:large","max-video-preview":"max-video-preview:-1"},"canonical":"https:\/\/proglas.co.rs\/en\/miodrag-majic-biografija\/","og_locale":"en_US","og_type":"article","og_title":"Miodrag Maji\u0107 biografija - Proglas","og_description":"Miodrag Maji\u0107\u00a0je ro\u0111en 17.11.1969. godine u Beogradu. Pravni fakultet zavr\u0161io je 1995. godine. Na istom fakultetu je magistrirao (2003) i doktorirao u oblasti krivi\u010dnog prava 2008. godine. U dosada\u0161njoj karijeri bio je saradnik u Okru\u017enom javnom tu\u017eila\u0161tvu (1996-2000), sudija i portparol Prvog op\u0161tinskog suda u Beogradu (2000-2005), predsednik ovog suda (2005-2009) i sudija Apelacionog suda [&hellip;]","og_url":"https:\/\/proglas.co.rs\/en\/miodrag-majic-biografija\/","og_site_name":"Proglas","article_publisher":"https:\/\/www.facebook.com\/pro.glas.rs?mibextid=9R9pXO","article_modified_time":"2024-04-07T10:49:30+00:00","og_image":[{"width":850,"height":567,"url":"https:\/\/proglas.co.rs\/wp-content\/uploads\/2024\/03\/NEB09346-2.jpg","type":"image\/jpeg"}],"twitter_card":"summary_large_image","twitter_site":"@pro_glas_rs","twitter_misc":{"Est. reading time":"1 minute"},"schema":{"@context":"https:\/\/schema.org","@graph":[{"@type":"WebPage","@id":"https:\/\/proglas.co.rs\/miodrag-majic-biografija\/","url":"https:\/\/proglas.co.rs\/miodrag-majic-biografija\/","name":"Miodrag Maji\u0107 biografija - Proglas","isPartOf":{"@id":"https:\/\/proglas.co.rs\/#website"},"primaryImageOfPage":{"@id":"https:\/\/proglas.co.rs\/miodrag-majic-biografija\/#primaryimage"},"image":{"@id":"https:\/\/proglas.co.rs\/miodrag-majic-biografija\/#primaryimage"},"thumbnailUrl":"https:\/\/proglas.co.rs\/wp-content\/uploads\/2024\/03\/NEB09346-2.jpg","datePublished":"2024-04-07T10:47:45+00:00","dateModified":"2024-04-07T10:49:30+00:00","breadcrumb":{"@id":"https:\/\/proglas.co.rs\/miodrag-majic-biografija\/#breadcrumb"},"inLanguage":"en-US","potentialAction":[{"@type":"ReadAction","target":["https:\/\/proglas.co.rs\/miodrag-majic-biografija\/"]}]},{"@type":"ImageObject","inLanguage":"en-US","@id":"https:\/\/proglas.co.rs\/miodrag-majic-biografija\/#primaryimage","url":"https:\/\/proglas.co.rs\/wp-content\/uploads\/2024\/03\/NEB09346-2.jpg","contentUrl":"https:\/\/proglas.co.rs\/wp-content\/uploads\/2024\/03\/NEB09346-2.jpg","width":850,"height":567},{"@type":"BreadcrumbList","@id":"https:\/\/proglas.co.rs\/miodrag-majic-biografija\/#breadcrumb","itemListElement":[{"@type":"ListItem","position":1,"name":"Po\u010detna","item":"https:\/\/proglas.co.rs\/"},{"@type":"ListItem","position":2,"name":"Miodrag Maji\u0107 biografija"}]},{"@type":"WebSite","@id":"https:\/\/proglas.co.rs\/#website","url":"https:\/\/proglas.co.rs\/","name":"Proglas","description":"","publisher":{"@id":"https:\/\/proglas.co.rs\/#organization"},"potentialAction":[{"@type":"SearchAction","target":{"@type":"EntryPoint","urlTemplate":"https:\/\/proglas.co.rs\/?s={search_term_string}"},"query-input":{"@type":"PropertyValueSpecification","valueRequired":true,"valueName":"search_term_string"}}],"inLanguage":"en-US"},{"@type":"Organization","@id":"https:\/\/proglas.co.rs\/#organization","name":"Proglas","url":"https:\/\/proglas.co.rs\/","logo":{"@type":"ImageObject","inLanguage":"en-US","@id":"https:\/\/proglas.co.rs\/#\/schema\/logo\/image\/","url":"https:\/\/proglas.co.rs\/wp-content\/uploads\/2024\/03\/prolgas-logo-png.webp","contentUrl":"https:\/\/proglas.co.rs\/wp-content\/uploads\/2024\/03\/prolgas-logo-png.webp","width":388,"height":110,"caption":"Proglas"},"image":{"@id":"https:\/\/proglas.co.rs\/#\/schema\/logo\/image\/"},"sameAs":["https:\/\/www.facebook.com\/pro.glas.rs?mibextid=9R9pXO","https:\/\/x.com\/pro_glas_rs","https:\/\/www.tiktok.com\/@pro_glas_rs?_t=8hC7kX6SLDi&_r=1","https:\/\/www.youtube.com\/@pro_glas_rs\/","https:\/\/instagram.com\/pro_glas_rs?igshid=djcxcGp2emdveDBm"]}]}},"_links":{"self":[{"href":"https:\/\/proglas.co.rs\/en\/wp-json\/wp\/v2\/pages\/9940","targetHints":{"allow":["GET"]}}],"collection":[{"href":"https:\/\/proglas.co.rs\/en\/wp-json\/wp\/v2\/pages"}],"about":[{"href":"https:\/\/proglas.co.rs\/en\/wp-json\/wp\/v2\/types\/page"}],"author":[{"embeddable":true,"href":"https:\/\/proglas.co.rs\/en\/wp-json\/wp\/v2\/users\/1"}],"replies":[{"embeddable":true,"href":"https:\/\/proglas.co.rs\/en\/wp-json\/wp\/v2\/comments?post=9940"}],"version-history":[{"count":7,"href":"https:\/\/proglas.co.rs\/en\/wp-json\/wp\/v2\/pages\/9940\/revisions"}],"predecessor-version":[{"id":9947,"href":"https:\/\/proglas.co.rs\/en\/wp-json\/wp\/v2\/pages\/9940\/revisions\/9947"}],"wp:featuredmedia":[{"embeddable":true,"href":"https:\/\/proglas.co.rs\/en\/wp-json\/wp\/v2\/media\/9368"}],"wp:attachment":[{"href":"https:\/\/proglas.co.rs\/en\/wp-json\/wp\/v2\/media?parent=9940"}],"curies":[{"name":"wp","href":"https:\/\/api.w.org\/{rel}","templated":true}]}}