{"id":9948,"date":"2024-04-07T11:02:31","date_gmt":"2024-04-07T11:02:31","guid":{"rendered":"https:\/\/proglas.co.rs\/?page_id=9948"},"modified":"2024-04-07T11:04:30","modified_gmt":"2024-04-07T11:04:30","slug":"tamara-dzamonja-ignjatovic-biografija","status":"publish","type":"page","link":"https:\/\/proglas.co.rs\/en\/tamara-dzamonja-ignjatovic-biografija\/","title":{"rendered":"Tamara D\u017eamonja Ignjatovi\u0107 biography"},"content":{"rendered":"<div data-elementor-type=\"wp-page\" data-elementor-id=\"9948\" class=\"elementor elementor-9948\" data-elementor-post-type=\"page\">\n\t\t\t\t\t\t<section class=\"has_eae_slider elementor-section elementor-top-section elementor-element elementor-element-3867f2d elementor-section-boxed elementor-section-height-default elementor-section-height-default\" data-eae-slider=\"33526\" data-id=\"3867f2d\" data-element_type=\"section\" data-e-type=\"section\">\n\t\t\t\t\t\t<div class=\"elementor-container elementor-column-gap-default\">\n\t\t\t\t\t<div class=\"has_eae_slider elementor-column elementor-col-100 elementor-top-column elementor-element elementor-element-acaa99f\" data-eae-slider=\"25040\" data-id=\"acaa99f\" data-element_type=\"column\" data-e-type=\"column\">\n\t\t\t<div class=\"elementor-widget-wrap elementor-element-populated\">\n\t\t\t\t\t\t<div class=\"elementor-element elementor-element-06d83ba elementor-widget elementor-widget-heading\" data-id=\"06d83ba\" data-element_type=\"widget\" data-e-type=\"widget\" data-widget_type=\"heading.default\">\n\t\t\t\t<div class=\"elementor-widget-container\">\n\t\t\t\t\t<h2 class=\"elementor-heading-title elementor-size-default\">Tamara D\u017eamonja Ignjatovi\u0107 biography<\/h2>\t\t\t\t<\/div>\n\t\t\t\t<\/div>\n\t\t\t\t\t<\/div>\n\t\t<\/div>\n\t\t\t\t\t<\/div>\n\t\t<\/section>\n\t\t\t\t<section class=\"has_eae_slider elementor-section elementor-top-section elementor-element elementor-element-b7ae381 elementor-section-full_width elementor-section-height-default elementor-section-height-default\" data-eae-slider=\"15431\" data-id=\"b7ae381\" data-element_type=\"section\" data-e-type=\"section\">\n\t\t\t\t\t\t<div class=\"elementor-container elementor-column-gap-default\">\n\t\t\t\t\t<div class=\"has_eae_slider elementor-column elementor-col-100 elementor-top-column elementor-element elementor-element-b2ed0a6\" data-eae-slider=\"98213\" data-id=\"b2ed0a6\" data-element_type=\"column\" data-e-type=\"column\">\n\t\t\t<div class=\"elementor-widget-wrap elementor-element-populated\">\n\t\t\t\t\t\t<section class=\"has_eae_slider elementor-section elementor-inner-section elementor-element elementor-element-2700b91 elementor-section-boxed elementor-section-height-default elementor-section-height-default\" data-eae-slider=\"58849\" data-id=\"2700b91\" data-element_type=\"section\" data-e-type=\"section\">\n\t\t\t\t\t\t<div class=\"elementor-container elementor-column-gap-default\">\n\t\t\t\t\t<div class=\"has_eae_slider elementor-column elementor-col-50 elementor-inner-column elementor-element elementor-element-beae583\" data-eae-slider=\"37009\" data-id=\"beae583\" data-element_type=\"column\" data-e-type=\"column\">\n\t\t\t<div class=\"elementor-widget-wrap elementor-element-populated\">\n\t\t\t\t\t\t<div class=\"elementor-element elementor-element-63574d0 elementor-widget elementor-widget-image\" data-id=\"63574d0\" data-element_type=\"widget\" data-e-type=\"widget\" data-widget_type=\"image.default\">\n\t\t\t\t<div class=\"elementor-widget-container\">\n\t\t\t\t\t\t\t\t\t\t\t\t\t\t\t<img fetchpriority=\"high\" decoding=\"async\" width=\"640\" height=\"427\" src=\"https:\/\/proglas.co.rs\/wp-content\/uploads\/2024\/03\/NEB08897.jpg\" class=\"attachment-large size-large wp-image-9423\" alt=\"\" srcset=\"https:\/\/proglas.co.rs\/wp-content\/uploads\/2024\/03\/NEB08897.jpg 850w, https:\/\/proglas.co.rs\/wp-content\/uploads\/2024\/03\/NEB08897-300x200.jpg 300w, https:\/\/proglas.co.rs\/wp-content\/uploads\/2024\/03\/NEB08897-768x512.jpg 768w\" sizes=\"(max-width: 640px) 100vw, 640px\" \/>\t\t\t\t\t\t\t\t\t\t\t\t\t\t\t<\/div>\n\t\t\t\t<\/div>\n\t\t\t\t\t<\/div>\n\t\t<\/div>\n\t\t\t\t<div class=\"has_eae_slider elementor-column elementor-col-50 elementor-inner-column elementor-element elementor-element-4158a3e\" data-eae-slider=\"60885\" data-id=\"4158a3e\" data-element_type=\"column\" data-e-type=\"column\">\n\t\t\t<div class=\"elementor-widget-wrap elementor-element-populated\">\n\t\t\t\t\t\t<div class=\"elementor-element elementor-element-7192cdd elementor-widget elementor-widget-text-editor\" data-id=\"7192cdd\" data-element_type=\"widget\" data-e-type=\"widget\" data-widget_type=\"text-editor.default\">\n\t\t\t\t<div class=\"elementor-widget-container\">\n\t\t\t\t\t\t\t\t\t<p>Tamara D\u017eamonja Ignjatovi\u0107 is a full professor at the Department of Psychology, Faculty of Philosophy, University of Belgrade. She teaches courses in clinical psychology and mental health. Previously, she worked at the Clinic for Psychiatry, Clinical Centre of Serbia, where she completed her specialization in medical psychology at the Faculty of Medicine in Belgrade.<\/p><p>She has taught for over 20 years at the Faculty of Political Sciences. She is the author and co-author of over 250 scientific and professional publications, around 20 monographs, 30 chapters in international and national publications and proceedings. She has participated in numerous research projects in the field of psychology and social welfare, funded by the Ministry of Science and Technological Development, as well as other domestic and international organizations such as UNICEF, OSCE, the Government of Norway, the Tempus program, and the European Union funds.<\/p><p>Professor Tamara D\u017eamonja Ignjatovi\u0107's primary interests include clinical psychology, psychological personality assessment, psychotherapy and counseling, the development of social welfare services and the improvement of mental health, as well as the application of mediation in various areas. She founded the Specialist Academic Studies in Mediation and led the Center for Research in Social Policy and Social Work. She has created and conducted educational seminars in the field of clinical personality assessment, communication skills, mediation, treatment for children and youth with behavioral problems, treatment of individuals with traumatic experiences, etc.<\/p><p>She has been a visiting lecturer at the International Psychoanalytic University in Berlin and at BO\u0160. She was a scholarship holder of the Albert Ellis Institute Summer School in New York and a member of the Society for Personality Assessment (SPA). She is currently a member of the editorial board of the journal Psychological Research and the editor of the psychological library Imago, published by Klio Publishing House. She received the \u017divorad \u017di\u017ea Vasi\u0107 Award in 2019 for the popularization of psychology and twice the Ljubomir Ljuba Stoji\u0107 Award for contribution to the work and development of the professional association of psychologists awarded by the Psychological Society of Serbia. She was elected President of the Psychological Society of Serbia in 2021 and currently holds that position. For her social engagement, the Feminist Cultural Center BeFem awarded her the Recognition for Feminist Ethics of Care in 2024 as part of the Bring the Noize awards.<\/p>\t\t\t\t\t\t\t\t<\/div>\n\t\t\t\t<\/div>\n\t\t\t\t\t<\/div>\n\t\t<\/div>\n\t\t\t\t\t<\/div>\n\t\t<\/section>\n\t\t\t\t\t<\/div>\n\t\t<\/div>\n\t\t\t\t\t<\/div>\n\t\t<\/section>\n\t\t\t\t<\/div>","protected":false},"excerpt":{"rendered":"<p>Tamara D\u017eamonja Ignjatovi\u0107, redovna profesorka na Odelenju za psihologiju Filozofskog fakulteta Univerziteta u Beogradu. Predaje kurseve iz oblasti klini\u010dke psihologije i mentalnog zdravlja. Prethodno je radila na Klinici za psihijatriju Klini\u010dkog centra Srbije, gde je zavr\u0161ila specijalizaciju iz medicinske psihologije na medicifskom fakultetu u Beogradu. Predavala je preko 20 godina na Fakultetu politi\u010dkih nauka. Autorka [&hellip;]<\/p>","protected":false},"author":1,"featured_media":9423,"parent":0,"menu_order":0,"comment_status":"closed","ping_status":"closed","template":"elementor_header_footer","meta":{"footnotes":""},"class_list":["post-9948","page","type-page","status-publish","has-post-thumbnail","hentry"],"yoast_head":"<!-- This site is optimized with the Yoast SEO plugin v26.9 - https:\/\/yoast.com\/product\/yoast-seo-wordpress\/ -->\n<title>Tamara D\u017eamonja Ignjatovi\u0107 biografija - Proglas<\/title>\n<meta name=\"robots\" content=\"index, follow, max-snippet:-1, max-image-preview:large, max-video-preview:-1\" \/>\n<link rel=\"canonical\" href=\"https:\/\/proglas.co.rs\/en\/tamara-dzamonja-ignjatovic-biografija\/\" \/>\n<meta property=\"og:locale\" content=\"en_US\" \/>\n<meta property=\"og:type\" content=\"article\" \/>\n<meta property=\"og:title\" content=\"Tamara D\u017eamonja Ignjatovi\u0107 biografija - Proglas\" \/>\n<meta property=\"og:description\" content=\"Tamara D\u017eamonja Ignjatovi\u0107, redovna profesorka na Odelenju za psihologiju Filozofskog fakulteta Univerziteta u Beogradu. Predaje kurseve iz oblasti klini\u010dke psihologije i mentalnog zdravlja. Prethodno je radila na Klinici za psihijatriju Klini\u010dkog centra Srbije, gde je zavr\u0161ila specijalizaciju iz medicinske psihologije na medicifskom fakultetu u Beogradu. Predavala je preko 20 godina na Fakultetu politi\u010dkih nauka. Autorka [&hellip;]\" \/>\n<meta property=\"og:url\" content=\"https:\/\/proglas.co.rs\/en\/tamara-dzamonja-ignjatovic-biografija\/\" \/>\n<meta property=\"og:site_name\" content=\"Proglas\" \/>\n<meta property=\"article:publisher\" content=\"https:\/\/www.facebook.com\/pro.glas.rs?mibextid=9R9pXO\" \/>\n<meta property=\"article:modified_time\" content=\"2024-04-07T11:04:30+00:00\" \/>\n<meta property=\"og:image\" content=\"https:\/\/proglas.co.rs\/wp-content\/uploads\/2024\/03\/NEB08897.jpg\" \/>\n\t<meta property=\"og:image:width\" content=\"850\" \/>\n\t<meta property=\"og:image:height\" content=\"567\" \/>\n\t<meta property=\"og:image:type\" content=\"image\/jpeg\" \/>\n<meta name=\"twitter:card\" content=\"summary_large_image\" \/>\n<meta name=\"twitter:site\" content=\"@pro_glas_rs\" \/>\n<meta name=\"twitter:label1\" content=\"Est. reading time\" \/>\n\t<meta name=\"twitter:data1\" content=\"2 minutes\" \/>\n<script type=\"application\/ld+json\" class=\"yoast-schema-graph\">{\"@context\":\"https:\/\/schema.org\",\"@graph\":[{\"@type\":\"WebPage\",\"@id\":\"https:\/\/proglas.co.rs\/tamara-dzamonja-ignjatovic-biografija\/\",\"url\":\"https:\/\/proglas.co.rs\/tamara-dzamonja-ignjatovic-biografija\/\",\"name\":\"Tamara D\u017eamonja Ignjatovi\u0107 biografija - Proglas\",\"isPartOf\":{\"@id\":\"https:\/\/proglas.co.rs\/#website\"},\"primaryImageOfPage\":{\"@id\":\"https:\/\/proglas.co.rs\/tamara-dzamonja-ignjatovic-biografija\/#primaryimage\"},\"image\":{\"@id\":\"https:\/\/proglas.co.rs\/tamara-dzamonja-ignjatovic-biografija\/#primaryimage\"},\"thumbnailUrl\":\"https:\/\/proglas.co.rs\/wp-content\/uploads\/2024\/03\/NEB08897.jpg\",\"datePublished\":\"2024-04-07T11:02:31+00:00\",\"dateModified\":\"2024-04-07T11:04:30+00:00\",\"breadcrumb\":{\"@id\":\"https:\/\/proglas.co.rs\/tamara-dzamonja-ignjatovic-biografija\/#breadcrumb\"},\"inLanguage\":\"en-US\",\"potentialAction\":[{\"@type\":\"ReadAction\",\"target\":[\"https:\/\/proglas.co.rs\/tamara-dzamonja-ignjatovic-biografija\/\"]}]},{\"@type\":\"ImageObject\",\"inLanguage\":\"en-US\",\"@id\":\"https:\/\/proglas.co.rs\/tamara-dzamonja-ignjatovic-biografija\/#primaryimage\",\"url\":\"https:\/\/proglas.co.rs\/wp-content\/uploads\/2024\/03\/NEB08897.jpg\",\"contentUrl\":\"https:\/\/proglas.co.rs\/wp-content\/uploads\/2024\/03\/NEB08897.jpg\",\"width\":850,\"height\":567},{\"@type\":\"BreadcrumbList\",\"@id\":\"https:\/\/proglas.co.rs\/tamara-dzamonja-ignjatovic-biografija\/#breadcrumb\",\"itemListElement\":[{\"@type\":\"ListItem\",\"position\":1,\"name\":\"Po\u010detna\",\"item\":\"https:\/\/proglas.co.rs\/\"},{\"@type\":\"ListItem\",\"position\":2,\"name\":\"Tamara D\u017eamonja Ignjatovi\u0107 biografija\"}]},{\"@type\":\"WebSite\",\"@id\":\"https:\/\/proglas.co.rs\/#website\",\"url\":\"https:\/\/proglas.co.rs\/\",\"name\":\"Proglas\",\"description\":\"\",\"publisher\":{\"@id\":\"https:\/\/proglas.co.rs\/#organization\"},\"potentialAction\":[{\"@type\":\"SearchAction\",\"target\":{\"@type\":\"EntryPoint\",\"urlTemplate\":\"https:\/\/proglas.co.rs\/?s={search_term_string}\"},\"query-input\":{\"@type\":\"PropertyValueSpecification\",\"valueRequired\":true,\"valueName\":\"search_term_string\"}}],\"inLanguage\":\"en-US\"},{\"@type\":\"Organization\",\"@id\":\"https:\/\/proglas.co.rs\/#organization\",\"name\":\"Proglas\",\"url\":\"https:\/\/proglas.co.rs\/\",\"logo\":{\"@type\":\"ImageObject\",\"inLanguage\":\"en-US\",\"@id\":\"https:\/\/proglas.co.rs\/#\/schema\/logo\/image\/\",\"url\":\"https:\/\/proglas.co.rs\/wp-content\/uploads\/2024\/03\/prolgas-logo-png.webp\",\"contentUrl\":\"https:\/\/proglas.co.rs\/wp-content\/uploads\/2024\/03\/prolgas-logo-png.webp\",\"width\":388,\"height\":110,\"caption\":\"Proglas\"},\"image\":{\"@id\":\"https:\/\/proglas.co.rs\/#\/schema\/logo\/image\/\"},\"sameAs\":[\"https:\/\/www.facebook.com\/pro.glas.rs?mibextid=9R9pXO\",\"https:\/\/x.com\/pro_glas_rs\",\"https:\/\/www.tiktok.com\/@pro_glas_rs?_t=8hC7kX6SLDi&_r=1\",\"https:\/\/www.youtube.com\/@pro_glas_rs\/\",\"https:\/\/instagram.com\/pro_glas_rs?igshid=djcxcGp2emdveDBm\"]}]}<\/script>\n<!-- \/ Yoast SEO plugin. -->","yoast_head_json":{"title":"Tamara D\u017eamonja Ignjatovi\u0107 biografija - Proglas","robots":{"index":"index","follow":"follow","max-snippet":"max-snippet:-1","max-image-preview":"max-image-preview:large","max-video-preview":"max-video-preview:-1"},"canonical":"https:\/\/proglas.co.rs\/en\/tamara-dzamonja-ignjatovic-biografija\/","og_locale":"en_US","og_type":"article","og_title":"Tamara D\u017eamonja Ignjatovi\u0107 biografija - Proglas","og_description":"Tamara D\u017eamonja Ignjatovi\u0107, redovna profesorka na Odelenju za psihologiju Filozofskog fakulteta Univerziteta u Beogradu. Predaje kurseve iz oblasti klini\u010dke psihologije i mentalnog zdravlja. Prethodno je radila na Klinici za psihijatriju Klini\u010dkog centra Srbije, gde je zavr\u0161ila specijalizaciju iz medicinske psihologije na medicifskom fakultetu u Beogradu. Predavala je preko 20 godina na Fakultetu politi\u010dkih nauka. Autorka [&hellip;]","og_url":"https:\/\/proglas.co.rs\/en\/tamara-dzamonja-ignjatovic-biografija\/","og_site_name":"Proglas","article_publisher":"https:\/\/www.facebook.com\/pro.glas.rs?mibextid=9R9pXO","article_modified_time":"2024-04-07T11:04:30+00:00","og_image":[{"width":850,"height":567,"url":"https:\/\/proglas.co.rs\/wp-content\/uploads\/2024\/03\/NEB08897.jpg","type":"image\/jpeg"}],"twitter_card":"summary_large_image","twitter_site":"@pro_glas_rs","twitter_misc":{"Est. reading time":"2 minutes"},"schema":{"@context":"https:\/\/schema.org","@graph":[{"@type":"WebPage","@id":"https:\/\/proglas.co.rs\/tamara-dzamonja-ignjatovic-biografija\/","url":"https:\/\/proglas.co.rs\/tamara-dzamonja-ignjatovic-biografija\/","name":"Tamara D\u017eamonja Ignjatovi\u0107 biografija - Proglas","isPartOf":{"@id":"https:\/\/proglas.co.rs\/#website"},"primaryImageOfPage":{"@id":"https:\/\/proglas.co.rs\/tamara-dzamonja-ignjatovic-biografija\/#primaryimage"},"image":{"@id":"https:\/\/proglas.co.rs\/tamara-dzamonja-ignjatovic-biografija\/#primaryimage"},"thumbnailUrl":"https:\/\/proglas.co.rs\/wp-content\/uploads\/2024\/03\/NEB08897.jpg","datePublished":"2024-04-07T11:02:31+00:00","dateModified":"2024-04-07T11:04:30+00:00","breadcrumb":{"@id":"https:\/\/proglas.co.rs\/tamara-dzamonja-ignjatovic-biografija\/#breadcrumb"},"inLanguage":"en-US","potentialAction":[{"@type":"ReadAction","target":["https:\/\/proglas.co.rs\/tamara-dzamonja-ignjatovic-biografija\/"]}]},{"@type":"ImageObject","inLanguage":"en-US","@id":"https:\/\/proglas.co.rs\/tamara-dzamonja-ignjatovic-biografija\/#primaryimage","url":"https:\/\/proglas.co.rs\/wp-content\/uploads\/2024\/03\/NEB08897.jpg","contentUrl":"https:\/\/proglas.co.rs\/wp-content\/uploads\/2024\/03\/NEB08897.jpg","width":850,"height":567},{"@type":"BreadcrumbList","@id":"https:\/\/proglas.co.rs\/tamara-dzamonja-ignjatovic-biografija\/#breadcrumb","itemListElement":[{"@type":"ListItem","position":1,"name":"Po\u010detna","item":"https:\/\/proglas.co.rs\/"},{"@type":"ListItem","position":2,"name":"Tamara D\u017eamonja Ignjatovi\u0107 biografija"}]},{"@type":"WebSite","@id":"https:\/\/proglas.co.rs\/#website","url":"https:\/\/proglas.co.rs\/","name":"Proglas","description":"","publisher":{"@id":"https:\/\/proglas.co.rs\/#organization"},"potentialAction":[{"@type":"SearchAction","target":{"@type":"EntryPoint","urlTemplate":"https:\/\/proglas.co.rs\/?s={search_term_string}"},"query-input":{"@type":"PropertyValueSpecification","valueRequired":true,"valueName":"search_term_string"}}],"inLanguage":"en-US"},{"@type":"Organization","@id":"https:\/\/proglas.co.rs\/#organization","name":"Proglas","url":"https:\/\/proglas.co.rs\/","logo":{"@type":"ImageObject","inLanguage":"en-US","@id":"https:\/\/proglas.co.rs\/#\/schema\/logo\/image\/","url":"https:\/\/proglas.co.rs\/wp-content\/uploads\/2024\/03\/prolgas-logo-png.webp","contentUrl":"https:\/\/proglas.co.rs\/wp-content\/uploads\/2024\/03\/prolgas-logo-png.webp","width":388,"height":110,"caption":"Proglas"},"image":{"@id":"https:\/\/proglas.co.rs\/#\/schema\/logo\/image\/"},"sameAs":["https:\/\/www.facebook.com\/pro.glas.rs?mibextid=9R9pXO","https:\/\/x.com\/pro_glas_rs","https:\/\/www.tiktok.com\/@pro_glas_rs?_t=8hC7kX6SLDi&_r=1","https:\/\/www.youtube.com\/@pro_glas_rs\/","https:\/\/instagram.com\/pro_glas_rs?igshid=djcxcGp2emdveDBm"]}]}},"_links":{"self":[{"href":"https:\/\/proglas.co.rs\/en\/wp-json\/wp\/v2\/pages\/9948","targetHints":{"allow":["GET"]}}],"collection":[{"href":"https:\/\/proglas.co.rs\/en\/wp-json\/wp\/v2\/pages"}],"about":[{"href":"https:\/\/proglas.co.rs\/en\/wp-json\/wp\/v2\/types\/page"}],"author":[{"embeddable":true,"href":"https:\/\/proglas.co.rs\/en\/wp-json\/wp\/v2\/users\/1"}],"replies":[{"embeddable":true,"href":"https:\/\/proglas.co.rs\/en\/wp-json\/wp\/v2\/comments?post=9948"}],"version-history":[{"count":7,"href":"https:\/\/proglas.co.rs\/en\/wp-json\/wp\/v2\/pages\/9948\/revisions"}],"predecessor-version":[{"id":9955,"href":"https:\/\/proglas.co.rs\/en\/wp-json\/wp\/v2\/pages\/9948\/revisions\/9955"}],"wp:featuredmedia":[{"embeddable":true,"href":"https:\/\/proglas.co.rs\/en\/wp-json\/wp\/v2\/media\/9423"}],"wp:attachment":[{"href":"https:\/\/proglas.co.rs\/en\/wp-json\/wp\/v2\/media?parent=9948"}],"curies":[{"name":"wp","href":"https:\/\/api.w.org\/{rel}","templated":true}]}}