{"id":9969,"date":"2024-04-07T11:15:56","date_gmt":"2024-04-07T11:15:56","guid":{"rendered":"https:\/\/proglas.co.rs\/?page_id=9969"},"modified":"2024-04-07T11:16:49","modified_gmt":"2024-04-07T11:16:49","slug":"srdan-golubic-biografija","status":"publish","type":"page","link":"https:\/\/proglas.co.rs\/en\/srdan-golubic-biografija\/","title":{"rendered":"Srdan Golubi\u0107 biography"},"content":{"rendered":"<div data-elementor-type=\"wp-page\" data-elementor-id=\"9969\" class=\"elementor elementor-9969\" data-elementor-post-type=\"page\">\n\t\t\t\t\t\t<section class=\"has_eae_slider elementor-section elementor-top-section elementor-element elementor-element-3867f2d elementor-section-boxed elementor-section-height-default elementor-section-height-default\" data-eae-slider=\"69299\" data-id=\"3867f2d\" data-element_type=\"section\" data-e-type=\"section\">\n\t\t\t\t\t\t<div class=\"elementor-container elementor-column-gap-default\">\n\t\t\t\t\t<div class=\"has_eae_slider elementor-column elementor-col-100 elementor-top-column elementor-element elementor-element-acaa99f\" data-eae-slider=\"27581\" data-id=\"acaa99f\" data-element_type=\"column\" data-e-type=\"column\">\n\t\t\t<div class=\"elementor-widget-wrap elementor-element-populated\">\n\t\t\t\t\t\t<div class=\"elementor-element elementor-element-06d83ba elementor-widget elementor-widget-heading\" data-id=\"06d83ba\" data-element_type=\"widget\" data-e-type=\"widget\" data-widget_type=\"heading.default\">\n\t\t\t\t<div class=\"elementor-widget-container\">\n\t\t\t\t\t<h2 class=\"elementor-heading-title elementor-size-default\">Srdan Golubi\u0107 biography<\/h2>\t\t\t\t<\/div>\n\t\t\t\t<\/div>\n\t\t\t\t\t<\/div>\n\t\t<\/div>\n\t\t\t\t\t<\/div>\n\t\t<\/section>\n\t\t\t\t<section class=\"has_eae_slider elementor-section elementor-top-section elementor-element elementor-element-b7ae381 elementor-section-full_width elementor-section-height-default elementor-section-height-default\" data-eae-slider=\"50987\" data-id=\"b7ae381\" data-element_type=\"section\" data-e-type=\"section\">\n\t\t\t\t\t\t<div class=\"elementor-container elementor-column-gap-default\">\n\t\t\t\t\t<div class=\"has_eae_slider elementor-column elementor-col-100 elementor-top-column elementor-element elementor-element-b2ed0a6\" data-eae-slider=\"19745\" data-id=\"b2ed0a6\" data-element_type=\"column\" data-e-type=\"column\">\n\t\t\t<div class=\"elementor-widget-wrap elementor-element-populated\">\n\t\t\t\t\t\t<section class=\"has_eae_slider elementor-section elementor-inner-section elementor-element elementor-element-2700b91 elementor-section-boxed elementor-section-height-default elementor-section-height-default\" data-eae-slider=\"53943\" data-id=\"2700b91\" data-element_type=\"section\" data-e-type=\"section\">\n\t\t\t\t\t\t<div class=\"elementor-container elementor-column-gap-default\">\n\t\t\t\t\t<div class=\"has_eae_slider elementor-column elementor-col-50 elementor-inner-column elementor-element elementor-element-beae583\" data-eae-slider=\"48775\" data-id=\"beae583\" data-element_type=\"column\" data-e-type=\"column\">\n\t\t\t<div class=\"elementor-widget-wrap elementor-element-populated\">\n\t\t\t\t\t\t<div class=\"elementor-element elementor-element-63574d0 elementor-widget elementor-widget-image\" data-id=\"63574d0\" data-element_type=\"widget\" data-e-type=\"widget\" data-widget_type=\"image.default\">\n\t\t\t\t<div class=\"elementor-widget-container\">\n\t\t\t\t\t\t\t\t\t\t\t\t\t\t\t<img fetchpriority=\"high\" decoding=\"async\" width=\"640\" height=\"427\" src=\"https:\/\/proglas.co.rs\/wp-content\/uploads\/2024\/03\/NEB09620.jpg\" class=\"attachment-large size-large wp-image-9421\" alt=\"\" srcset=\"https:\/\/proglas.co.rs\/wp-content\/uploads\/2024\/03\/NEB09620.jpg 850w, https:\/\/proglas.co.rs\/wp-content\/uploads\/2024\/03\/NEB09620-300x200.jpg 300w, https:\/\/proglas.co.rs\/wp-content\/uploads\/2024\/03\/NEB09620-768x512.jpg 768w\" sizes=\"(max-width: 640px) 100vw, 640px\" \/>\t\t\t\t\t\t\t\t\t\t\t\t\t\t\t<\/div>\n\t\t\t\t<\/div>\n\t\t\t\t\t<\/div>\n\t\t<\/div>\n\t\t\t\t<div class=\"has_eae_slider elementor-column elementor-col-50 elementor-inner-column elementor-element elementor-element-4158a3e\" data-eae-slider=\"81469\" data-id=\"4158a3e\" data-element_type=\"column\" data-e-type=\"column\">\n\t\t\t<div class=\"elementor-widget-wrap elementor-element-populated\">\n\t\t\t\t\t\t<div class=\"elementor-element elementor-element-7192cdd elementor-widget elementor-widget-text-editor\" data-id=\"7192cdd\" data-element_type=\"widget\" data-e-type=\"widget\" data-widget_type=\"text-editor.default\">\n\t\t\t\t<div class=\"elementor-widget-container\">\n\t\t\t\t\t\t\t\t\t<p align=\"JUSTIFY\">Srdan Golubovi\u0107, born in 1972 in Belgrade, graduated from the Faculty of Dramatic Arts in Belgrade. During his studies, he directed several short films, among which the most notable is \"Trojka,\" which won the Golden Medal of the City of Belgrade for Best Debut Film at the Belgrade Documentary and Short Film Festival in 1994. \"Trojka\" also participated in festivals in Tel Aviv, Birmingham, Lyon, and Chicago.<\/p><p align=\"JUSTIFY\">In 1995, he directed the third story in the omnibus film \"Paket aran\u017eman\" titled \"Herc minuta,\" a generational rock'n'roll film that was highly successful in domestic cinemas. At the film production company Ba\u0161-\u010celik, which he founded with a team of young authors, he directed music videos for famous local bands and singers, as well as highly acclaimed commercials and marketing campaigns.<\/p><p align=\"JUSTIFY\">In 2001, he directed his first feature film, \"Apsolutnih sto\" (Absolute Hundred), which participated in the main programs of over 30 international film festivals, including San Sebastian, Toronto, Thessaloniki, Cottbus, Rotterdam, Busan, Paris, Palm Springs, Trieste, and San Jose. The film won ten international and 19 domestic awards. Currently, he is preparing his second feature film, \"Klopka\" (The Trap), in a German-Hungarian co-production.<\/p><p align=\"JUSTIFY\">Golubovi\u0107 has received numerous international awards, including the Audience Award for Best Foreign Film at the Thessaloniki Film Festival, the Fipresci Prize at the Cottbus Festival, and awards at festivals in Paris, Pali\u0107, and several others. At domestic festivals, he has won awards at film festivals in Sopot, Herceg Novi, Vrnja\u010dka Banja, and Ni\u0161.<\/p>\t\t\t\t\t\t\t\t<\/div>\n\t\t\t\t<\/div>\n\t\t\t\t\t<\/div>\n\t\t<\/div>\n\t\t\t\t\t<\/div>\n\t\t<\/section>\n\t\t\t\t\t<\/div>\n\t\t<\/div>\n\t\t\t\t\t<\/div>\n\t\t<\/section>\n\t\t\t\t<\/div>","protected":false},"excerpt":{"rendered":"<p>Reditelj Srdan Golubovi\u0107 ro\u0111en je 1972. u Beogradu. Diplomirao je na Fakultetu dramskih umetnosti u Beogradu. Za vreme studija snimio je vi\u0161e kratkih igranih filmova, me\u0111u kojima je najpoznatiji kratki igrani film \u201eTrojka\u201c, koji je 1994. osvojio Zlatnu medalju grada Beograda za najbolji debitantski film na Festivalu dokumentarnog i kratkometra\u017enog filma u Beogradu. Film \u201eTrojka\u201c [&hellip;]<\/p>","protected":false},"author":1,"featured_media":9421,"parent":0,"menu_order":0,"comment_status":"closed","ping_status":"closed","template":"elementor_header_footer","meta":{"footnotes":""},"class_list":["post-9969","page","type-page","status-publish","has-post-thumbnail","hentry"],"yoast_head":"<!-- This site is optimized with the Yoast SEO plugin v26.9 - https:\/\/yoast.com\/product\/yoast-seo-wordpress\/ -->\n<title>Srdan Golubi\u0107 biografija - Proglas<\/title>\n<meta name=\"robots\" content=\"index, follow, max-snippet:-1, max-image-preview:large, max-video-preview:-1\" \/>\n<link rel=\"canonical\" href=\"https:\/\/proglas.co.rs\/en\/srdan-golubic-biografija\/\" \/>\n<meta property=\"og:locale\" content=\"en_US\" \/>\n<meta property=\"og:type\" content=\"article\" \/>\n<meta property=\"og:title\" content=\"Srdan Golubi\u0107 biografija - Proglas\" \/>\n<meta property=\"og:description\" content=\"Reditelj Srdan Golubovi\u0107 ro\u0111en je 1972. u Beogradu. Diplomirao je na Fakultetu dramskih umetnosti u Beogradu. Za vreme studija snimio je vi\u0161e kratkih igranih filmova, me\u0111u kojima je najpoznatiji kratki igrani film \u201eTrojka\u201c, koji je 1994. osvojio Zlatnu medalju grada Beograda za najbolji debitantski film na Festivalu dokumentarnog i kratkometra\u017enog filma u Beogradu. Film \u201eTrojka\u201c [&hellip;]\" \/>\n<meta property=\"og:url\" content=\"https:\/\/proglas.co.rs\/en\/srdan-golubic-biografija\/\" \/>\n<meta property=\"og:site_name\" content=\"Proglas\" \/>\n<meta property=\"article:publisher\" content=\"https:\/\/www.facebook.com\/pro.glas.rs?mibextid=9R9pXO\" \/>\n<meta property=\"article:modified_time\" content=\"2024-04-07T11:16:49+00:00\" \/>\n<meta property=\"og:image\" content=\"https:\/\/proglas.co.rs\/wp-content\/uploads\/2024\/03\/NEB09620.jpg\" \/>\n\t<meta property=\"og:image:width\" content=\"850\" \/>\n\t<meta property=\"og:image:height\" content=\"567\" \/>\n\t<meta property=\"og:image:type\" content=\"image\/jpeg\" \/>\n<meta name=\"twitter:card\" content=\"summary_large_image\" \/>\n<meta name=\"twitter:site\" content=\"@pro_glas_rs\" \/>\n<meta name=\"twitter:label1\" content=\"Est. reading time\" \/>\n\t<meta name=\"twitter:data1\" content=\"1 minute\" \/>\n<script type=\"application\/ld+json\" class=\"yoast-schema-graph\">{\"@context\":\"https:\/\/schema.org\",\"@graph\":[{\"@type\":\"WebPage\",\"@id\":\"https:\/\/proglas.co.rs\/srdan-golubic-biografija\/\",\"url\":\"https:\/\/proglas.co.rs\/srdan-golubic-biografija\/\",\"name\":\"Srdan Golubi\u0107 biografija - Proglas\",\"isPartOf\":{\"@id\":\"https:\/\/proglas.co.rs\/#website\"},\"primaryImageOfPage\":{\"@id\":\"https:\/\/proglas.co.rs\/srdan-golubic-biografija\/#primaryimage\"},\"image\":{\"@id\":\"https:\/\/proglas.co.rs\/srdan-golubic-biografija\/#primaryimage\"},\"thumbnailUrl\":\"https:\/\/proglas.co.rs\/wp-content\/uploads\/2024\/03\/NEB09620.jpg\",\"datePublished\":\"2024-04-07T11:15:56+00:00\",\"dateModified\":\"2024-04-07T11:16:49+00:00\",\"breadcrumb\":{\"@id\":\"https:\/\/proglas.co.rs\/srdan-golubic-biografija\/#breadcrumb\"},\"inLanguage\":\"en-US\",\"potentialAction\":[{\"@type\":\"ReadAction\",\"target\":[\"https:\/\/proglas.co.rs\/srdan-golubic-biografija\/\"]}]},{\"@type\":\"ImageObject\",\"inLanguage\":\"en-US\",\"@id\":\"https:\/\/proglas.co.rs\/srdan-golubic-biografija\/#primaryimage\",\"url\":\"https:\/\/proglas.co.rs\/wp-content\/uploads\/2024\/03\/NEB09620.jpg\",\"contentUrl\":\"https:\/\/proglas.co.rs\/wp-content\/uploads\/2024\/03\/NEB09620.jpg\",\"width\":850,\"height\":567},{\"@type\":\"BreadcrumbList\",\"@id\":\"https:\/\/proglas.co.rs\/srdan-golubic-biografija\/#breadcrumb\",\"itemListElement\":[{\"@type\":\"ListItem\",\"position\":1,\"name\":\"Po\u010detna\",\"item\":\"https:\/\/proglas.co.rs\/\"},{\"@type\":\"ListItem\",\"position\":2,\"name\":\"Srdan Golubi\u0107 biografija\"}]},{\"@type\":\"WebSite\",\"@id\":\"https:\/\/proglas.co.rs\/#website\",\"url\":\"https:\/\/proglas.co.rs\/\",\"name\":\"Proglas\",\"description\":\"\",\"publisher\":{\"@id\":\"https:\/\/proglas.co.rs\/#organization\"},\"potentialAction\":[{\"@type\":\"SearchAction\",\"target\":{\"@type\":\"EntryPoint\",\"urlTemplate\":\"https:\/\/proglas.co.rs\/?s={search_term_string}\"},\"query-input\":{\"@type\":\"PropertyValueSpecification\",\"valueRequired\":true,\"valueName\":\"search_term_string\"}}],\"inLanguage\":\"en-US\"},{\"@type\":\"Organization\",\"@id\":\"https:\/\/proglas.co.rs\/#organization\",\"name\":\"Proglas\",\"url\":\"https:\/\/proglas.co.rs\/\",\"logo\":{\"@type\":\"ImageObject\",\"inLanguage\":\"en-US\",\"@id\":\"https:\/\/proglas.co.rs\/#\/schema\/logo\/image\/\",\"url\":\"https:\/\/proglas.co.rs\/wp-content\/uploads\/2024\/03\/prolgas-logo-png.webp\",\"contentUrl\":\"https:\/\/proglas.co.rs\/wp-content\/uploads\/2024\/03\/prolgas-logo-png.webp\",\"width\":388,\"height\":110,\"caption\":\"Proglas\"},\"image\":{\"@id\":\"https:\/\/proglas.co.rs\/#\/schema\/logo\/image\/\"},\"sameAs\":[\"https:\/\/www.facebook.com\/pro.glas.rs?mibextid=9R9pXO\",\"https:\/\/x.com\/pro_glas_rs\",\"https:\/\/www.tiktok.com\/@pro_glas_rs?_t=8hC7kX6SLDi&_r=1\",\"https:\/\/www.youtube.com\/@pro_glas_rs\/\",\"https:\/\/instagram.com\/pro_glas_rs?igshid=djcxcGp2emdveDBm\"]}]}<\/script>\n<!-- \/ Yoast SEO plugin. -->","yoast_head_json":{"title":"Srdan Golubi\u0107 biografija - Proglas","robots":{"index":"index","follow":"follow","max-snippet":"max-snippet:-1","max-image-preview":"max-image-preview:large","max-video-preview":"max-video-preview:-1"},"canonical":"https:\/\/proglas.co.rs\/en\/srdan-golubic-biografija\/","og_locale":"en_US","og_type":"article","og_title":"Srdan Golubi\u0107 biografija - Proglas","og_description":"Reditelj Srdan Golubovi\u0107 ro\u0111en je 1972. u Beogradu. Diplomirao je na Fakultetu dramskih umetnosti u Beogradu. Za vreme studija snimio je vi\u0161e kratkih igranih filmova, me\u0111u kojima je najpoznatiji kratki igrani film \u201eTrojka\u201c, koji je 1994. osvojio Zlatnu medalju grada Beograda za najbolji debitantski film na Festivalu dokumentarnog i kratkometra\u017enog filma u Beogradu. Film \u201eTrojka\u201c [&hellip;]","og_url":"https:\/\/proglas.co.rs\/en\/srdan-golubic-biografija\/","og_site_name":"Proglas","article_publisher":"https:\/\/www.facebook.com\/pro.glas.rs?mibextid=9R9pXO","article_modified_time":"2024-04-07T11:16:49+00:00","og_image":[{"width":850,"height":567,"url":"https:\/\/proglas.co.rs\/wp-content\/uploads\/2024\/03\/NEB09620.jpg","type":"image\/jpeg"}],"twitter_card":"summary_large_image","twitter_site":"@pro_glas_rs","twitter_misc":{"Est. reading time":"1 minute"},"schema":{"@context":"https:\/\/schema.org","@graph":[{"@type":"WebPage","@id":"https:\/\/proglas.co.rs\/srdan-golubic-biografija\/","url":"https:\/\/proglas.co.rs\/srdan-golubic-biografija\/","name":"Srdan Golubi\u0107 biografija - Proglas","isPartOf":{"@id":"https:\/\/proglas.co.rs\/#website"},"primaryImageOfPage":{"@id":"https:\/\/proglas.co.rs\/srdan-golubic-biografija\/#primaryimage"},"image":{"@id":"https:\/\/proglas.co.rs\/srdan-golubic-biografija\/#primaryimage"},"thumbnailUrl":"https:\/\/proglas.co.rs\/wp-content\/uploads\/2024\/03\/NEB09620.jpg","datePublished":"2024-04-07T11:15:56+00:00","dateModified":"2024-04-07T11:16:49+00:00","breadcrumb":{"@id":"https:\/\/proglas.co.rs\/srdan-golubic-biografija\/#breadcrumb"},"inLanguage":"en-US","potentialAction":[{"@type":"ReadAction","target":["https:\/\/proglas.co.rs\/srdan-golubic-biografija\/"]}]},{"@type":"ImageObject","inLanguage":"en-US","@id":"https:\/\/proglas.co.rs\/srdan-golubic-biografija\/#primaryimage","url":"https:\/\/proglas.co.rs\/wp-content\/uploads\/2024\/03\/NEB09620.jpg","contentUrl":"https:\/\/proglas.co.rs\/wp-content\/uploads\/2024\/03\/NEB09620.jpg","width":850,"height":567},{"@type":"BreadcrumbList","@id":"https:\/\/proglas.co.rs\/srdan-golubic-biografija\/#breadcrumb","itemListElement":[{"@type":"ListItem","position":1,"name":"Po\u010detna","item":"https:\/\/proglas.co.rs\/"},{"@type":"ListItem","position":2,"name":"Srdan Golubi\u0107 biografija"}]},{"@type":"WebSite","@id":"https:\/\/proglas.co.rs\/#website","url":"https:\/\/proglas.co.rs\/","name":"Proglas","description":"","publisher":{"@id":"https:\/\/proglas.co.rs\/#organization"},"potentialAction":[{"@type":"SearchAction","target":{"@type":"EntryPoint","urlTemplate":"https:\/\/proglas.co.rs\/?s={search_term_string}"},"query-input":{"@type":"PropertyValueSpecification","valueRequired":true,"valueName":"search_term_string"}}],"inLanguage":"en-US"},{"@type":"Organization","@id":"https:\/\/proglas.co.rs\/#organization","name":"Proglas","url":"https:\/\/proglas.co.rs\/","logo":{"@type":"ImageObject","inLanguage":"en-US","@id":"https:\/\/proglas.co.rs\/#\/schema\/logo\/image\/","url":"https:\/\/proglas.co.rs\/wp-content\/uploads\/2024\/03\/prolgas-logo-png.webp","contentUrl":"https:\/\/proglas.co.rs\/wp-content\/uploads\/2024\/03\/prolgas-logo-png.webp","width":388,"height":110,"caption":"Proglas"},"image":{"@id":"https:\/\/proglas.co.rs\/#\/schema\/logo\/image\/"},"sameAs":["https:\/\/www.facebook.com\/pro.glas.rs?mibextid=9R9pXO","https:\/\/x.com\/pro_glas_rs","https:\/\/www.tiktok.com\/@pro_glas_rs?_t=8hC7kX6SLDi&_r=1","https:\/\/www.youtube.com\/@pro_glas_rs\/","https:\/\/instagram.com\/pro_glas_rs?igshid=djcxcGp2emdveDBm"]}]}},"_links":{"self":[{"href":"https:\/\/proglas.co.rs\/en\/wp-json\/wp\/v2\/pages\/9969","targetHints":{"allow":["GET"]}}],"collection":[{"href":"https:\/\/proglas.co.rs\/en\/wp-json\/wp\/v2\/pages"}],"about":[{"href":"https:\/\/proglas.co.rs\/en\/wp-json\/wp\/v2\/types\/page"}],"author":[{"embeddable":true,"href":"https:\/\/proglas.co.rs\/en\/wp-json\/wp\/v2\/users\/1"}],"replies":[{"embeddable":true,"href":"https:\/\/proglas.co.rs\/en\/wp-json\/wp\/v2\/comments?post=9969"}],"version-history":[{"count":4,"href":"https:\/\/proglas.co.rs\/en\/wp-json\/wp\/v2\/pages\/9969\/revisions"}],"predecessor-version":[{"id":9973,"href":"https:\/\/proglas.co.rs\/en\/wp-json\/wp\/v2\/pages\/9969\/revisions\/9973"}],"wp:featuredmedia":[{"embeddable":true,"href":"https:\/\/proglas.co.rs\/en\/wp-json\/wp\/v2\/media\/9421"}],"wp:attachment":[{"href":"https:\/\/proglas.co.rs\/en\/wp-json\/wp\/v2\/media?parent=9969"}],"curies":[{"name":"wp","href":"https:\/\/api.w.org\/{rel}","templated":true}]}}